{"id":25883,"date":"2024-06-20T16:38:03","date_gmt":"2024-06-20T13:38:03","guid":{"rendered":"https:\/\/www.oktowallet.eu\/?page_id=25883"},"modified":"2024-06-20T16:59:28","modified_gmt":"2024-06-20T13:59:28","slug":"termeni-si-conditii-tragere-la-sorti-sustinuta-de-okto-2","status":"publish","type":"page","link":"https:\/\/www.oktowallet.eu\/ro\/termeni-si-conditii-tragere-la-sorti-sustinuta-de-okto-2\/","title":{"rendered":"TERMENI \u0218I CONDI\u021aII &#8222;Tragere la Sor\u021bi sus\u021binut\u0103 de OKTO&#8221;"},"content":{"rendered":"<p><strong>TERMENI \u0218I CONDI\u021aII<\/strong><\/p>\n<p><strong>&#8222;Tragere la Sor\u021bi sus\u021binut\u0103 de OKTO&#8221;<\/strong><\/p>\n<ol>\n<li>Prin participarea la aceast\u0103 Tragere la Sor\u021bi, indica\u021bi acordul dumneavoastr\u0103 de a respecta ace\u0219ti Termeni \u0219i Condi\u021bii. Sunte\u021bi sf\u0103tuit s\u0103 citi\u021bi cu aten\u021bie termenii \u0219i condi\u021biile de mai jos \u0219i, dac\u0103 nu sunte\u021bi de acord cu acestea, v\u0103 rug\u0103m s\u0103 nu participa\u021bi la Tragerea la Sor\u021bi.<\/li>\n<li>Ace\u0219ti Termeni \u0219i Condi\u021bii sunt supu\u0219i Termenilor \u0219i Condi\u021biilor Consumatorului OKTO, pentru OKTO.CASH<span style=\"color: #0000ff;\"> <a style=\"color: #0000ff;\" href=\"https:\/\/oktocash.eu\/ro\/termenii-de-utilizare-a-serviciului\/\">aici<\/a><\/span>, pentru OKTO.WALLET <span style=\"color: #0000ff;\"><a style=\"color: #0000ff;\" href=\"https:\/\/www.oktowallet.eu\/ro\/consumer-terms-and-conditions\/\">aici<\/a> <\/span>\u0219i <span style=\"color: #0000ff;\"><a style=\"color: #0000ff;\" href=\"https:\/\/www.oktowallet.eu\/ro\/politica-de-confidentialitate-okto\/\">Politicii de Confiden\u021bialitate OKTO<\/a> <\/span>prezentate pe site-ul OKTO (www.oktowallet.com).<\/li>\n<li>V\u0103 pute\u021bi retrage din Tragerea la Sor\u021bi oric\u00e2nd dori\u021bi. V\u0103 rug\u0103m s\u0103 trimite\u021bi solicitarea dvs. la urm\u0103toarea adres\u0103 de e-mail: support@oktopayments.com, iar agentul de suport relevant va procesa solicitarea \u0219i v\u0103 va informa \u00een consecin\u021b\u0103.<\/li>\n<li>Tragerea la Sor\u021bi este oferit\u0103 exclusiv utilizatorilor OKTO.CASH \/ utilizatorilor OKTO.WALLET ai aplica\u021biei OKTO. OKTO.CASH &amp; OKTO.WALLET sunt oferite pe teritoriul Rom\u00e2niei prin intermediul operatorilor cu prezen\u021b\u0103 online sau fizic\u0103. Pentru desf\u0103\u0219urarea acestei Trageri la Sor\u021bi va fi utilizat orice operator online sau agen\u021bie care are disponibile oricare dintre cele dou\u0103 servicii.<\/li>\n<li>Participarea la aceast\u0103 Tragere la Sor\u021bi este gratuit\u0103. Mai multe informa\u021bii referitoare la eligibilitate \u0219i participare sunt disponibile mai jos.<\/li>\n<\/ol>\n<p>&nbsp;<\/p>\n<ol start=\"6\">\n<li><strong><u>Eligibilitate \u0219i Participare<\/u><\/strong><\/li>\n<\/ol>\n<p>Participarea la Tragerea la Sor\u021bi este permis\u0103 oric\u0103rei persoane fizice cu v\u00e2rsta de peste 18 ani care locuie\u0219te pe teritoriul Rom\u00e2niei.<\/p>\n<p>Aceast\u0103 Tragere la Sor\u021bi este deschis\u0103 tuturor utilizatorilor OKTO.CASH &amp; OKTO.WALLET, fie noi, fie existen\u021bi, care vor efectua orice tranzac\u021bie [depunere cu OKTO.CASH la un operator online, depunere sau retragere folosind OKTO.WALLET la un operator online] de cel pu\u021bin un EUR (1\u20ac) la operatori online sau agen\u021bii pe durata Tragerii la Sor\u021bi, \u00een conformitate cu Termenii \u0219i Condi\u021biile Consumatorului OKTO prezentate pe site-urile OKTO. (Pentru OKTO.CASH <span style=\"color: #0000ff;\"><a style=\"color: #0000ff;\" href=\"https:\/\/oktocash.eu\/ro\/termenii-de-utilizare-a-serviciului\/\">aici<\/a><\/span>, pentru OKTO.WALLET<span style=\"color: #0000ff;\"> <a style=\"color: #0000ff;\" href=\"https:\/\/www.oktowallet.eu\/ro\/consumer-terms-and-conditions\/\">aici<\/a><\/span>)<\/p>\n<p>Utilizatorii pot efectua oric\u00e2te tranzac\u021bii doresc pentru a-\u0219i cre\u0219te \u0219ansele de participare la Tragerea la Sor\u021bi.<\/p>\n<p>&nbsp;<\/p>\n<ul>\n<li><strong>Pa\u0219i pentru participarea cu OKTO.CASH<\/strong><\/li>\n<\/ul>\n<p>&nbsp;<\/p>\n<ol>\n<li>Selecta\u021bi OKTO.CASH ca metod\u0103 de depunere la orice operator online care are metoda disponibil\u0103.<\/li>\n<\/ol>\n<ul>\n<li><strong>Pa\u0219i pentru participarea cu OKTO.WALLET<\/strong><\/li>\n<\/ul>\n<p>&nbsp;<\/p>\n<ol>\n<li>Selecta\u021bi OKTO.WALLET ca metod\u0103 de depunere sau retragere la orice operator online sau agen\u021bie care are metoda disponibil\u0103.<\/li>\n<li>Pentru a utiliza OKTO.WALLET, trebuie s\u0103 desc\u0103rca\u021bi aplica\u021bia OKTO \u0219i s\u0103 v\u0103 \u00eenregistra\u021bi.<\/li>\n<\/ol>\n<p>OKTO poate descalifica orice participant a c\u0103rui \u00eenscriere nu respect\u0103 ace\u0219ti Termeni \u0219i Condi\u021bii (la discre\u021bia OKTO) sau care, la determinarea unic\u0103 a OKTO, a ac\u021bionat \u00eentr-un mod fraudulos, necinstit, nedrept fa\u021b\u0103 de al\u021bi participan\u021bi sau a \u00eenc\u0103lcat termenii \u0219i condi\u021biile.<\/p>\n<p><u>\u00a0<\/u><\/p>\n<ol start=\"7\">\n<li><strong><u>Durat\u0103<\/u><\/strong><\/li>\n<\/ol>\n<p>Participarea la aceast\u0103 Tragere la Sor\u021bi este disponibil\u0103 de mar\u021bi, 25 iunie 2024 (00.00h UTC +1) (\u201eData de \u00eenceput\u201d) p\u00e2n\u0103 duminic\u0103, 14 iulie 2024 (23.59 UTC +1) (\u201eData de \u00eenchidere\u201d). \u00censcrierile primite \u00een afara acestei perioade nu vor fi considerate valabile.<\/p>\n<p>&nbsp;<\/p>\n<ol start=\"8\">\n<li><strong><u>Restric\u021bii<\/u><\/strong><\/li>\n<\/ol>\n<p>OKTO \u00ee\u0219i rezerv\u0103 dreptul, la discre\u021bia sa exclusiv\u0103, de a refuza \u00eenregistrarea oric\u0103rei particip\u0103ri la Tragerea la Sor\u021bi \u0219i\/sau de a descalifica orice participant la Tragerea la Sor\u021bi \u00een cazul manipul\u0103rii sau \u00eencerc\u0103rii de a manipula buna func\u021bionare a Tragerii la Sor\u021bi (\u201eAbuz al Tragerii la Sor\u021bi\u201d).<\/p>\n<p>Un Abuz al Tragerii la Sor\u021bi include, dar nu se limiteaz\u0103 la:<\/p>\n<ol>\n<li>\u00eenc\u0103lcarea acestor Termeni \u0219i Condi\u021bii ale Tragerii la Sor\u021bi \u0219i\/sau a oric\u0103ror Termeni \u0219i Condi\u021bii ale Consumatorului OKTO prezentate pe site-urile OKTO; Pentru OKTO.CASH <a href=\"https:\/\/oktocash.eu\/ro\/termenii-de-utilizare-a-serviciului\/\">aici<\/a>, pentru OKTO.WALLET <a href=\"https:\/\/www.oktowallet.eu\/ro\/consumer-terms-and-conditions\/\">aici<\/a>.<\/li>\n<\/ol>\n<p>\u00cen cazul \u00een care exist\u0103 o suspiciune rezonabil\u0103 c\u0103 Utilizatorul a comis sau a \u00eencercat s\u0103 comit\u0103 un Abuz al Tragerii la Sor\u021bi, fie pe cont propriu, fie ca parte a unui grup, OKTO \u00ee\u0219i rezerv\u0103 dreptul de a (cumulativ sau selectiv):<\/p>\n<ol>\n<li>revoca, refuza sau retrage participarea Utilizatorului din Tragerea la Sor\u021bi;<\/li>\n<li>exclude Utilizatorul de la orice ofert\u0103 promo\u021bional\u0103 viitoare;<\/li>\n<\/ol>\n<p>&nbsp;<\/p>\n<ol start=\"9\">\n<li><strong><u>C\u00e2\u0219tig\u0103tori \u0219i Premii<\/u><\/strong><\/li>\n<\/ol>\n<p>Trei c\u00e2\u0219tig\u0103tori vor fi ale\u0219i printr-o tragere la sor\u021bi aleatorie a \u00eenscrierilor eligibile primite \u00een conformitate cu ace\u0219ti Termeni \u0219i Condi\u021bii. Tragerea la sor\u021bi va avea loc online pe 19 iulie 2024.<\/p>\n<p>C\u00e2\u0219tig\u0103torii desemna\u021bi vor primi urm\u0103toarele premii:<\/p>\n<p>Locul 1: Un iPhone 15 (128GB)<\/p>\n<p>Locul al 2-lea: Un card cadou pentru articole sportive \u00een valoare de 1000 RON<\/p>\n<p>Locul al 3-lea: Un Sony PlayStation 5 Digital Edition<\/p>\n<p>Premiile sunt neschimbabile, netransferabile \u0219i nu pot fi r\u0103scump\u0103rate pentru numerar sau alte premii. OKTO nu \u00ee\u0219i asum\u0103 responsabilitatea pentru cardurile cadou pierdute \u2013 nu pot fi emise \u00eenlocuiri.<\/p>\n<p>OKTO \u00ee\u0219i rezerv\u0103 dreptul de a \u00eenlocui premiul cu un alt premiu de valoare egal\u0103 sau mai mare, dac\u0103 circumstan\u021bele dincolo de controlul OKTO fac necesar acest lucru.<\/p>\n<p>Decizia OKTO privind orice aspect al Tragerii la Sor\u021bi este final\u0103 \u0219i obligatorie, \u0219i nu se va purta coresponden\u021b\u0103 pe aceast\u0103 tem\u0103.<\/p>\n<p>OKTO nu face nicio declara\u021bie sau garan\u021bie \u00een leg\u0103tur\u0103 cu premiul oferit \u0219i, \u00een m\u0103sura maxim\u0103 permis\u0103 de lege, OKTO nu va avea nicio r\u0103spundere \u00een leg\u0103tur\u0103 cu premiul, adecvarea acestuia pentru scop, comercializare sau altfel.<\/p>\n<p>&nbsp;<\/p>\n<ol start=\"10\">\n<li><strong><u>Anun\u021barea c\u00e2\u0219tig\u0103torilor<\/u><\/strong><\/li>\n<\/ol>\n<p>C\u00e2\u0219tig\u0103torii desemna\u021bi vor fi notifica\u021bi \u00een termen de dou\u0103zeci (20) de zile dup\u0103 Data de \u00cenchidere prin e-mail.<\/p>\n<p>OKTO poate solicita c\u00e2\u0219tig\u0103torilor s\u0103 participe la orice publicitate sau promovare organizat\u0103 de OKTO pe re\u021belele sociale OKTO (Facebook, Instagram), inclusiv fotografii promo\u021bionale. C\u00e2\u0219tig\u0103torii pot alege s\u0103 participe la publicitatea sau promovarea organizat\u0103 de OKTO la propria lor discre\u021bie.<\/p>\n<p>\u00cen cazul \u00een care c\u00e2\u0219tig\u0103torul nu r\u0103spunde la comunicarea prin e-mail a OKTO \u00een termen de o (1) lun\u0103 de la data comunic\u0103rii ini\u021biale, OKTO \u00ee\u0219i rezerv\u0103 dreptul de a efectua o nou\u0103 extragere virtual\u0103. Acela\u0219i proces va fi urmat pentru a contacta c\u00e2\u0219tig\u0103torul nou selectat. Acest proces va fi repetat p\u00e2n\u0103 c\u00e2nd un c\u00e2\u0219tig\u0103tor r\u0103spunde la comunicarea OKTO \u0219i revendic\u0103 premiul.<\/p>\n<p>&nbsp;<\/p>\n<ol start=\"11\">\n<li><strong><u>Primirea premiului<\/u><\/strong><\/li>\n<\/ol>\n<p>V\u0103 rug\u0103m s\u0103 permite\u021bi paisprezece (14) zile pentru livrarea premiului sau aranjamente alternative de colectare sau livrare pot fi f\u0103cute prin acord mutual.<\/p>\n<p>&nbsp;<\/p>\n<ol start=\"12\">\n<li><strong><u>Limitarea R\u0103spunderii<\/u><\/strong><\/li>\n<\/ol>\n<p>OKTO nu accept\u0103 nicio responsabilitate pentru orice daun\u0103, pierdere, r\u0103spundere, v\u0103t\u0103mare sau dezam\u0103gire (inclusiv, dar f\u0103r\u0103 a se limita la, orice pierdere de profit, pierdere de venit, pierdere de bun\u0103voin\u021b\u0103) suportate sau suferite de orice participant care apar din sau \u00een leg\u0103tur\u0103 cu Tragerea la Sor\u021bi sau ca rezultat al particip\u0103rii la Tragerea la Sor\u021bi, c\u00e2\u0219tig\u0103rii Tragerii la Sor\u021bi sau utiliz\u0103rii premiului, cu excep\u021bia cazului \u00een care OKTO nu \u00ee\u0219i exclude r\u0103spunderea pentru deces sau v\u0103t\u0103mare personal\u0103 ca urmare a propriei sale neglijen\u021be.<\/p>\n<p>Dac\u0103 un act, omisiune, eveniment sau circumstan\u021b\u0103 are loc, care este dincolo de controlul rezonabil al OKTO \u0219i care \u00eempiedic\u0103 OKTO s\u0103 respecte ace\u0219ti Termeni \u0219i Condi\u021bii, OKTO nu va fi r\u0103spunz\u0103tor pentru nicio ne\u00eendeplinire sau \u00eent\u00e2rziere \u00een \u00eendeplinirea obliga\u021biilor sale.<\/p>\n<p>OKTO nu va fi r\u0103spunz\u0103tor pentru ac\u021biuni ale ter\u021bilor ce v-ar putea \u00eempiedica s\u0103 r\u0103scump\u0103ra\u021bi premiul dvs. sau pentru orice denaturare sau alte daune cauzate de orice ter\u021b\u0103 parte care apar din sau \u00een leg\u0103tur\u0103 cu r\u0103scump\u0103rarea sau utilizarea premiului dvs.<\/p>\n<p>&nbsp;<\/p>\n<ol start=\"13\">\n<li><strong><u>Protec\u021bia Datelor<\/u><\/strong><\/li>\n<\/ol>\n<p>OKTO va folosi orice informa\u021bii personale furnizate de participan\u021bi prin \u00eenscrierea la aceast\u0103 Tragere la Sor\u021bi a\u0219a cum este descris \u00een <span style=\"color: #0000ff;\"><a style=\"color: #0000ff;\" href=\"https:\/\/www.oktowallet.eu\/ro\/politica-de-confidentialitate-okto\/\">Politica de Confiden\u021bialitate OKTO<\/a><\/span> care poate fi g\u0103sit\u0103 pe site-ul OKTO.<\/p>\n<p>Prin \u00eenscrierea la Tragerea la Sor\u021bi, consim\u021bi\u021bi \u0219i sunte\u021bi de acord cu colectarea, re\u021binerea, stocarea \u0219i utilizarea informa\u021biilor dvs. personale pentru a procesa \u0219i a v\u0103 contacta \u00een leg\u0103tur\u0103 cu \u00eenscrierea dvs. la Tragerea la Sor\u021bi. Dac\u0103 a\u021bi oferit consim\u021b\u0103m\u00e2nt pe pagina de \u00eenregistrare, datele dvs. personale vor fi, de asemenea, utilizate pentru activit\u0103\u021bi de marketing.<\/p>\n<p>&nbsp;<\/p>\n<ol start=\"14\">\n<li><strong><u>Generalit\u0103\u021bi<\/u><\/strong><\/li>\n<\/ol>\n<p>OKTO \u00ee\u0219i rezerv\u0103 dreptul de a anula, retrage, termina sau suspenda temporar aceast\u0103 Tragere la Sor\u021bi sau de a modifica ace\u0219ti Termeni \u0219i Condi\u021bii \u00een orice moment, \u00een caz de circumstan\u021be inevitabile dincolo de controlul OKTO care fac necesar acest lucru \u0219i \u00een m\u0103sura \u00een care acest lucru nu ar fi nedrept sau nu ar dezavantaja pe cei care au dorit s\u0103 participe \u00een termenii originali. Participan\u021bii pot fi notifica\u021bi prin e-mail.<\/p>\n<p>\u00cen cazurile de mai sus, OKTO nu are nicio responsabilitate fa\u021b\u0103 de participan\u021bi \u0219i participan\u021bii nu pot solicita finalizarea sau continuarea Tragerii la Sor\u021bi \u0219i\/sau s\u0103 revendice daune.<\/p>\n<p>Dac\u0103 oricare dintre cazurile de mai sus apare, orice participant care dore\u0219te s\u0103 se retrag\u0103 din Tragerea la Sor\u021bi va trimite un e-mail la support@oktopayments.com, declar\u00e2nd explicit c\u0103 dore\u0219te s\u0103 se retrag\u0103 din participare. Dac\u0103 utilizatorii nu se retrag din participare urm\u00e2nd procedura de mai sus, participarea lor la Tragerea la Sor\u021bi va fi considerat\u0103 valabil\u0103 \u0219i va implica faptul c\u0103 ace\u0219tia accept\u0103 tacit \u0219i necondi\u021bionat Termenii \u0219i Condi\u021biile Tragerii la Sor\u021bi, a\u0219a cum sunt acestea modificate.<\/p>\n<p>Dac\u0103 oricare dintre aceste clauze este considerat\u0103 ilegal\u0103, invalid\u0103 sau altfel inaplicabil\u0103, aceasta va fi separat\u0103 \u0219i eliminat\u0103 din ace\u0219ti Termeni \u0219i Condi\u021bii, iar clauzele r\u0103mase vor supravie\u021bui \u0219i vor r\u0103m\u00e2ne \u00een vigoare cu efecte depline.<\/p>\n<p>Tragerea la Sor\u021bi \u0219i ace\u0219ti termeni \u0219i condi\u021bii vor fi guverna\u021bi \u0219i interpreta\u021bi \u00een conformitate cu legile Rom\u00e2niei, iar orice dispute vor fi supuse jurisdic\u021biei exclusive a Instan\u021belor din Rom\u00e2nia.<\/p>\n","protected":false},"excerpt":{"rendered":"<p>TERMENI \u0218I CONDI\u021aII &#8222;Tragere la Sor\u021bi sus\u021binut\u0103 de OKTO&#8221; Prin participarea la aceast\u0103 Tragere la Sor\u021bi, indica\u021bi acordul dumneavoastr\u0103 de a respecta ace\u0219ti Termeni \u0219i Condi\u021bii. Sunte\u021bi sf\u0103tuit s\u0103 citi\u021bi cu aten\u021bie termenii \u0219i condi\u021biile de mai jos \u0219i, dac\u0103 nu sunte\u021bi de acord cu acestea, v\u0103 rug\u0103m s\u0103 nu participa\u021bi la Tragerea la Sor\u021bi. [&hellip;]<\/p>\n","protected":false},"author":2,"featured_media":0,"parent":0,"menu_order":0,"comment_status":"closed","ping_status":"closed","template":"","meta":{"_acf_changed":false},"class_list":["post-25883","page","type-page","status-publish","hentry"],"acf":[],"_links":{"self":[{"href":"https:\/\/www.oktowallet.eu\/ro\/wp-json\/wp\/v2\/pages\/25883","targetHints":{"allow":["GET"]}}],"collection":[{"href":"https:\/\/www.oktowallet.eu\/ro\/wp-json\/wp\/v2\/pages"}],"about":[{"href":"https:\/\/www.oktowallet.eu\/ro\/wp-json\/wp\/v2\/types\/page"}],"author":[{"embeddable":true,"href":"https:\/\/www.oktowallet.eu\/ro\/wp-json\/wp\/v2\/users\/2"}],"replies":[{"embeddable":true,"href":"https:\/\/www.oktowallet.eu\/ro\/wp-json\/wp\/v2\/comments?post=25883"}],"version-history":[{"count":0,"href":"https:\/\/www.oktowallet.eu\/ro\/wp-json\/wp\/v2\/pages\/25883\/revisions"}],"wp:attachment":[{"href":"https:\/\/www.oktowallet.eu\/ro\/wp-json\/wp\/v2\/media?parent=25883"}],"curies":[{"name":"wp","href":"https:\/\/api.w.org\/{rel}","templated":true}]}}