{"id":22858,"date":"2022-03-17T18:19:17","date_gmt":"2022-03-17T16:19:17","guid":{"rendered":"http:\/\/www.oktowallet.eu\/cookies-policy\/"},"modified":"2022-06-20T18:06:54","modified_gmt":"2022-06-20T15:06:54","slug":"cookies-policy","status":"publish","type":"page","link":"https:\/\/www.oktowallet.eu\/ro\/cookies-policy\/","title":{"rendered":"MODULELE COOKIE"},"content":{"rendered":"<p style=\"text-align: center;\"><strong>POLITICA OKTO PRIVIND<\/strong><br \/>\n<strong>MODULELE COOKIE<\/strong><\/p>\n<p><strong>De ce ar trebui s\u0103 citi\u021bi aceast\u0103 politic\u0103 privind modulele cookie?<\/strong><\/p>\n<p>Prezenta Politic\u0103 privind modulele cookie explic\u0103 modul \u00een care OKTO (\u201enoi\u201d, \u201epe noi\u201d, \u201eal nostru\u201d) utilizeaz\u0103 modulele cookie, semnalizatoarele web, pixelii de urm\u0103rire, gif-urile transparente \u0219i alte tehnologii similare de urm\u0103rire (\u00eempreun\u0103 \u201cModulele cookie\u201d) c\u00e2nd vizita\u021bi site-urile web de\u021binute \u021bi\/sau operate de OKTO care au leg\u0103tur\u0103 cu prezenta Politic\u0103 privind modulele cookie (\u00eempreun\u0103 \u201cSite-urile web\u201d). Explic\u0103 ce sunt aceste tehnologii \u0219i de ce le folosim, precum \u0219i modul \u00een care pute\u021bi controla felul \u00een care le utiliz\u0103m.<\/p>\n<p>Politica privind modulele cookie face parte din Politica noastr\u0103 privind confiden\u021bialitatea care prevede modul \u00een care colect\u0103m, stoc\u0103m, utiliz\u0103m \u0219i partaj\u0103m datele cu caracter personal \u00een general, precum \u0219i drepturile dvs. \u00een leg\u0103tur\u0103 cu datele dvs. cu caracter personal. V\u0103 rug\u0103m s\u0103 citi\u021bi <span style=\"color: #0000ff;\"><a style=\"color: #0000ff;\" href=\"http:\/\/www.oktowallet.eu\/ro\/politica-de-confidentialitate-okto\/\">Politica noastr\u0103 privind confiden\u021bialitatea<\/a><\/span> pentru informa\u021bii suplimentare.<\/p>\n<p>Utiliz\u00e2nd site-urile web, sunte\u021bi de acord c\u0103 noi putem seta module cookie strict necesare (descrise mai jos) pe computerul dvs. sau alt dispozitiv pentru operarea \u0219i administrarea site-urilor web. Mai mult, atunci c\u00e2nd ne acorda\u021bi permisiunea, este posibil s\u0103 set\u0103m \u0219i anumite module cookie care nu sunt strict necesare (descrise mai jos).<\/p>\n<p><strong>Ce sunt modulele cookie?<\/strong><\/p>\n<p>Un modul cookie este un fi\u0219ier de mici dimensiuni (fi\u0219iere text) pe care site-urile web le plaseaz\u0103 \u0219i le stocheaz\u0103 pe computerul dvs., telefonul mobil sau alt dispozitiv care poate accesa internetul c\u00e2nd vizita\u021bi un site web. Data urm\u0103toare c\u00e2nd vizita\u021bi un site web, modulele cookie permit site-ului respectiv s\u0103 v\u0103 recunoasc\u0103 browserul. Modulele cookie pot stoca preferin\u021bele utilizatorului \u0219i pot fi folosite, de asemenea, pentru colectarea de statistici despre modul de utilizare a site-ului web de c\u0103tre utilizatori sau pentru a garanta c\u0103 anumite elemente grafice sunt afi\u0219ate \u0219i toate func\u021biile site-ului web func\u021bioneaz\u0103 corect. Pentru mai multe informa\u021bii generale despre modulele cookie, consulta\u021bi articolul Wikipedia despre modulele cookie HTTP.<\/p>\n<p><strong>Pentru ce folose\u0219te OKTO modulele cookie?<\/strong><\/p>\n<p>Utiliz\u0103m module cookie pentru o multitudine de motive. Unele module cookie sunt necesare din motive tehnice pentru func\u021bionarea site-ului nostru web, iar noi numim aceste module cookie ca fiind \u201estrict necesare\u201d. Alte module cookie ne ajut\u0103 s\u0103 v\u0103 oferim site-uri web \u00eembun\u0103t\u0103\u021bite permi\u021b\u00e2ndu-ne s\u0103 monitoriz\u0103m paginile web pe care le considera\u021bi utile \u0219i s\u0103 personaliz\u0103m site-urile noastre web conform nevoilor dvs. prin colectarea \u0219i memorarea de informa\u021bii despre preferin\u021bele dvs. De asemenea, putem folosi modulele cookie ca s\u0103 adun\u0103m statistici \u0219i m\u0103sur\u0103tori ale audien\u021bei privind utilizarea site-ului nostru web \u0219i s\u0103 gestion\u0103m securitatea serviciilor noastre prin detectarea\/monitorizarea oric\u0103rei ac\u021biuni r\u0103u-inten\u021bionate, acces neautorizat la computerul dvs. sau \u00eenc\u0103lc\u0103ri a condi\u021biilor generale de utilizare.<\/p>\n<p><strong>Ce tipuri de module cookie folosim?<\/strong><\/p>\n<p><strong>1. Module cookie strict necesare<\/strong><br \/>\nAceste module cookie sunt necesare pentru a asigura func\u021bionarea adecvat\u0103 a site-urilor web. De obicei, acestea sunt setate doar ca r\u0103spuns la ac\u021biunile \u00eentreprinde se dvs., precum setarea preferin\u021belor de confiden\u021bialitate. Informa\u021biile colectate cu ajutorul acestor module cookie nu sunt folosite \u00een scopuri de marketing. Deoarece aceste module cookie sunt necesare pentru func\u021bionarea site-urilor noastre web, nu pot fi dezactivate. Pute\u021bi seta browserul s\u0103 blocheze sau s\u0103 v\u0103 avertizeze despre aceste module cookie (pentru informa\u021bii suplimentare, citi\u021bi \u201eControlul sau \u0219tergerea modulelor cookie\u201d de mai jos).<\/p>\n<p><strong>2. Module cookie de performan\u021b\u0103\/analiz\u0103<\/strong><br \/>\nFolosim module cookie pentru a monitoriza modul \u00een care folosi\u021bi site-urile web \u00een timpul vizitei, f\u0103r\u0103 a colecta informa\u021bii cu caracter personal despre dvs., pentru a v\u0103 furniza o experien\u021b\u0103 utilizator \u00eembun\u0103t\u0103\u021bit\u0103 \u0219i pentru a \u00eentre\u021bine, opera \u0219i \u00eembun\u0103t\u0103\u021bi continuu site-urile web. \u00cen mod obi\u0219nuit, aceste informa\u021bii sunt anonime \u0219i agregate \u00eempreun\u0103 cu informa\u021biile tuturor utilizatorilor site-ului pentru a ajuta companiile s\u0103 \u00een\u021beleag\u0103 modelele de utilizare, s\u0103 identifice \u0219i s\u0103 diagnosticheze problemele sau erorile cu care se pot confrunta utilizatorii \u0219i pentru a lua decizii strategice \u00eembun\u0103t\u0103\u021bite \u00een vederea \u00eembun\u0103t\u0103\u021birii experien\u021bei de utilizare a site-ului web per ansamblu. Aceste module cookie pot fi setate de site-ul web pe care-l vizita\u021bi (prima parte) sau de furnizorii de servicii ter\u021bi.<\/p>\n<p><strong>3. Module cookie de marketing<\/strong><br \/>\nFolosim module cookie de marketing care ne permit s\u0103 transmitem mesaje publicitare vizitatorilor pe site-urile web ter\u021be \u021bi s\u0103 m\u0103sur\u0103m eficien\u021ba ini\u021biativelor noastre de marketing.<\/p>\n<p><strong>Modulele cookie setate de furnizorii no\u0219tri de servicii ter\u021bi:<\/strong><br \/>\n1. Folosim Google Analytics. Google Analytics adun\u0103 informa\u021bii despre utilizarea site-urilor web cu ajutorul modulelor cookie. Pute\u021bi afla mai multe despre utilizarea de c\u0103tre Google a informa\u021biilor vizit\u00e2nd <a href=\"https:\/\/www.google.com\/policies\/privacy\/partners\/\"><span style=\"color: #0000ff;\">https:\/\/www.google.com\/policies\/privacy\/partners\/<\/span><\/a> \u0219i pute\u021bi consulta politica de confiden\u021bialitate Google pe <a href=\"https:\/\/policies.google.com\/privacy\"><span style=\"color: #0000ff;\">https:\/\/policies.google.com\/privacy<\/span><\/a>.<\/p>\n<p>2. Pentru a v\u0103 determina interesele, Google \u0219i Google AdSense folosesc module cookie pe site-urile noastre web. Aceste module cookie sunt utilizate pentru a v\u0103 monitoriza vizitele anterioare pe site-urile noastre web \u0219i vizitele dvs. pe alte site-uri web. Pute\u021bi consulta politica de confiden\u021bialitate Google pe <a href=\"https:\/\/policies.google.com\/privacy\"><span style=\"color: #0000ff;\">https:\/\/policies.google.com\/privacy<\/span><\/a>.<\/p>\n<p>3. De asemenea, folosim module cookie Facebook \u0219i LinkedIn pe site-urile noastre web, prin intermediul c\u0103rora Facebook \u0219i LinkedIn adun\u0103 informa\u021bii despre utilizatori \u0219i utilizarea site-ului. Informa\u021biile sunt folosite pentru a personaliza reclamele Facebook \u0219i\/sau Linkedin \u0219i pentru a analiza utilizarea site-urilor noastre web. Pentru a afla mai multe despre modulele cookie Facebook \u0219i LinkedIn, consulta\u021bi politica de confiden\u021bialitate Facebook pe <a href=\"https:\/\/www.facebook.com\/about\/privacy\"><span style=\"color: #0000ff;\">https:\/\/www.facebook.com\/about\/privacy<\/span><\/a> \u0219i politica de confiden\u021bialitate LinkedIn pe <a href=\"https:\/\/www.linkedin.com\/legal\/privacy-polic\"><span style=\"color: #0000ff;\">https:\/\/www.linkedin.com\/legal\/privacy-polic<\/span><\/a>y.<\/p>\n<p>4. Utiliz\u0103m modulele cookie Hotjar pe site-ul nostru web pentru a v\u0103 \u00een\u021belege comportamentul \u00een timp ce ne vizita\u021bi site-urile web. Politica de confiden\u021bialitate Hotjar explic\u0103 mai multe despre modul \u00een care modulele cookie sunt colectate \u0219i stocate pe <span style=\"color: #0000ff;\"><a style=\"color: #0000ff;\" href=\"https:\/\/www.hotjar.com\/privacy\/\">https:\/\/www.hotjar.com\/privacy\/<\/a><\/span>.<\/p>\n<p><strong>Cum s\u0103 controla\u021bi sau s\u0103 \u0219terge\u021bi modulele cookie?<\/strong><\/p>\n<p><strong>1. Preferin\u021be privind modulele cookie<\/strong><br \/>\nPute\u021bi alege s\u0103 accepta\u021bi sau s\u0103 respinge\u021bi modulele cookie diferite de cele strict necesare. V\u0103 pute\u021bi exercita preferin\u021bele privind modulele cookie f\u0103c\u00e2nd clic pe Set\u0103ri module cookie din bannerul nostru dedicat modulelor cookie.<\/p>\n<p><strong>2. Comenzi din browser:<\/strong><\/p>\n<p>Pute\u021bi modifica set\u0103rile browserului pentru a \u0219terge modulele cookie care au fost setate deja \u0219i a nu accepta module cookie. Pentru a afla mai multe despre cum s\u0103 face\u021bi acest lucru, vizita\u021bi paginile de ajutor ale browserului dvs.:<\/p>\n<p>o Chrome (<span style=\"color: #0000ff;\"><a style=\"color: #0000ff;\" href=\"https:\/\/support.google.com\/chrome\/answer\/95647?hl=en\">https:\/\/support.google.com\/chrome\/answer\/95647?hl=en<\/a><\/span>);<br \/>\no Firefox<br \/>\n(<span style=\"color: #0000ff;\"><a style=\"color: #0000ff;\" href=\"https:\/\/support.mozilla.org\/en-US\/kb\/cookies-information-websites-store-on-your-computer\">https:\/\/support.mozilla.org\/en-US\/kb\/cookies-information-websites-store-on-your-computer<\/a><\/span>);<br \/>\no Internet Explorer<br \/>\n(<a href=\"https:\/\/support.microsoft.com\/en-us\/help\/17442\/windows-internet-explorer-delete-manage-cookies#ie=ie-11\"><span style=\"color: #0000ff;\">https:\/\/support.microsoft.com\/en-us\/help\/17442\/windows-internet-explorer-delete-manage-cookies#ie=ie-11<\/span><\/a>);<br \/>\no Opera (<a href=\"https:\/\/help.opera.com\/en\/latest\/web-preferences\/\"><span style=\"color: #0000ff;\">https:\/\/help.opera.com\/en\/latest\/web-preferences\/<\/span><\/a>);<br \/>\no Edge (<span style=\"color: #0000ff;\"><a style=\"color: #0000ff;\" href=\"https:\/\/support.microsoft.com\/en-gb\/help\/4468242\/microsoft-edge-browsing-data-and-privacy\">https:\/\/support.microsoft.com\/en-gb\/help\/4468242\/microsoft-edge-browsing-data-and-privacy<\/a><\/span>)<br \/>\no Safari<br \/>\n(<span style=\"color: #0000ff;\"><a style=\"color: #0000ff;\" href=\"https:\/\/support.apple.com\/guide\/safari\/manage-cookies-and-website-data-sfri11471\/mac\">https:\/\/support.apple.com\/guide\/safari\/manage-cookies-and-website-data-sfri11471\/mac<\/a><\/span>).<\/p>\n<p>Dac\u0103 a\u021bi dezactivat unul sau mai multe module cookie, putem folosi \u00een continuare informa\u021biile colectate de modulele cookie \u00eenainte de modificarea preferin\u021bei, totu\u0219i, vom \u00eenceta utilizarea modulului cookie dezactivat pentru a colecta alte informa\u021bii.<\/p>\n<p><strong>Actualiz\u0103rile Politicii privind modulele cookie<\/strong><\/p>\n<p>Este posibil ca prezenta Politic\u0103 de confiden\u021bialitate s\u0103 fie actualizat\u0103 regulat. Dac\u0103 este necesar, v\u0103 vom atrage aten\u021bia asupra modific\u0103rilor cu ocazia urm\u0103toarei dvs. vizite pe site-urile noastre.<br \/>\nSunte\u021bi \u00eencuraja\u021bi s\u0103 reveni\u021bi aici pentru a fi la curent cu cea mai nou\u0103 versiune a Politicii de confiden\u021bialitate.<\/p>\n<p><strong>Lista modulelor cookie<\/strong><\/p>\n<p>Mai jos, g\u0103si\u021bi o list\u0103 cu titlu indicativ \u0219i neexhaustiv\u0103 a modulelor cookie pe care le folosim. Pute\u021bi analiza modulele cookie \u0219i v\u0103 pute\u021bi exercita preferin\u021bele \u00een acest sens f\u0103c\u00e2nd clic pe Set\u0103ri privind modulele cookie din bannerul nostru dedicat modulelor cookie c\u00e2nd vizita\u021bi site-urile noastre web.<\/p>\n<table width=\"633\">\n<tbody>\n<tr>\n<td width=\"170\"><strong>Modul cookie<\/strong><\/td>\n<td width=\"246\"><strong>Scop<\/strong><\/td>\n<td width=\"85\"><strong>Expirare<\/strong><\/td>\n<td width=\"132\"><strong>Categorie<\/strong><\/td>\n<\/tr>\n<tr>\n<td width=\"170\">Google Analytics (_ga)<\/td>\n<td width=\"246\">Acest modul cookie este utilizat pentru a face diferen\u021ba dintre utilizatorii site-ului web \u0219i pentru a genera informa\u021bii statistice despre utilizarea site-urilor web de c\u0103tre ace\u0219tia. Acest lucru ne ajut\u0103 s\u0103 ne \u00eembun\u0103t\u0103\u021bim site-urile web.<\/td>\n<td width=\"85\">2 ani<\/td>\n<td width=\"132\">Analiz\u0103<\/td>\n<\/tr>\n<tr>\n<td width=\"170\">Google Analytics (_gat)<\/td>\n<td width=\"246\">Acest modul cookie este utilizat pentru a accelera rata de solicitare.<\/td>\n<td width=\"85\">1 min<\/td>\n<td width=\"132\">Analiz\u0103<\/td>\n<\/tr>\n<tr>\n<td width=\"170\">Google Analytics (_gid)<\/td>\n<td width=\"246\">Acest modul cookie este utilizat pentru a face diferen\u021ba \u00eentre utilizatori.<\/td>\n<td width=\"85\">24 de ore<\/td>\n<td width=\"132\">Analiz\u0103<\/td>\n<\/tr>\n<tr>\n<td width=\"170\">Google Adsense (_ga_&lt;container-id&gt;)<\/td>\n<td width=\"246\">Acest modul cookie este utilizat pentru men\u021binerea sesiunii.<\/td>\n<td width=\"85\">2 ani<\/td>\n<td width=\"132\">Marketing<\/td>\n<\/tr>\n<tr>\n<td width=\"170\">Google Adsense (_gcl_au)<\/td>\n<td width=\"246\">Acest modul cookie este folosit pentru stocarea \u0219i monitorizarea conversa\u021biilor<\/td>\n<td width=\"85\">24 de ore<\/td>\n<td width=\"132\">Marketing<\/td>\n<\/tr>\n<tr>\n<td width=\"170\">Hotjar (_hjAbsoluteSessionInProgress)<\/td>\n<td width=\"246\">Acest modul cookie este utilizat pentru a detecta prima sesiune de vizualizare pagin\u0103 de c\u0103tre un utilizator. Acesta este un semnalizator Adev\u0103rat\/Fals setat de modulul cookie.<\/td>\n<td width=\"85\">30 de minute<\/td>\n<td width=\"132\">Analiz\u0103<\/td>\n<\/tr>\n<tr>\n<td width=\"170\">Hotjar (_hjFirstSeen)<\/td>\n<td width=\"246\">Acesta este setat pentru a identifica prima sesiune a unui utilizator. Stocheaz\u0103 o valoare adev\u0103rat\/fals, indic\u00e2nd dac\u0103 este prima dat\u0103 c\u00e2nd Hotjar a identificat acest utilizator. Este utilizat de filtrele de \u00eenregistrare pentru a identifica noile sesiuni utilizator.<\/td>\n<td width=\"85\">1 or\u0103<\/td>\n<td width=\"132\">Analiz\u0103<\/td>\n<\/tr>\n<tr>\n<td width=\"170\">Hotjar (_hjIncludedInPageviewSample)<\/td>\n<td width=\"246\">Acest modul cookie este setat pentru a permite Hotjar s\u0103 afle dac\u0103 utilizatorul este inclus \u00een e\u0219antionarea de date definit\u0103 de limita de vizualizare a paginii.<\/td>\n<td width=\"85\">30 de minute<\/td>\n<td width=\"132\">Analiz\u0103<\/td>\n<\/tr>\n<tr>\n<td width=\"170\">Hotjar (_hjSessionUser_&lt;user-id&gt;)<\/td>\n<td width=\"246\">Acest modul cookie este utilizat c\u00e2nd un utilizator acceseaz\u0103 pentru prima dat\u0103 site-urile web. Acesta se asigur\u0103 c\u0103 datele aferente vizitelor ulterioare pe acela\u0219i site web sunt atribuite aceluia\u0219i utilizator.<\/td>\n<td width=\"85\">1 an<\/td>\n<td width=\"132\">Analiz\u0103<\/td>\n<\/tr>\n<tr>\n<td width=\"170\">Hotjar (_hjSession_&lt;user-id&gt;)<\/td>\n<td width=\"246\">Acest modul cookie este utilizat pentru stocarea datelor sesiunii curente \u0219i se asigur\u0103 c\u0103 solicit\u0103rile ulterioare din fereastra sesiunii sunt atribuite aceleia\u0219i sesiuni.<\/td>\n<td width=\"85\">30 de minute<\/td>\n<td width=\"132\">Analiz\u0103<\/td>\n<\/tr>\n<tr>\n<td width=\"170\">Facebook (_fbp)<\/td>\n<td width=\"246\">Acest modul cookie este folosit pentru stocarea \u0219i monitorizarea vizitelor pe site-urile web.<\/td>\n<td width=\"85\">3 luni<\/td>\n<td width=\"132\">Marketing<\/td>\n<\/tr>\n<tr>\n<td width=\"170\">Facebook (datr)<\/td>\n<td width=\"246\">Acest modul cookie este utilizat pentru prevenirea fraudelor.<\/td>\n<td width=\"85\">2 ani<\/td>\n<td width=\"132\">Marketing<\/td>\n<\/tr>\n<tr>\n<td width=\"170\">Linkedin (lidc)<\/td>\n<td width=\"246\">Acest modul cookie este utilizat pentru facilitarea select\u0103rii centrelor de date \u0219i monitorizarea utiliz\u0103rii serviciilor \u00eencorporate.<\/td>\n<td width=\"85\">24 de ore<\/td>\n<td width=\"132\">Marketing<\/td>\n<\/tr>\n<tr>\n<td width=\"170\">Linkedin (li_gc)<\/td>\n<td width=\"246\">Acest modul cookie este utilizat pentru stocarea consim\u021b\u0103m\u00e2ntului vizitatorilor referitor la utilizarea modulelor cookie \u00een scopuri neesen\u021biale.<\/td>\n<td width=\"85\">2 ani<\/td>\n<td width=\"132\">Marketing<\/td>\n<\/tr>\n<tr>\n<td width=\"170\">Linkedin (bcookie)<\/td>\n<td width=\"246\">Acest modul cookie este utilizat pentru monitorizarea utiliz\u0103rii serviciilor \u00eencorporate.<\/td>\n<td width=\"85\">2 ani<\/td>\n<td width=\"132\">Marketing<\/td>\n<\/tr>\n<tr>\n<td width=\"170\">Linkedin (lang)<\/td>\n<td width=\"246\">Acest modul cookie este utilizat pentru memorarea set\u0103rii de limb\u0103 a unui utilizator.<\/td>\n<td width=\"85\">Sesiune<\/td>\n<td width=\"132\">Marketing<\/td>\n<\/tr>\n<tr>\n<td width=\"170\">vg_gdpr<\/td>\n<td width=\"246\">Accepta\u021bi modulele cookie<\/td>\n<td width=\"85\">Sesiune<\/td>\n<td width=\"132\">Strict necesare<\/td>\n<\/tr>\n<\/tbody>\n<\/table>\n<p>&nbsp;<\/p>\n","protected":false},"excerpt":{"rendered":"<p>POLITICA OKTO PRIVIND MODULELE COOKIE De ce ar trebui s\u0103 citi\u021bi aceast\u0103 politic\u0103 privind modulele cookie? Prezenta Politic\u0103 privind modulele cookie explic\u0103 modul \u00een care OKTO (\u201enoi\u201d, \u201epe noi\u201d, \u201eal nostru\u201d) utilizeaz\u0103 modulele cookie, semnalizatoarele web, pixelii de urm\u0103rire, gif-urile transparente \u0219i alte tehnologii similare de urm\u0103rire (\u00eempreun\u0103 \u201cModulele cookie\u201d) c\u00e2nd vizita\u021bi site-urile web de\u021binute [&hellip;]<\/p>\n","protected":false},"author":2,"featured_media":0,"parent":0,"menu_order":0,"comment_status":"closed","ping_status":"closed","template":"","meta":{"_acf_changed":false},"class_list":["post-22858","page","type-page","status-publish","hentry"],"acf":[],"_links":{"self":[{"href":"https:\/\/www.oktowallet.eu\/ro\/wp-json\/wp\/v2\/pages\/22858","targetHints":{"allow":["GET"]}}],"collection":[{"href":"https:\/\/www.oktowallet.eu\/ro\/wp-json\/wp\/v2\/pages"}],"about":[{"href":"https:\/\/www.oktowallet.eu\/ro\/wp-json\/wp\/v2\/types\/page"}],"author":[{"embeddable":true,"href":"https:\/\/www.oktowallet.eu\/ro\/wp-json\/wp\/v2\/users\/2"}],"replies":[{"embeddable":true,"href":"https:\/\/www.oktowallet.eu\/ro\/wp-json\/wp\/v2\/comments?post=22858"}],"version-history":[{"count":0,"href":"https:\/\/www.oktowallet.eu\/ro\/wp-json\/wp\/v2\/pages\/22858\/revisions"}],"wp:attachment":[{"href":"https:\/\/www.oktowallet.eu\/ro\/wp-json\/wp\/v2\/media?parent=22858"}],"curies":[{"name":"wp","href":"https:\/\/api.w.org\/{rel}","templated":true}]}}