{"id":19108,"date":"2020-01-21T11:45:20","date_gmt":"2020-01-21T09:45:20","guid":{"rendered":"http:\/\/www.oktowallet.eu\/acceptable-use-policy\/"},"modified":"2024-12-16T16:10:59","modified_gmt":"2024-12-16T14:10:59","slug":"acceptable-use-policy","status":"publish","type":"page","link":"https:\/\/www.oktowallet.eu\/ro\/acceptable-use-policy\/","title":{"rendered":"Politica de utilizare acceptabil\u0103"},"content":{"rendered":"<p>\u00cen calitate de Client, sunte\u021bi de acord s\u0103 ac\u021biona\u021bi \u00eentr-un mod acceptabil pentru termenii \u0219i condi\u021biile Acordului pe care \u00eel \u00eencheia\u021bi cu Sureswipe \u0219i\/sau cu distribuitorii s\u0103i \u00eenregistra\u021bi de moned\u0103 electronic\u0103 (acolo unde sunt disponibili), \u0219i anume OKTOPAY LIMITED, 16, John Kennedy Ave, 2nd Floor, NIVIAN COURT, 1087, Nicosia, Cipru (pentru UE &#8211; cu excep\u021bia urm\u0103toarelor teritorii specifice din UE la care se face referire), Netlink SMSA, 10-12, Dorilaiou Str, 11521, Atena, Grecia, pentru Grecia \u0219i OKTOPAY Deutschland GMBH, Am Zirkus 2, Berlin, Germania,10117, pentru Germania (denumit\u0103 \u00een continuare &#8222;OKTO&#8221;) \u0219i, de asemenea, recunoa\u0219te\u021bi \u0219i sunte\u021bi de acord c\u0103 este responsabilitatea dumneavoastr\u0103 exclusiv\u0103 s\u0103 respecta\u021bi toate legile aplicabile \u00een utilizarea serviciilor OKTO, indiferent de motivele care stau la baza utiliz\u0103rii acestor servicii. De asemenea, sunte\u021bi de acord c\u0103 trebuie s\u0103 respecta\u021bi aceast\u0103 politic\u0103 de utilizare acceptabil\u0103.<\/p>\n<p><strong>Activit\u0103\u021bi interzise<\/strong><br \/>\nSureswipe nu permite \u0219i sunte\u021bi de acord s\u0103 nu utiliza\u021bi serviciile OKTO pentru activit\u0103\u021bi care \u00eencalc\u0103 orice lege, regulament, directiv\u0103, act \u0219i decret. Sureswipe interzice, de asemenea, utilizarea serviciilor sale pentru tranzac\u021bii care se refer\u0103 la urm\u0103toarea list\u0103 de elemente descrise \u00een tabelul de mai jos:<\/p>\n<p><strong>LISTA TRANZAC\u021aIILOR CU ARTICOLE\/SERVICII INTERZISE<\/strong><br \/>\n1. Bunuri furate<br \/>\n2. Narcotice \u0219i accesorii pentru droguri<br \/>\n3. Steroizi, substan\u021be controlate \u0219i alte produse care reprezint\u0103 o amenin\u021bare pentru siguran\u021ba consumatorilor<br \/>\n4. \u021aig\u0103ri<br \/>\n5. Orice articol care \u00eencalc\u0103 un brevet sau \u00eencalc\u0103 orice marc\u0103 comercial\u0103, drepturi de autor, dreptul la publicitate sau la intimitate \u0219i orice alt drept de proprietate \u00een conformitate cu legisla\u021bia din orice jurisdic\u021bie<br \/>\n6. Materiale sau servicii cu orientare sexual\u0103 care sunt de natur\u0103 ofensatoare<br \/>\n7. Arme sau cu\u021bite care sunt reglementate de legi jurisdic\u021bionale, embargouri \u0219i alte controale interna\u021bionale la export\/import. De asemenea, orice arme de foc, muni\u021bie \u0219i alte accesorii pentru arme de foc care pot fi interzise prin lege<br \/>\n8. Orice articole care sus\u021bin, permit sau \u00eendrum\u0103 persoane s\u0103 se angajeze \u00een activit\u0103\u021bi ilegale<br \/>\n9. Orice promoveaz\u0103 intoleran\u021ba rasial\u0103, ura \u0219i violen\u021ba.<br \/>\n10. Orice permite ob\u021binerea de c\u00e2\u0219tiguri financiare \u00een urma unei infrac\u021biuni<br \/>\n11. Sus\u021binerea schemelor Ponzi \u0219i a altor astfel de scheme piramidale care promit profituri rapide \u0219i bog\u0103\u021bii substan\u021biale<br \/>\n12. Anumite programe de marketing pe mai multe niveluri<br \/>\n13. Ordine de plat\u0103 \u0219i v\u00e2nzarea de cecuri de c\u0103l\u0103torie<br \/>\n14. Tot ceea ce are leg\u0103tur\u0103 cu corup\u021bia \u0219i mita<br \/>\n15. Contracte de loterie \u0219i anuit\u0103\u021bi<\/p>\n<p>Sureswipe are dreptul, \u00een conformitate cu Termenii \u0219i condi\u021biile OKTO pentru consumatori, s\u0103 interzic\u0103 orice tranzac\u021bie pe care o consider\u0103 poten\u021bial frauduloas\u0103, ilegal\u0103 sau ilicit\u0103.<\/p>\n<p><strong>Activit\u0103\u021bi care necesit\u0103 aprobare<\/strong><br \/>\nEste posibil ca anumite servicii s\u0103 nu fie interzise, dar, din cauza naturii lor de risc mai ridicat, vor necesita aprobarea Sureswipe \u00eenainte ca Sureswipe s\u0103 accepte orice tranzac\u021bii de plat\u0103 legate de astfel de servicii. Lista acestor servicii poate fi g\u0103sit\u0103 \u00een tabelul de mai jos.<\/p>\n<p>1. Colectarea de dona\u021bii de la organiza\u021bii caritabile sau alte organiza\u021bii non-profit<br \/>\n2. V\u00e2nzarea de alcool \u0219i produse din tutun, altele dec\u00e2t \u021big\u0103ri<br \/>\n3. \u021aig\u0103ri electronice<br \/>\n4. Medicamente cu prescrip\u021bie medical\u0103 \u0219i dispozitive medicale personale<br \/>\n5. V\u00e2nzarea de bijuterii sau activit\u0103\u021bi de comercializare a pietrelor \u0219i metalelor pre\u021bioase<br \/>\n6. V\u00e2nzarea de carduri \u0219i cupoane cu valoare stocat\u0103<br \/>\n7. Furnizarea de servicii de escort\u0103 \u0219i de \u00eenso\u021bire<br \/>\n8. V\u00e2nzarea de valori mobiliare transferabile (inclusiv contracte de schimb valutar) \u0219i alte instrumente de tip investi\u021bional, inclusiv participa\u021bii \u00een entit\u0103\u021bi sau propriet\u0103\u021bi private<br \/>\n9. Investi\u021bii de finan\u021bare participativ\u0103 crowdfunding<br \/>\n10. Partajarea fi\u0219ierelor \u0219i transferurile peer to peer<br \/>\n11. Accesul la grupuri de \u0219tiri<br \/>\n12. Zboruri aeriene \u0219i zboruri charter\/avioane corporative (programate sau neprogramate) sau orice alt tip de activit\u0103\u021bi de zbor aerian f\u0103r\u0103 \u00eenc\u0103rc\u0103tur\u0103<\/p>\n<p><strong>Rapoarte \u0219i anchete privind \u00eenc\u0103lc\u0103rile<\/strong><br \/>\nSureswipe \u00ee\u0219i \u00eencurajeaz\u0103 clien\u021bii s\u0103 raporteze imediat orice poten\u021bial\u0103 \u00eenc\u0103lcare a acestei Politici. Pentru o astfel de raportare \u0219i pentru a trimite orice alt\u0103 \u00eentrebare specific\u0103 de conformitate c\u0103tre Sureswipe, v\u0103 rug\u0103m s\u0103 trimite\u021bi un e-mail la <span style=\"color: #0000ff;\"><a style=\"color: #0000ff;\" href=\"mailto:compliance@oktopayments.com\">compliance@oktopayments.com<\/a><\/span>.<\/p>\n<p>Actualizat la data de 26.09.2023<\/p>\n","protected":false},"excerpt":{"rendered":"<p>\u00cen calitate de Client, sunte\u021bi de acord s\u0103 ac\u021biona\u021bi \u00eentr-un mod acceptabil pentru termenii \u0219i condi\u021biile Acordului pe care \u00eel \u00eencheia\u021bi cu Sureswipe \u0219i\/sau cu distribuitorii s\u0103i \u00eenregistra\u021bi de moned\u0103 electronic\u0103 (acolo unde sunt disponibili), \u0219i anume OKTOPAY LIMITED, 16, John Kennedy Ave, 2nd Floor, NIVIAN COURT, 1087, Nicosia, Cipru (pentru UE &#8211; cu excep\u021bia [&hellip;]<\/p>\n","protected":false},"author":1,"featured_media":0,"parent":0,"menu_order":104,"comment_status":"closed","ping_status":"closed","template":"","meta":{"_acf_changed":false},"class_list":["post-19108","page","type-page","status-publish","hentry"],"acf":[],"_links":{"self":[{"href":"https:\/\/www.oktowallet.eu\/ro\/wp-json\/wp\/v2\/pages\/19108","targetHints":{"allow":["GET"]}}],"collection":[{"href":"https:\/\/www.oktowallet.eu\/ro\/wp-json\/wp\/v2\/pages"}],"about":[{"href":"https:\/\/www.oktowallet.eu\/ro\/wp-json\/wp\/v2\/types\/page"}],"author":[{"embeddable":true,"href":"https:\/\/www.oktowallet.eu\/ro\/wp-json\/wp\/v2\/users\/1"}],"replies":[{"embeddable":true,"href":"https:\/\/www.oktowallet.eu\/ro\/wp-json\/wp\/v2\/comments?post=19108"}],"version-history":[{"count":0,"href":"https:\/\/www.oktowallet.eu\/ro\/wp-json\/wp\/v2\/pages\/19108\/revisions"}],"wp:attachment":[{"href":"https:\/\/www.oktowallet.eu\/ro\/wp-json\/wp\/v2\/media?parent=19108"}],"curies":[{"name":"wp","href":"https:\/\/api.w.org\/{rel}","templated":true}]}}