{"id":19100,"date":"2020-01-21T11:45:13","date_gmt":"2020-01-21T09:45:13","guid":{"rendered":"http:\/\/www.oktowallet.eu\/terms-of-use\/"},"modified":"2024-12-17T18:11:24","modified_gmt":"2024-12-17T16:11:24","slug":"terms-of-use","status":"publish","type":"page","link":"https:\/\/www.oktowallet.eu\/ro\/terms-of-use\/","title":{"rendered":"Termeni de utilizare"},"content":{"rendered":"<p><strong>GENERALIT\u0102\u021aI<\/strong><\/p>\n<p>Site-ul web cu numele de domeniu &#8222;http:\/\/www.oktowallet.eu&#8221; (denumit \u00een continuare, pentru concizie, &#8222;<strong>Site-ul<\/strong>&#8222;) este de\u021binut de OKTOPAY LIMITED, o companie cu sediul \u00een Cipru, <span data-teams=\"true\">16, John Kennedy Ave, 2nd Floor, NIVIAN COURT, 1087<\/span>, Nicosia, Cipru, cu num\u0103rul de \u00eenregistrare HE400907, \u0219i licen\u021biat \u00een mod legal c\u0103tre Sureswipe EMI PLC, o companie \u00eenregistrat\u0103 \u00een Cipru care func\u021bioneaz\u0103 ca institu\u021bie de moned\u0103 electronic\u0103 licen\u021biat\u0103 sub supravegherea B\u0103ncii Centrale a Ciprului (num\u0103r de autorizare 115. 1.3.26) \u0219i aprobat\u0103 s\u0103 furnizeze servicii de moned\u0103 electronic\u0103 \u00een temeiul libert\u0103\u021bii de prestare a serviciilor \u00een \u021b\u0103rile EEE \u00een conformitate cu Directiva privind moneda electronic\u0103.<\/p>\n<p>Utilizarea Site-ului implic\u0103 faptul c\u0103 a\u021bi citit, \u00een\u021beles \u0219i acceptat to\u021bi termenii de utilizare a Site-ului. \u00cen cazul \u00een care nu sunte\u021bi de acord cu ace\u0219ti termeni de utilizare, nu trebuie s\u0103 utiliza\u021bi serviciile \u0219i con\u021binutul Site-ului.<\/p>\n<p><strong>COMPORTAMENTUL UTILIZATORULUI<\/strong><\/p>\n<p>\u00cen calitate de utilizator al Site-ului, trebuie s\u0103 respecta\u021bi normele \u0219i dispozi\u021biile legilor Republicii Cipru, ale legisla\u021biei europene \u0219i interna\u021bionale \u0219i ale legisla\u021biei relevante care reglementeaz\u0103 telecomunica\u021biile \u0219i s\u0103 v\u0103 ab\u021bine\u021bi de la orice comportament ilegal sau abuziv \u00een timpul \u0219i \u00een leg\u0103tur\u0103 cu utilizarea acestuia. Sunte\u021bi responsabil pentru orice daune cauzate site-ului sau oric\u0103rei ter\u021be p\u0103r\u021bi, ca urmare a utiliz\u0103rii abuzive sau necorespunz\u0103toare a site-ului \u0219i a serviciilor oferite prin intermediul acestuia. \u00cen cazul \u00een care Compania este implicat\u0103 \u00een orice ac\u021biune \u00een justi\u021bie sau este obligat\u0103 s\u0103 pl\u0103teasc\u0103 orice form\u0103 de desp\u0103gubire din cauza \u00eenc\u0103lc\u0103rii obliga\u021biilor utilizatorului \u00een conformitate cu ace\u0219ti termeni, ve\u021bi fi obligat s\u0103 desp\u0103gubi\u021bi Compania pentru acest motiv.<\/p>\n<p><strong>LIMITAREA R\u0102SPUNDERII<\/strong><\/p>\n<p>Compania nu ofer\u0103 nicio garan\u021bie, fie ea expres\u0103 sau implicit\u0103, cu privire la integritatea, corectitudinea, oportunitatea, comercialitatea, nerespectarea sau adecvarea con\u021binutului Site-ului pentru orice utilizare, aplica\u021bie sau scop.<\/p>\n<p>Compania depune toate eforturile pentru a se asigura c\u0103 serviciile \u0219i con\u021binutul Site-ului sunt furnizate f\u0103r\u0103 \u00eentreruperi \u0219i f\u0103r\u0103 probleme. Cu toate acestea, nu este responsabil\u0103 pentru indisponibilitatea temporar\u0103 a Site-ului, pentru \u00eentreruperea oric\u0103reia sau a tuturor func\u021biilor sale sau pentru orice func\u021bionare defectuoas\u0103 sau probleme tehnice care pot ap\u0103rea.<\/p>\n<p>\u00cen niciun caz, inclusiv din neglijen\u021b\u0103, Societatea nu este responsabil\u0103 fa\u021b\u0103 de dvs. sau fa\u021b\u0103 de o ter\u021b\u0103 parte pentru orice form\u0103 de daune, directe sau indirecte, efective sau subsecvente, legate \u00een vreun fel de utilizarea sau navigarea pe Site \u0219i de utilizarea serviciilor sau a informa\u021biilor con\u021binute \u00een acesta.<\/p>\n<p>&nbsp;<\/p>\n<p>&nbsp;<\/p>\n<p><strong>DREPTURI DE PROPRIETATE INTELECTUAL\u0102<\/strong><\/p>\n<p>Drepturile de autor asupra con\u021binutului \u0219i serviciilor Site-ului, inclusiv, dar f\u0103r\u0103 a se limita la, texte, fotografii, desene, date comerciale \u0219i financiare, programe, orice fel de fi\u0219iere, m\u0103rci comerciale\/logo-uri, aspectul Site-ului, sunt protejate de legile Republicii Cipru, de legile europene \u0219i interna\u021bionale privind drepturile de autor \u0219i apar\u021bin exclusiv Companiei, fiind puse la dispozi\u021bia utilizatorilor\/vizitatorilor s\u0103i strict pentru uz personal. Compania ac\u021bioneaz\u0103 \u00eentotdeauna cu bun\u0103 credin\u021b\u0103 \u0219i urm\u00e2nd practicile comerciale \u0219i depune toate eforturile pentru a se asigura c\u0103 con\u021binutul \u0219i informa\u021biile afi\u0219ate pe Site sunt c\u00e2t mai exacte \u0219i mai veridice posibil, dar nu este responsabil\u0103 \u00een niciun fel pentru fiabilitatea sau caracterul complet al acestora.<\/p>\n<p>Orice copiere, distribuire, transfer, prelucrare, rev\u00e2nzare, creare de lucr\u0103ri derivate sau inducerea \u00een eroare a publicului cu privire la furnizorul real al con\u021binutului Site-ului este interzis\u0103. Orice reproducere, republicare, re\u00eenc\u0103rcare, \u00eenc\u0103rcare, anun\u021bare, diseminare sau transmitere sau orice alt\u0103 utilizare a con\u021binutului Site-ului \u00een orice mod sau \u00een orice scop comercial sau de alt\u0103 natur\u0103 este permis\u0103 numai cu acordul prealabil scris al Companiei sau al oric\u0103rui alt de\u021bin\u0103tor de drepturi de autor. \u00cen caz contrar, ac\u021biunile de mai sus pot constitui o \u00eenc\u0103lcare a drepturilor de proprietate intelectual\u0103\/industrial\u0103 ale Companiei, care \u00ee\u0219i rezerv\u0103 dreptul de a reclama orice daune cauzate acesteia \u00een conformitate cu prevederile legisla\u021biei \u00een vigoare.<\/p>\n<p>Accepta\u021bi \u0219i recunoa\u0219te\u021bi c\u0103 Societatea are capacitatea de a utiliza \u00een scopuri comerciale (fie ea \u00eens\u0103\u0219i, fie ter\u021be p\u0103r\u021bi) toate elementele afi\u0219ate pe Site.<\/p>\n<p>&nbsp;<\/p>\n<p><strong>PROTEC\u021aIA DATELOR CU CARACTER PERSONAL \u0218I COOKIE<\/strong><\/p>\n<p>Compania respect\u0103 datele dumneavoastr\u0103 cu caracter personal. Aceasta dispune de o Politic\u0103 de confiden\u021bialitate, care poate fi revizuit\u0103 \u0219i actualizat\u0103 \u00een orice moment, f\u0103r\u0103 notificare prealabil\u0103. V\u0103 rug\u0103m s\u0103 verifica\u021bi periodic aceste condi\u021bii pentru a vedea dac\u0103 au fost modificate.<\/p>\n<p>Vi se cere s\u0103 completa\u021bi formularele de contact \u0219i newsletter-ul prin furnizarea de informa\u021bii adev\u0103rate, exacte \u0219i actualizate despre informa\u021biile solicitate pe site.<\/p>\n<p>Compania poate utiliza cookie-uri, adic\u0103 fi\u0219iere text de mici dimensiuni, care sunt stocate pe computerul dvs. atunci c\u00e2nd naviga\u021bi pe site, f\u0103r\u0103 a primi informa\u021bii despre vreun fi\u0219ier informatic. Pentru mai multe informa\u021bii despre datele colectate prin cookie-uri, v\u0103 rug\u0103m s\u0103 vizita\u021bi Politica privind cookie-urile.<\/p>\n<p>&nbsp;<\/p>\n<p><strong>LINKURI C\u0102TRE ALTE SITE-URI<\/strong><\/p>\n<p>Compania nu controleaz\u0103 disponibilitatea, con\u021binutul, politica de confiden\u021bialitate, calitatea \u0219i caracterul complet al serviciilor altor site-uri \u0219i pagini web la care face trimitere prin link-uri, hyperlink-uri sau bannere. Prin urmare, pentru orice problem\u0103 ap\u0103rut\u0103 \u00een timpul utiliz\u0103rii acestora, trebuie s\u0103 contacta\u021bi direct site-urile \u0219i paginile web respective care sunt responsabile pentru furnizarea serviciilor lor. Leg\u0103turile sunt furnizate pentru confortul dumneavoastr\u0103, iar compania nu aprob\u0103, nu accept\u0103 \u0219i nu este responsabil\u0103 \u00een niciun caz pentru con\u021binutul fiec\u0103rui link.<\/p>\n<p>&nbsp;<\/p>\n<p><strong>LEGEA APLICABIL\u0102 &#8211; JURISDIC\u021aIE<\/strong><\/p>\n<p>Orice litigiu care ar putea ap\u0103rea \u00een leg\u0103tur\u0103 cu func\u021bionarea \u0219i utilizarea site-ului, \u00een cazul \u00een care solu\u021bionarea consensual\u0103 nu este posibil\u0103, va fi supus jurisdic\u021biei instan\u021belor din Republica Cipru. Legea aplicabil\u0103 va fi legea Republicii Cipru.<\/p>\n<p><strong>CONTACT<\/strong><\/p>\n<p>Pentru orice informa\u021bii, clarific\u0103ri, depunerea oric\u0103rei cereri, pute\u021bi contacta Compania prin trimiterea unui e-mail la adresa <a href=\"mailto:info@oktopay.eu\">info@oktopay.eu<\/a>.<\/p>\n","protected":false},"excerpt":{"rendered":"<p>GENERALIT\u0102\u021aI Site-ul web cu numele de domeniu &#8222;http:\/\/www.oktowallet.eu&#8221; (denumit \u00een continuare, pentru concizie, &#8222;Site-ul&#8222;) este de\u021binut de OKTOPAY LIMITED, o companie cu sediul \u00een Cipru, 16, John Kennedy Ave, 2nd Floor, NIVIAN COURT, 1087, Nicosia, Cipru, cu num\u0103rul de \u00eenregistrare HE400907, \u0219i licen\u021biat \u00een mod legal c\u0103tre Sureswipe EMI PLC, o companie \u00eenregistrat\u0103 \u00een Cipru [&hellip;]<\/p>\n","protected":false},"author":1,"featured_media":0,"parent":0,"menu_order":100,"comment_status":"closed","ping_status":"closed","template":"","meta":{"_acf_changed":false},"class_list":["post-19100","page","type-page","status-publish","hentry"],"acf":[],"_links":{"self":[{"href":"https:\/\/www.oktowallet.eu\/ro\/wp-json\/wp\/v2\/pages\/19100","targetHints":{"allow":["GET"]}}],"collection":[{"href":"https:\/\/www.oktowallet.eu\/ro\/wp-json\/wp\/v2\/pages"}],"about":[{"href":"https:\/\/www.oktowallet.eu\/ro\/wp-json\/wp\/v2\/types\/page"}],"author":[{"embeddable":true,"href":"https:\/\/www.oktowallet.eu\/ro\/wp-json\/wp\/v2\/users\/1"}],"replies":[{"embeddable":true,"href":"https:\/\/www.oktowallet.eu\/ro\/wp-json\/wp\/v2\/comments?post=19100"}],"version-history":[{"count":0,"href":"https:\/\/www.oktowallet.eu\/ro\/wp-json\/wp\/v2\/pages\/19100\/revisions"}],"wp:attachment":[{"href":"https:\/\/www.oktowallet.eu\/ro\/wp-json\/wp\/v2\/media?parent=19100"}],"curies":[{"name":"wp","href":"https:\/\/api.w.org\/{rel}","templated":true}]}}