{"id":19086,"date":"2021-05-19T18:20:33","date_gmt":"2021-05-19T15:20:33","guid":{"rendered":"http:\/\/www.oktowallet.eu\/refund-policy\/"},"modified":"2024-12-17T17:51:49","modified_gmt":"2024-12-17T15:51:49","slug":"refund-policy","status":"publish","type":"page","link":"https:\/\/www.oktowallet.eu\/ro\/refund-policy\/","title":{"rendered":"Politica de rambursare"},"content":{"rendered":"<p><strong>1. Informa\u021bii de fond<br \/>\n<\/strong>Acest site web www.oktowallet.eu (&#8222;Site-ul web&#8221;) este operat \u00een mod legal de OKTOPAY Limited, o companie \u00eenregistrat\u0103 \u00een Cipru cu num\u0103rul de companie HE400907, cu sediul social la <span data-teams=\"true\">16, John Kennedy Ave, 2nd Floor, NIVIAN COURT, 1087<\/span>, Nicosia, Cipru (denumit\u0103 \u00een continuare &#8222;noi&#8221;, &#8222;al nostru&#8221;, &#8222;noi&#8221;), \u0219i va fi utilizat numai \u00een scopuri informative.<\/p>\n<p><strong>2. Defini\u021bii<br \/>\n<\/strong><strong>Zi lucr\u0103toare:<\/strong>\u00a0\u00eenseamn\u0103 fiecare zi lucr\u0103toare oficial\u0103 a s\u0103pt\u0103m\u00e2nii \u00een Grecia \u0219i Cipru sau \u00een orice alt\u0103 jurisdic\u021bie \u00een care \u00ee\u0219i desf\u0103\u0219oar\u0103 activitatea b\u0103ncile implicate.<br \/>\n<strong>Rambursare:<\/strong>\u00eenseamn\u0103 returnarea banilor utilizatorului de c\u0103tre banca emitent\u0103 a acestuia din cauza unei tranzac\u021bii contestate \u0219i\/sau frauduloase.<br \/>\n<strong>Criterii de eligibilitate:<\/strong> reprezint\u0103 setul de cerin\u021be care trebuie \u00eendeplinite pentru rambursare sau returnare.<br \/>\n<strong>Banca emitent\u0103:<\/strong> \u00eenseamn\u0103 banca care a emis cardul de plat\u0103 pentru utilizator \u00een calitate de titular de card.<br \/>\n<strong>Suma ini\u021bial\u0103 de rambursare:<\/strong> \u00eenseamn\u0103 suma exact\u0103 a taxei de tranzac\u021bie dedus\u0103 din suma tranzac\u021biei unui anumit utilizator.<br \/>\n<strong>Restituire:<\/strong>\u00eenseamn\u0103 restituirea sumei taxei de tranzac\u021bie pl\u0103tite de utilizator \u00een leg\u0103tur\u0103 cu o anumit\u0103 tranzac\u021bie.<br \/>\n<strong>Taxe de tranzac\u021bie:<\/strong>\u00eenseamn\u0103 orice tax\u0103 perceput\u0103 de o banc\u0103\/institu\u021bie financiar\u0103 la procesarea unei cereri de rambursare valabile.<br \/>\n<strong>Dumneavoastr\u0103:<\/strong>\u00a0\u00eenseamn\u0103 persoana fizic\u0103 sau juridic\u0103 care de\u021bine un cont de portofel electronic OKTO \u0219i care este obligat\u0103 s\u0103 respecte Termenii \u0219i Condi\u021biile Comerciantului sau Termenii \u0219i Condi\u021biile Consumatorului.<\/p>\n<p>To\u021bi ceilal\u021bi termeni \u0219i defini\u021bii din aceast\u0103 Politic\u0103 de rambursare sunt utiliza\u021bi \u00een acela\u0219i sens ca \u00een Termenii \u0219i condi\u021biile comerciantului sau Termenii \u0219i condi\u021biile consumatorului.<\/p>\n<p><strong>3. Tranzac\u021bii de plat\u0103 neautorizate<br \/>\n<\/strong>\u00cen cazul unei tranzac\u021bii de plat\u0103 neautorizate, vi se va rambursa suma tranzac\u021biei de plat\u0103 neautorizate imediat \u0219i, \u00een orice caz, nu mai t\u00e2rziu de sf\u00e2r\u0219itul urm\u0103toarei zile lucr\u0103toare, dup\u0103 ce a\u021bi observat sau a\u021bi fost notificat cu privire la tranzac\u021bie, cu excep\u021bia cazului \u00een care exist\u0103 motive \u00eentemeiate pentru a suspecta o fraud\u0103.<\/p>\n<p>Dac\u0103 este cazul, vom readuce contul de plat\u0103 debitat \u00een starea \u00een care s-ar fi aflat dac\u0103 nu ar fi avut loc tranzac\u021bia de plat\u0103 neautorizat\u0103.<\/p>\n<p>Banii vor fi rambursa\u021bi \u00een contul dumneavoastr\u0103 dac\u0103 se aplic\u0103 oricare dintre urm\u0103toarele situa\u021bii:<\/p>\n<p>1. tranzac\u021bia de plat\u0103 a fost cauzat\u0103 de opera\u021biunile noastre interne, f\u0103r\u0103 \u0219tirea sau implicarea dumneavoastr\u0103;<br \/>\n2. detaliile dvs. de securitate au fost expuse f\u0103r\u0103 \u0219tirea dvs. \u0219i contul dvs. a devenit expus riscului de a fi utilizat \u00een mod abuziv;<br \/>\n3. tranzac\u021bia de plat\u0103 a avut loc dup\u0103 ce ne-a\u021bi informat c\u0103 detaliile dvs. de securitate au fost expuse; sau<br \/>\n4. atunci c\u00e2nd ne-a\u021bi instruit s\u0103 efectu\u0103m plata, trebuia s\u0103 aplic\u0103m o autentificare puternic\u0103 a clientului \u00een conformitate cu legea, iar noi nu am f\u0103cut acest lucru;<\/p>\n<p>De asemenea, v\u0103 vom rambursa toate taxele care v-au fost percepute ca urmare a tranzac\u021biei de plat\u0103 \u0219i care au fost pl\u0103tite din contul dumneavoastr\u0103.<\/p>\n<p>Nu v\u0103 vom rambursa niciun ban dac\u0103 a\u021bi ac\u021bionat \u00een mod fraudulos sau dac\u0103 nu a\u021bi reu\u0219it, \u00een mod inten\u021bionat sau din neglijen\u021b\u0103, s\u0103 v\u0103 p\u0103stra\u021bi \u00een siguran\u021b\u0103 detaliile de securitate. De exemplu, nu vom rambursa o tranzac\u021bie de plat\u0103 \u00een cazul \u00een care a fost utilizat un alt element de securitate \u00een plus fa\u021b\u0103 de detaliile dvs. de securitate, cum ar fi amprenta digital\u0103 sau ID-ul facial.<\/p>\n<p>Pentru a raporta o tranzac\u021bie neautorizat\u0103 \u0219i a solicita o rambursare, trebuie s\u0103 solicita\u021bi \u0219i s\u0103 completa\u021bi un formular de rambursare \u0219i s\u0103 trimite\u021bi formularul respectiv la adresa <a href=\"mailto:support@oktopayments.com\"><span style=\"color: #0000ff;\">support@oktopayments.com<\/span><\/a>. Vom procesa cererea dvs. de rambursare c\u00e2t mai cur\u00e2nd posibil \u00een mod rezonabil. Timpul de r\u0103spuns poate varia \u00een func\u021bie de motivele declarate pentru cererea de rambursare \u0219i de calitatea informa\u021biilor furnizate \u00een sprijinul cererii. \u00cen orice caz, v\u0103 vom informa cu privire la rezultatul solicit\u0103rii \u00een conformitate cu termenele stabilite \u00een prezentul document, care va consta fie \u00een rambursarea sumei integrale a pl\u0103\u021bii, fie \u00een furnizarea unei justific\u0103ri pentru refuzul de rambursare a pl\u0103\u021bii.<\/p>\n<p>\u00cen scopul de a descuraja \u0219i de a preveni eventualele activit\u0103\u021bi neautorizate, toate pl\u0103\u021bile \u0219i informa\u021biile legate de cererile de rambursare pot fi verificate de noi. \u00cen cazuri suspecte, v\u0103 putem solicita s\u0103 furniza\u021bi dovezi materiale care s\u0103 justifice cererea de rambursare. \u00cen cazul \u00een care nu reu\u0219i\u021bi s\u0103 furniza\u021bi astfel de dovezi \u00een termen de cinci (5) zile lucr\u0103toare de la solicitarea noastr\u0103 sau \u00een cazul \u00een care exist\u0103 \u00eendoieli cu privire la autenticitatea documentelor furnizate sau la validitatea informa\u021biilor, avem dreptul de a refuza cererea dumneavoastr\u0103 de rambursare sau de a solicita clarific\u0103ri care, dac\u0103 se dovedesc a fi nesatisf\u0103c\u0103toare, vor \u00eencheia procesul de rambursare cu o notificare oficial\u0103 de refuz.<\/p>\n<p>Depunerea unei cereri de rambursare nu garanteaz\u0103 \u00een mod automat c\u0103 cererea dvs. va fi satisf\u0103cut\u0103 \u0219i, \u00eentr-un astfel de caz, r\u0103spunsul nostru va indica faptul c\u0103 ave\u021bi dreptul de a sesiza Serviciul Ombudsmanului Financiar dac\u0103 nu accepta\u021bi justificarea oferit\u0103.<\/p>\n<p><strong>4. Tranzac\u021bii de plat\u0103 eronate<\/strong><br \/>\nErori se \u00eent\u00e2mpl\u0103 \u0219i cel mai bun mod de a le corecta este s\u0103 le anticip\u0103m \u0219i s\u0103 fim preg\u0103ti\u021bi \u00een mod corespunz\u0103tor pentru ele. Dac\u0103 lua\u021bi cuno\u0219tin\u021b\u0103 de o astfel de tranzac\u021bie eronat\u0103, aduce\u021bi-o \u00een aten\u021bia noastr\u0103 c\u00e2t mai cur\u00e2nd posibil \u0219i nu mai t\u00e2rziu de treisprezece (13) luni de la data incidentului, iar noi vom lua m\u0103suri.<\/p>\n<p>Dac\u0103 banii nu sunt primi\u021bi \u00een contul \u00een care i-a\u021bi trimis, dac\u0103 banii trimi\u0219i \u00een contul dvs. nu au fost niciodat\u0103 primi\u021bi \u0219i detaliile pl\u0103titorului arat\u0103 c\u0103 detaliile contului dvs. au fost introduse corect sau dac\u0103 comerciantul pe care \u00eel pl\u0103ti\u021bi nu a primit plata, v\u0103 vom rambursa plata \u00eenapoi \u00een contul dvs. \u00cen cazul \u00een care tranzac\u021bia eronat\u0103 a dus la perceperea unor taxe sau dob\u00e2nzi \u0219i comisioane, le vom rambursa \u0219i pe acestea.<\/p>\n<p>Aceste reguli nu se aplic\u0103 \u00een cazul schimburilor valutare.<\/p>\n<p><strong>5. R\u0103spunderea pl\u0103titorului pentru tranzac\u021biile de plat\u0103 neautorizate<br \/>\n<\/strong>Pute\u021bi fi obligat s\u0103 suporta\u021bi pierderi de p\u00e2n\u0103 la 50 de euro (sau 50GBP pentru Regatul Unit) \u00een leg\u0103tur\u0103 cu orice tranzac\u021bii de plat\u0103 neautorizate, care rezult\u0103 din utilizarea detaliilor dvs. de securitate furate sau deturnate sau a unui card de plat\u0103 pierdut sau furat sau din deturnarea unui card de plat\u0103, dac\u0103:<\/p>\n<ul>\n<li>pierderea, furtul sau sustragerea datelor dumneavoastr\u0103 de securitate sau a cardului de plat\u0103 nu a putut fi detectat\u0103 de dumneavoastr\u0103 \u00eenainte de o opera\u021biune de plat\u0103, cu excep\u021bia cazului \u00een care s-a considerat c\u0103 a\u021bi ac\u021bionat \u00een mod fraudulos; sau<\/li>\n<li>pierderea a fost cauzat\u0103 de actele sau lipsa de ac\u021biune a unui angajat, distribuitor, agent sau sucursal\u0103 a noastr\u0103 sau a unei entit\u0103\u021bi c\u0103reia i-au fost subcontractate activit\u0103\u021bile.<\/li>\n<\/ul>\n<p>Ve\u021bi suporta toate pierderile legate de orice tranzac\u021bii de plat\u0103 neautorizate, dac\u0103 acestea au fost suferite \u00een timp ce ac\u021biona\u021bi \u00een mod fraudulos sau nu v-a\u021bi \u00eendeplinit una sau mai multe dintre obliga\u021bii cu inten\u021bie sau din neglijen\u021b\u0103 grav\u0103. \u00cen astfel de cazuri, suma maxim\u0103 men\u021bionat\u0103 la primul paragraf nu se aplic\u0103.<\/p>\n<p>\u00cen cazul \u00een care nu a\u021bi ac\u021bionat \u00een mod fraudulos \u0219i nici nu v-a\u021bi \u00eenc\u0103lcat \u00een mod inten\u021bionat obliga\u021biile care v\u0103 revin, putem reduce r\u0103spunderea men\u021bionat\u0103 \u00een prezentul alineat, \u021bin\u00e2nd seama, \u00een special, de natura creden\u021bialelor de securitate personalizate \u0219i de circumstan\u021bele specifice \u00een care instrumentul de plat\u0103 a fost pierdut, furat sau sustras \u00een mod necorespunz\u0103tor.<\/p>\n<p>\u00cen cazul \u00een care nu solicit\u0103m utilizarea unei autentific\u0103ri puternice a clientului, nu ve\u021bi suporta nicio pierdere financiar\u0103, cu excep\u021bia cazului \u00een care avem dovada c\u0103 a\u021bi ac\u021bionat \u00een mod fraudulos. Acela\u0219i lucru se aplic\u0103 \u0219i \u00een cazul \u00een care o tranzac\u021bie de plat\u0103 a fost efectuat\u0103 dup\u0103 ce ne-a\u021bi notificat c\u0103 acredit\u0103rile dvs. de securitate au fost furate sau sustrase sau c\u0103 cardul dvs. de plat\u0103 a fost pierdut, furat sau deturnat. \u00cen cazul \u00een care nu reu\u0219im s\u0103 v\u0103 punem la dispozi\u021bie mijloace adecvate pentru notificarea \u00een orice moment a pierderii, furtului sau sustragerii unui card de plat\u0103, nu ve\u021bi fi r\u0103spunz\u0103tor pentru consecin\u021bele financiare care rezult\u0103 din utilizarea cardului de plat\u0103 respectiv, cu excep\u021bia cazului \u00een care consider\u0103m c\u0103 a\u021bi ac\u021bionat \u00een mod fraudulos.<\/p>\n<p><strong>6. Restituiri de taxe<br \/>\n<\/strong>Dac\u0103 alege\u021bi s\u0103 v\u0103 re\u00eenc\u0103rca\u021bi portofelul electronic OKTO cu fonduri folosind un card de credit sau de debit (care au dreptul la Chargeback), declara\u021bi c\u0103 ve\u021bi exercita dreptul la Chargeback numai pentru utilizarea neautorizat\u0103 a metodei de re\u00eenc\u0103rcare sau pentru o \u00eenc\u0103lcare de c\u0103tre noi a Termenilor \u0219i Condi\u021biilor Comerciantului sau a Termenilor \u0219i Condi\u021biilor Consumatorului, de c\u0103tre oricare dintre reprezentan\u021bii no\u0219tri, care v-ar da dreptul la o rambursare a sumei re\u00eenc\u0103rcate. Nu ave\u021bi voie s\u0103 efectua\u021bi o rambursare a unei tranzac\u021bii de re\u00eenc\u0103rcare sau s\u0103 permite\u021bi rambursarea unei tranzac\u021bii de re\u00eenc\u0103rcare din motive pentru care noi nu suntem responsabili. Ne rezerv\u0103m dreptul de a v\u0103 percepe comisioane \u0219i cheltuieli (a\u0219a cum se arat\u0103 \u00een sec\u021biunea Programarea comisioanelor de pe site-ul OKTO) pe care le putem suporta \u00een leg\u0103tur\u0103 cu o astfel de Rambursare \u0219i cu orice ac\u021biune \u00eentreprins\u0103 pentru a o contesta.<\/p>\n<p>\u00cen cazul \u00een care o rambursare sau o anulare a unei tranzac\u021bii de re\u00eenc\u0103rcare are ca rezultat un sold negativ \u00een contul dvs. de portofel electronic OKTO, ne a\u0219tept\u0103m s\u0103 v\u0103 re\u00eenc\u0103rca\u021bi contul cu suma respectiv\u0103 (sau o sum\u0103 mai mare), astfel \u00eenc\u00e2t soldul negativ s\u0103 fie remediat. Dac\u0103 nu reu\u0219i\u021bi s\u0103 face\u021bi acest lucru \u00een termen de cinci (5) zile lucr\u0103toare, acest lucru va fi considerat o \u00eenc\u0103lcare a Termenilor \u0219i condi\u021biilor PSU (sau a Termenilor \u0219i condi\u021biilor comerciantului, dac\u0103 este cazul). Nu v\u0103 vom anun\u021ba cu privire la soldul negativ, iar rambursarea acestuia va fi a\u0219teptat\u0103 \u00een termenul indicat \u00een aceast\u0103 sec\u021biune. Ne rezerv\u0103m dreptul, \u00een orice moment, s\u0103 v\u0103 trimitem memento-uri sau s\u0103 lu\u0103m alte m\u0103suri de remediere, inclusiv s\u0103 ac\u021bion\u0103m \u00een instan\u021b\u0103 \u00een cazul \u00een care nu remedia\u021bi rambursarea \u00een intervalul de timp aplicabil sau dac\u0103 demonstra\u021bi un interes sc\u0103zut \u00een acest sens. Ne rezerv\u0103m dreptul de a v\u0103 factura cheltuielile pe care le suport\u0103m \u00een mod rezonabil \u00een leg\u0103tur\u0103 cu astfel de ac\u021biuni de remediere.<\/p>\n<p><strong>Nu trebuie s\u0103 efectua\u021bi o re\u00eenc\u0103rcare prin intermediul unei Metode de plat\u0103 pentru care nu sunte\u021bi titularul desemnat.\u00a0<\/strong>Orice astfel de \u00eencercare va fi considerat\u0103 de Sureswipe ca fiind un act fraudulos. F\u0103r\u0103 a aduce atingere solicit\u0103rii de daune suplimentare ca urmare a unei astfel de ac\u021biuni frauduloase, putem percepe o tax\u0103 de administrare de 20 de euro (sau 20 GBP pentru Regatul Unit) pentru fiecare returnare de re\u00eenc\u0103rcare, \u00een cazul \u00een care se face o astfel de returnare.<\/p>\n<p><strong>7. Diverse<\/strong><br \/>\nAceast\u0103 politic\u0103 de rambursare va fi modificat\u0103 din c\u00e2nd \u00een c\u00e2nd \u00een cazul \u00een care intervine vreo schimbare \u00een legisla\u021bie. \u00cen cazul unor modific\u0103ri datorate unor schimb\u0103ri de reglementare, vom transmite o notificare corespunz\u0103toare. Modific\u0103rile se vor aplica la dou\u0103 (2) luni de la data \u00een\u0219tiin\u021b\u0103rii din partea noastr\u0103.<\/p>\n<p>\u00cen cazul \u00een care nu dori\u021bi s\u0103 accepta\u021bi Politica de rambursare \u0219i returnare revizuit\u0103, nu trebuie s\u0103 continua\u021bi s\u0103 utiliza\u021bi Serviciile OKTO. Prin continuarea utiliz\u0103rii Serviciilor OKTO dup\u0103 data intr\u0103rii \u00een vigoare a modific\u0103rii, se va considera c\u0103, prin utilizarea Serviciilor OKTO, a\u021bi acceptat modific\u0103rile \u0219i sunte\u021bi obligat s\u0103 respecta\u021bi noua Politic\u0103 de rambursare \u0219i returnare.<\/p>\n<p><strong>Actualizat \u00een data de: 26.09.2023<\/strong><\/p>\n","protected":false},"excerpt":{"rendered":"<p>1. Informa\u021bii de fond Acest site web www.oktowallet.eu (&#8222;Site-ul web&#8221;) este operat \u00een mod legal de OKTOPAY Limited, o companie \u00eenregistrat\u0103 \u00een Cipru cu num\u0103rul de companie HE400907, cu sediul social la 16, John Kennedy Ave, 2nd Floor, NIVIAN COURT, 1087, Nicosia, Cipru (denumit\u0103 \u00een continuare &#8222;noi&#8221;, &#8222;al nostru&#8221;, &#8222;noi&#8221;), \u0219i va fi utilizat numai [&hellip;]<\/p>\n","protected":false},"author":2,"featured_media":0,"parent":0,"menu_order":0,"comment_status":"closed","ping_status":"closed","template":"","meta":{"_acf_changed":false},"class_list":["post-19086","page","type-page","status-publish","hentry"],"acf":[],"_links":{"self":[{"href":"https:\/\/www.oktowallet.eu\/ro\/wp-json\/wp\/v2\/pages\/19086","targetHints":{"allow":["GET"]}}],"collection":[{"href":"https:\/\/www.oktowallet.eu\/ro\/wp-json\/wp\/v2\/pages"}],"about":[{"href":"https:\/\/www.oktowallet.eu\/ro\/wp-json\/wp\/v2\/types\/page"}],"author":[{"embeddable":true,"href":"https:\/\/www.oktowallet.eu\/ro\/wp-json\/wp\/v2\/users\/2"}],"replies":[{"embeddable":true,"href":"https:\/\/www.oktowallet.eu\/ro\/wp-json\/wp\/v2\/comments?post=19086"}],"version-history":[{"count":0,"href":"https:\/\/www.oktowallet.eu\/ro\/wp-json\/wp\/v2\/pages\/19086\/revisions"}],"wp:attachment":[{"href":"https:\/\/www.oktowallet.eu\/ro\/wp-json\/wp\/v2\/media?parent=19086"}],"curies":[{"name":"wp","href":"https:\/\/api.w.org\/{rel}","templated":true}]}}