{"id":23878,"date":"2022-03-17T18:19:17","date_gmt":"2022-03-17T16:19:17","guid":{"rendered":"http:\/\/www.oktowallet.eu\/?page_id=23878"},"modified":"2024-09-10T18:19:51","modified_gmt":"2024-09-10T15:19:51","slug":"informativa-sui-cookie","status":"publish","type":"page","link":"https:\/\/www.oktowallet.eu\/it\/informativa-sui-cookie\/","title":{"rendered":"Informativa sui Cookie"},"content":{"rendered":"<h3>INFORMATIVA SUI COOKIE DI OKTO<\/h3>\n<p>&nbsp;<\/p>\n<p><strong>Perch\u00e9 leggere l\u2019Informativa sui Cookie?<\/strong><\/p>\n<p>L\u2019Informativa sui Cookie spiega come OKTO (\u201cnoi\u201d, \u201cnostro\u201d) utilizza cookie, web beacon, pixel di tracciamento, gif trasparenti e altre simili tecnologie di tracciamento (collettivamente \u201cCookie\u201d) quando l\u2019utente visita siti Web di propriet\u00e0 e\/o gestiti da OKTO, che rimandano alla presente Informativa sui Cookie (collettivamente \u201csiti Web\u201d). Spiega inoltre cosa sono queste tecnologie, perch\u00e9 le usiamo e in che modo controllare l\u2019uso che ne facciamo.<\/p>\n<p>La presente Informativa sui cookie \u00e8 parte della nostra Informativa sulla Privacy, che illustra in che modo e per quale motivo raccogliamo, memorizziamo, utilizziamo e condividiamo dati personali in generale, nonch\u00e9 i diritti dell\u2019utente in relazione ai dati personali. Si prega di consultare la nostra\u00a0<span style=\"color: #0000ff;\"><a style=\"color: #0000ff;\" href=\"http:\/\/www.oktowallet.eu\/it\/okto-privacy-policy\/\">Informativa sulla Privacy<\/a><\/span>\u00a0per ulteriori informazioni.<\/p>\n<p>Scegliendo di utilizzare i siti Web, l\u2019utente accetta l\u2019installazione di Cookie strettamente necessari (descritti pi\u00f9 avanti) sul computer o altro dispositivo, utili per la gestione e l\u2019amministrazione dei Siti web. Inoltre, ove l\u2019utente lo consentir\u00e0, potremo impostare altri Cookie non strettamente necessari (descritti pi\u00f9 avanti).<\/p>\n<p><strong>Cosa sono i Cookie?<\/strong><\/p>\n<p>Un cookie rappresenta una piccola informazione (file di testo) che i siti Web inseriscono e memorizzano su computer, telefoni cellulari o qualsiasi dispositivo che abbia accesso a Internet quando si visita un sito Web. I Cookie consentono di riconoscere il browser dell\u2019utente ogni volta che l\u2019utente visita il sito Web. I Cookie possono memorizzare le preferenze degli utenti e possono essere utilizzati per raccogliere dati statistici sull\u2019utilizzo del sito Web, o per garantire una adeguata visualizzazione di certi elementi grafici e il corretto funzionamento di tutte le funzionalit\u00e0 del sito Web. Per ulteriori informazioni generali sui cookie, invitiamo a leggere la pagina Wikipedia dedicata ai Cookie HTTP.<\/p>\n<p><strong>Perch\u00e9 OKTO utilizza i Cookie?<\/strong><\/p>\n<p>Utilizziamo i cookie per diverse ragioni. Alcuni Cookie sono necessari per ragioni tecniche fondamentali per il corretto funzionamento del nostro sito Web. Ci si riferisce a questi ultimi come Cookie \u201cstrettamente necessari\u201d. Raccogliendo e memorizzando informazioni sulle preferenze dell\u2019utente, altri tipi di cookie permettono di offrire siti Web migliori, consentendoci di monitorare le pagine che l\u2019utente ritiene pi\u00f9 utili e personalizzare i nostri siti Web in base alle sue esigenze. Potremmo utilizzare Cookie per raccogliere dati statistici e misurazioni delle visite sul nostro sito Web per gestire la sicurezza dei nostri servizi, individuando\/tracciando ogni eventuale tentativo di dolo, intrusione informatica o violazione delle condizioni generali di utilizzo.<\/p>\n<p><strong>Quali tipi di Cookie utilizziamo?<\/strong><\/p>\n<p><strong>1. Cookie strettamente necessari<\/strong><br \/>\nQuesti cookie sono necessari per assicurare un corretto funzionamento dei siti Web. Di solito sono impostati in risposta ad azioni compiute dall\u2019utente, come ad esempio le impostazioni delle preferenze sulla privacy. Le informazioni raccolte attraverso questo tipo di Cookie non sono utilizzate per fini commerciali. Dato che sono necessari per il corretto funzionamento dei nostri siti Web, questi cookie non possono essere disattivati. \u00c8 possibile impostare il browser per bloccare o fornire avvisi sull\u2019utilizzo di questi Cookie (per ulteriori informazioni, consultare \u201cCome controllare o eliminare i cookie\u201d di seguito).<\/p>\n<p><strong>2. Cookie di prestazione\/analitici<\/strong><br \/>\nUtilizziamo i cookie di prestazione per tracciare il modo in cui l\u2019utente utilizza i Siti ogni volta che li visita, senza raccogliere informazioni personali, per fornire un\u2019esperienza utente migliore e mantenere, gestire e migliorare costantemente i siti Web. In genere, queste informazioni sono anonime e aggregate con le informazioni tracciate su tutti gli utenti del sito, per aiutare le aziende a comprendere i modelli di utilizzo dei visitatori, identificare e diagnosticare problemi o errori che i loro utenti potrebbero incontrare e prendere decisioni strategiche migliori per migliorare l\u2019esperienza complessiva del sito Web del loro pubblico. Questi cookie possono essere impostati dal sito Web che si sta visitando (prima parte) o da fornitori di servizi terzi.<\/p>\n<p><strong>3. Cookie di marketing<\/strong><br \/>\nUtilizziamo Cookie di marketing per fornire messaggi pubblicitari ai visitatori su siti Web di terze parti e misurare l\u2019efficacia delle nostre iniziative commerciali.<\/p>\n<p><strong>Cookie impostati dai nostri fornitori di servizi terzi:<\/strong><\/p>\n<p>1. Utilizziamo Google Analytics. Google Analytics raccoglie informazioni sull\u2019utilizzo dei nostri siti Web attraverso i Cookie. Per saperne di pi\u00f9 su come Google utilizza queste informazioni, visitare il sito <span style=\"color: #0000ff;\"><a style=\"color: #0000ff;\" href=\"https:\/\/www.google.com\/policies\/privacy\/partners\/\">https:\/\/www.google.com\/policies\/privacy\/partners\/<\/a><\/span> e consultare l\u2019informativa sulla privacy di Google all\u2019indirizzo <span style=\"color: #0000ff;\"><a style=\"color: #0000ff;\" href=\"https:\/\/policies.google.com\/privacy\">https:\/\/policies.google.com\/privacy<\/a><\/span>.<\/p>\n<p>2. Per aiutarci a determinare gli interessi degli utenti, Google e Google AdSense utilizzano Cookie sui nostri Siti Web. Questi Cookie sono utilizzati per tracciare le visite precedenti ai nostri siti Web e le visite ad altri siti. \u00c8 possibile consultare l\u2019informativa sulla privacy di Google all\u2019indirizzo <span style=\"color: #0000ff;\"><a style=\"color: #0000ff;\" href=\"https:\/\/policies.google.com\/privacy\">https:\/\/policies.google.com\/privacy<\/a><\/span>.<\/p>\n<p>3. Utilizziamo anche Cookie di Facebook e LinkedIn sui nostri siti Web, attraverso cui Facebook e LinkedIn raccolgono informazioni sugli utenti e sull\u2019utilizzo dei nostri siti Web. Queste informazioni sono raccolte per personalizzare la pubblicit\u00e0 su Facebook e\/o LinkedIn e per analizzare l\u2019utilizzo dei nostri Siti Web. Per ulteriori informazioni sui Cookie di Facebook e LinkedIn, consultare l\u2019informativa sulla privacy di Facebook all\u2019indirizzo <span style=\"color: #0000ff;\"><a style=\"color: #0000ff;\" href=\"https:\/\/www.facebook.com\/about\/privacy\">https:\/\/www.facebook.com\/about\/privacy<\/a><\/span> e l\u2019informativa sulla privacy di LinkedIn all\u2019indirizzo <span style=\"color: #0000ff;\"><a style=\"color: #0000ff;\" href=\"https:\/\/www.linkedin.com\/legal\/privacy-policy\">https:\/\/www.linkedin.com\/legal\/privacy-policy<\/a><\/span>.<\/p>\n<p>4. Utilizziamo i Cookie Hotjar sul nostro Sito Web per comprendere meglio il comportamento dell\u2019utente durante la navigazione sui nostri Siti Web. Per saperne di pi\u00f9 su come Hotjar raccoglie e memorizza i cookie, consultare l\u2019informativa sulla privacy all\u2019indirizzo <span style=\"color: #0000ff;\"><a style=\"color: #0000ff;\" href=\"https:\/\/www.hotjar.com\/privacy\/\">https:\/\/www.hotjar.com\/privacy\/<\/a><\/span>.<\/p>\n<p><strong>Come controllare o eliminare i Cookie?<\/strong><\/p>\n<p><strong>1. Preferenze sui Cookie<\/strong><br \/>\nL\u2019utente pu\u00f2 decidere se accettare o rifiutare i Cookie che non siano strettamente necessari. \u00c8 possibile esprimere le proprie preferenze sui Cookie cliccando su \u201cImpostazioni dei Cookie\u201d sul banner dei cookie.<\/p>\n<p><strong>2. Comandi del browser:<\/strong><br \/>\n\u00c8 possibile modificare le impostazioni del browser per non accettare pi\u00f9 i cookie ed eliminare i cookie gi\u00e0 impostati. Per sapere come fare, visitare la pagina supporto del browser:<\/p>\n<ul>\n<li>Chrome (<span style=\"color: #0000ff;\"><a style=\"color: #0000ff;\" href=\"https:\/\/support.google.com\/chrome\/answer\/95647?hl=en\">https:\/\/support.google.com\/chrome\/answer\/95647?hl=en<\/a><\/span>);<\/li>\n<li>Firefox (<span style=\"color: #0000ff;\"><a style=\"color: #0000ff;\" href=\"https:\/\/support.mozilla.org\/en-US\/kb\/cookies-information-websites-store-on-your-computer\">https:\/\/support.mozilla.org\/en-US\/kb\/cookies-information-websites-store-on-your-computer<\/a><\/span>);<\/li>\n<li>Internet Explorer (<span style=\"color: #0000ff;\"><a style=\"color: #0000ff;\" href=\"https:\/\/support.microsoft.com\/en-us\/help\/17442\/windows-internet-explorer-delete-manage-cookies#ie=ie-11\">https:\/\/support.microsoft.com\/en-us\/help\/17442\/windows-internet-explorer-delete-manage-cookies#ie=ie-11<\/a><\/span>);<\/li>\n<li>Opera (<span style=\"color: #0000ff;\"><a style=\"color: #0000ff;\" href=\"https:\/\/help.opera.com\/en\/latest\/web-preferences\/\">https:\/\/help.opera.com\/en\/latest\/web-preferences\/<\/a><\/span>);<\/li>\n<li>Edge (<span style=\"color: #0000ff;\"><a style=\"color: #0000ff;\" href=\"https:\/\/support.microsoft.com\/en-gb\/help\/4468242\/microsoft-edge-browsing-data-and-privacy\">https:\/\/support.microsoft.com\/en-gb\/help\/4468242\/microsoft-edge-browsing-data-and-privacy<\/a><\/span>);<\/li>\n<li>Safari (<span style=\"color: #0000ff;\"><a style=\"color: #0000ff;\" href=\"https:\/\/support.apple.com\/guide\/safari\/manage-cookies-and-website-data-sfri11471\/mac\">https:\/\/support.apple.com\/guide\/safari\/manage-cookies-and-website-data-sfri11471\/mac<\/a><\/span>).<\/li>\n<\/ul>\n<p>Se l\u2019utente ha disattivato uno o pi\u00f9 Cookie, potremo ancora utilizzare informazioni raccolte dai Cookie prima delle modifiche alle preferenze. Tuttavia, non utilizzeremo pi\u00f9 i Cookie disattivati per raccogliere ulteriori informazioni.<\/p>\n<p><strong>Aggiornamenti all\u2019Informativa sui Cookie<\/strong><\/p>\n<p>La presente Informativa sui Cookie \u00e8 aggiornata regolarmente. Se necessario, porremo gli aggiornamenti all\u2019attenzione dell\u2019utente durante la sua prossima visita ai siti Web.<br \/>\nL\u2019utente \u00e8 invitato a tornare su questa pagina per tenersi aggiornato sull\u2019ultima versione della presente Informativa sui cookie.<\/p>\n<p><strong>Lista dei Cookie<\/strong><\/p>\n<p>La tabella sottostante offre una lista indicativa, ma non esaustiva, dei Cookie utilizzati. Ogni volta che si visitano i nostri siti Web, \u00e8 possibile rivedere i Cookie ed esprimere le preferenze su di essi cliccando su \u201cImpostazione dei Cookie\u201d dal relativo banner.<\/p>\n\n<table id=\"tablepress-79\" class=\"tablepress tablepress-id-79\">\n<thead>\n<tr class=\"row-1\">\n\t<th class=\"column-1\">Cookie<\/th><th class=\"column-2\">Finalit\u00e0<\/th><th class=\"column-3\">Scadenza<\/th><th class=\"column-4\">Categoria<\/th>\n<\/tr>\n<\/thead>\n<tbody class=\"row-striping row-hover\">\n<tr class=\"row-2\">\n\t<td class=\"column-1\">Google Analytics (_ga)<\/td><td class=\"column-2\">Cookie utilizzato per distinguere gli utenti<br>sui siti Web e per generare informazioni<br>statistiche su come utilizzano i siti Web.<br>Aiuta a migliorare i siti Web.<\/td><td class=\"column-3\">2 anni<\/td><td class=\"column-4\">Analitico<\/td>\n<\/tr>\n<tr class=\"row-3\">\n\t<td class=\"column-1\">Google Analytics (_gat)<\/td><td class=\"column-2\">Cookie utilizzato per limitare la velocit\u00e0<br>di richiesta.<\/td><td class=\"column-3\">1 min<\/td><td class=\"column-4\">Analitico<\/td>\n<\/tr>\n<tr class=\"row-4\">\n\t<td class=\"column-1\">Google Analytics (_gid)<\/td><td class=\"column-2\">Cookie utilizzato per distinguere gli utenti.<\/td><td class=\"column-3\">24 ore<\/td><td class=\"column-4\">Analitico<\/td>\n<\/tr>\n<tr class=\"row-5\">\n\t<td class=\"column-1\">Google Adsense<br>(_ga_<container-id>)<\/td><td class=\"column-2\">Cookie utilizzato per preservare lo stato<br>della sessione.<\/td><td class=\"column-3\">2 anni<\/td><td class=\"column-4\">Marketing<\/td>\n<\/tr>\n<tr class=\"row-6\">\n\t<td class=\"column-1\">Google Adsense (_gcl_au)<\/td><td class=\"column-2\">Cookie utilizzato per memorizzare e tracciare<br>le conversioni.<\/td><td class=\"column-3\">24 ore<\/td><td class=\"column-4\">Marketing<\/td>\n<\/tr>\n<tr class=\"row-7\">\n\t<td class=\"column-1\">Hotjar<br>(_hjAbsoluteSessionInProgress)<\/td><td class=\"column-2\">Cookie utilizzato per individuare la prima<br>visualizzazione della pagina da parte<br>dell\u2019utente. \u00c8 un flag Vero\/Falso<br>impostato dal Cookie.<\/td><td class=\"column-3\">30 minuti<\/td><td class=\"column-4\">Analitico<\/td>\n<\/tr>\n<tr class=\"row-8\">\n\t<td class=\"column-1\">Hotjar (_hjFirstSeen)<\/td><td class=\"column-2\">Impostato per identificare la prima sessione<br>da parte di un nuovo utente. Memorizza un<br>valore vero\/falso che indica se \u00e8 la prima<br>volta che Hotjar identifica uno specifico utente.<br>Viene utilizzato dai filtri di registrazione<br>per identificare una sessione del nuovo utente.<\/td><td class=\"column-3\">1 ora<\/td><td class=\"column-4\">Analitico<\/td>\n<\/tr>\n<tr class=\"row-9\">\n\t<td class=\"column-1\">Hotjar<br>(_hjIncludedInPageviewSample)<\/td><td class=\"column-2\">Questo cookie viene impostato per consentire a<br>Hotjar di sapere se l\u2019utente in questione<br>\u00e8 incluso nel campionamento dei dati definito<br>dal limite di pagine visualizzate.<\/td><td class=\"column-3\">30 minuti<\/td><td class=\"column-4\">Analitico<\/td>\n<\/tr>\n<tr class=\"row-10\">\n\t<td class=\"column-1\">Hotjar<br>(_hjSessionUser_<user-id>)<\/td><td class=\"column-2\">Cookie impostato quando l\u2019utente accede ai<br>Siti Web per la prima volta. Assicura che i dati<br>delle successive visite al Sito Web<br>vengano attribuiti allo stesso utente.<\/td><td class=\"column-3\">1 anno<\/td><td class=\"column-4\">Analitico<\/td>\n<\/tr>\n<tr class=\"row-11\">\n\t<td class=\"column-1\">Hotjar<br>(_hjSession_<user-id>)<\/td><td class=\"column-2\">Cookie utilizzato per conservare i dati della<br>sessione corrente e per assicurare che le richieste<br>successive nella finestra di sessione vengano<br>attribuite alla stessa sessione.<\/td><td class=\"column-3\">30 minuti<\/td><td class=\"column-4\">Analitico<\/td>\n<\/tr>\n<tr class=\"row-12\">\n\t<td class=\"column-1\">Facebook (_fbp)<\/td><td class=\"column-2\">Cookie utilizzato per memorizzare e tracciare<br>le visite sui siti Web.<\/td><td class=\"column-3\">3 mesi<\/td><td class=\"column-4\">Marketing<\/td>\n<\/tr>\n<tr class=\"row-13\">\n\t<td class=\"column-1\">Facebook (datr)<\/td><td class=\"column-2\">Cookie utilizzato per la prevenzione contro<br>le frodi.<\/td><td class=\"column-3\">2 anni<\/td><td class=\"column-4\">Marketing<\/td>\n<\/tr>\n<tr class=\"row-14\">\n\t<td class=\"column-1\">Linkedin (lidc)<\/td><td class=\"column-2\">Cookie utilizzato per facilitare la selezione<br>del data center e per tracciare l\u2019utilizzo di<br>servizi integrati.<\/td><td class=\"column-3\">24 ore<\/td><td class=\"column-4\">Marketing<\/td>\n<\/tr>\n<tr class=\"row-15\">\n\t<td class=\"column-1\">Linkedin (li_gc)<\/td><td class=\"column-2\">Cookie utilizzato per memorizzare il consenso<br>di visitatori ospiti all\u2019utilizzo dei cookie per finalit\u00e0<br>non essenziali.<\/td><td class=\"column-3\">2 anni<\/td><td class=\"column-4\">Marketing<\/td>\n<\/tr>\n<tr class=\"row-16\">\n\t<td class=\"column-1\">Linkedin (bcookie)<\/td><td class=\"column-2\">Cookie utilizzato per tracciare l\u2019utilizzo dei<br>servizi integrati.<\/td><td class=\"column-3\">2 anni<\/td><td class=\"column-4\">Marketing<\/td>\n<\/tr>\n<tr class=\"row-17\">\n\t<td class=\"column-1\">Linkedin (lang)<\/td><td class=\"column-2\">Cookie utilizzato per memorizzare le<br>impostazioni della lingua dell\u2019utente.<\/td><td class=\"column-3\">Sessione<\/td><td class=\"column-4\">Marketing<\/td>\n<\/tr>\n<tr class=\"row-18\">\n\t<td class=\"column-1\">vg_gdpr<\/td><td class=\"column-2\">Accetta i cookie<\/td><td class=\"column-3\">Sessione<\/td><td class=\"column-4\">Strettamente necessario<\/td>\n<\/tr>\n<\/tbody>\n<\/table>\n<!-- #tablepress-79 from cache -->\n","protected":false},"excerpt":{"rendered":"<p>INFORMATIVA SUI COOKIE DI OKTO &nbsp; Perch\u00e9 leggere l\u2019Informativa sui Cookie? L\u2019Informativa sui Cookie spiega come OKTO (\u201cnoi\u201d, \u201cnostro\u201d) utilizza cookie, web beacon, pixel di tracciamento, gif trasparenti e altre simili tecnologie di tracciamento (collettivamente \u201cCookie\u201d) quando l\u2019utente visita siti Web di propriet\u00e0 e\/o gestiti da OKTO, che rimandano alla presente Informativa sui Cookie (collettivamente [&hellip;]<\/p>\n","protected":false},"author":2,"featured_media":0,"parent":0,"menu_order":0,"comment_status":"closed","ping_status":"closed","template":"","meta":{"_acf_changed":false},"class_list":["post-23878","page","type-page","status-publish","hentry"],"acf":[],"_links":{"self":[{"href":"https:\/\/www.oktowallet.eu\/it\/wp-json\/wp\/v2\/pages\/23878","targetHints":{"allow":["GET"]}}],"collection":[{"href":"https:\/\/www.oktowallet.eu\/it\/wp-json\/wp\/v2\/pages"}],"about":[{"href":"https:\/\/www.oktowallet.eu\/it\/wp-json\/wp\/v2\/types\/page"}],"author":[{"embeddable":true,"href":"https:\/\/www.oktowallet.eu\/it\/wp-json\/wp\/v2\/users\/2"}],"replies":[{"embeddable":true,"href":"https:\/\/www.oktowallet.eu\/it\/wp-json\/wp\/v2\/comments?post=23878"}],"version-history":[{"count":0,"href":"https:\/\/www.oktowallet.eu\/it\/wp-json\/wp\/v2\/pages\/23878\/revisions"}],"wp:attachment":[{"href":"https:\/\/www.oktowallet.eu\/it\/wp-json\/wp\/v2\/media?parent=23878"}],"curies":[{"name":"wp","href":"https:\/\/api.w.org\/{rel}","templated":true}]}}