{"id":23231,"date":"2020-11-09T12:35:40","date_gmt":"2020-11-09T10:35:40","guid":{"rendered":"http:\/\/www.oktowallet.eu\/pcsil-privacy-policy\/"},"modified":"2023-07-06T18:23:16","modified_gmt":"2023-07-06T15:23:16","slug":"pcsil-privacy-policy","status":"publish","type":"page","link":"https:\/\/www.oktowallet.eu\/it\/pcsil-privacy-policy\/","title":{"rendered":"Informativa sulla Privacy di PCSIL"},"content":{"rendered":"<p><strong>Chi siamo<\/strong><\/p>\n<p>PFS Card Services Ireland Limited (\u201cPCSIL\u201d) \u00e8 un\u2019azienda tecnologica e un istituto di moneta elettronica in rapida crescita con uffici nel Regno Unito, Irlanda, Spagna, Francia e Malta. PCSIL \u00e8 autorizzata e regolata in Irlanda dalla Banca Centrale d\u2019Irlanda, come istituto di moneta elettronica, con numero di riferimento C175999. Forniamo soluzioni finanziarie di moneta elettronica a marchio proprio e white label, inclusi e-wallet, carte prepagate, conti correnti e prodotti aggiuntivi (si veda qui: https:\/\/prepaidfinancialservices.com\/en\/#products). PCSIL fornisce soluzioni end-to-end complete per i clienti progettando, sviluppando, implementando e gestendo questi programmi.<\/p>\n<p><strong>Cosa e perch\u00e9<\/strong><\/p>\n<p>\u00c8 importante che gli Utenti sappiano esattamente cosa facciamo con le informazioni personali che, insieme ad altri, ci rendono disponibili, perch\u00e9 le raccogliamo e cosa comporta per loro. Il presente documento descrive l\u2019approccio di PCSIL alla Privacy dei Dati, per ottemperare ai nostri obblighi previsti dal regolamento generale sulla protezione dei dati dell\u2019Unione europea (GDPR) implementato il 25 maggio 2018. Siamo stati lieti di accogliere l\u2019avvento del GDPR, dal momento che ha offerto a PCSIL un\u2019ulteriore opportunit\u00e0 per rassicurare i nostri clienti sull\u2019importanza che ha per noi conservare i dati personali in maniera sicura e sulle severe linee guida che applichiamo per il loro uso.<\/p>\n<p><strong>Chi \u00e8 il titolare del trattamento dei dati<\/strong><\/p>\n<p>Per i dati personali trattati ai sensi della presente Informativa sulla Privacy, il titolare del trattamento dei dati \u00e8 PCSIL, Front Office Scurlockstown Business Campus, Trim, Co. Meath, Irlanda.<\/p>\n<p><strong>Le informazioni personali che vorremmo raccogliere sono:<\/strong><\/p>\n<ul>\n<li>nome e cognome (incluso il titolo);<\/li>\n<li>data di nascita;<\/li>\n<li>indirizzo e-mail;<\/li>\n<li>documenti di verifica dell\u2019indirizzo;<\/li>\n<li>documenti di identit\u00e0;<\/li>\n<li>altre informazioni personali, come registrazioni telefoniche, domande di sicurezza, nome utente;<\/li>\n<li>indirizzo;<\/li>\n<li>genere;<\/li>\n<li>dettagli del Conto bancario;<\/li>\n<li>numero di telefono;<\/li>\n<li>informazioni sulle transazioni;<\/li>\n<li>riprese a circuito chiuso quando gli Utenti visitano i nostri uffici.<\/li>\n<\/ul>\n<p><strong>I dati personali che raccogliamo saranno utilizzati per i seguenti scopi:<\/strong><\/p>\n<ul>\n<li>fornire servizi di carta prepagata, come previsto dai nostri obblighi contrattuali;<\/li>\n<li>fornire servizi di e-wallet;<\/li>\n<li>fornire servizi di Conto IBAN;<\/li>\n<li>elaborare le informazioni degli account;<\/li>\n<li>osservare i nostri obblighi legali per prevenire le frodi, il riciclaggio di denaro, il finanziamento del terrorismo o l\u2019uso improprio dei nostri servizi;<\/li>\n<li>verificare l\u2019identit\u00e0 degli Utenti;<\/li>\n<li>contattare gli stessi a proposito dei nostri servizi che vengono utilizzati;<\/li>\n<li>quando richiesto dalle forze dell\u2019ordine per investigare su un crimine.<\/li>\n<\/ul>\n<p><strong>Le basi legali per il trattamento dei dati personali sono le seguenti:<\/strong><\/p>\n<ul>\n<li>ricezione del consenso degli Utenti;<\/li>\n<li>esecuzione di un contratto in cui gli stessi sono una delle parti;<\/li>\n<li>obblighi legali che PCSIL deve rispettare;<\/li>\n<li>leggi nazionali.<\/li>\n<\/ul>\n<p><strong>Tutti i nostri legittimi interessi, o delle terze parti che utilizziamo, sono i seguenti:<\/strong><\/p>\n<ul>\n<li>la prevenzione di frodi, il riciclaggio di denaro, il finanziamento del terrorismo o l\u2019uso improprio dei nostri servizi.<\/li>\n<\/ul>\n<p><strong>Consenso<\/strong><\/p>\n<p>Fornendo il consenso alla presente Informativa sulla Privacy, gli Utenti ci danno il permesso di trattare i loro dati personali specificatamente per le finalit\u00e0 appena descritte. Il consenso \u00e8 necessario perch\u00e9 PCSIL possa trattare i dati personali, ma esso deve essere fornito in maniera esplicita. Quando chiediamo di fornirci dati personali sensibili, ne specificheremo sempre il motivo e il modo in cui tali informazioni verranno utilizzate.<\/p>\n<p><strong>Consenso per i minori di 16 anni<\/strong><\/p>\n<p>Se l\u2019Utente sta fornendo il consenso a nome di un minore di sedici (16) anni, \u00e8 necessario essere consapevoli che i minori hanno bisogno di una protezione specifica per quanto riguarda i loro dati personali, dal momento che potrebbero essere meno al corrente dei rischi, delle conseguenze e delle misure di protezione, nonch\u00e9 dei loro diritti in relazione al trattamento dei loro dati personali necessario per utilizzare questi servizi. Acconsentendo alla presente informativa sulla privacy per conto di un minore, l\u2019Utente sta dando l\u2019autorizzazione ad utilizzare i dati del minore per le finalit\u00e0 appena descritte.<\/p>\n<p><strong>Condizioni per il ritiro del consenso<\/strong><\/p>\n<p>\u00c8 possibile ritirare il proprio consenso per il marketing diretto in qualsiasi momento contattando il nostro Responsabile della protezione dei dati. Laddove gli Utenti abbiano acconsentito all&#8217;utilizzo dei loro dati per l&#8217;esecuzione di transazioni finanziarie, il diritto di revocare il consenso non esiste. In qualit\u00e0 di fornitore di servizi di pagamento, PCSIL \u00e8 obbligata a conservare i dati riguardanti le transazioni finanziarie per 6 anni, in conformit\u00e0 con le leggi nazionali e allo scopo di prevenire, individuare e investigare possibili casi di riciclaggio di denaro o finanziamento del terrorismo.<\/p>\n<p><strong>Trasferimenti internazionali di dati e divulgazione a terzi<\/strong><\/p>\n<p>In situazioni limitate in cui PCSIL archivia o trasferisce informazioni personali al di fuori del SEE o dell&#8217;UE, si applicano solide procedure e misure di salvaguardia per proteggere, crittografare e mantenere l&#8217;integrit\u00e0 dei dati. PCSIL completer\u00e0 revisioni continue dei paesi che hanno misure di sufficiente adeguatezza, come lo scudo per la Privacy negli USA*, e adotter\u00e0 disposizioni per regole aziendali vincolanti, clausole standard sulla protezione dei dati o codici di condotta approvati. PCSIL eseguir\u00e0 inoltre controlli di due diligence con tutti i destinatari dei dati personali per valutare e verificare che dispongano di garanzie adeguate per proteggere le informazioni. PCSIL si impegna a non trasferire i Dati personali al di fuori del SEE o dell&#8217;UE nel pieno rispetto dell&#8217;articolo 46 del GDPR e a non trasferire i dati al di fuori del SEE o dell&#8217;UE a meno che non siano soddisfatte le seguenti condizioni:<\/p>\n<ul>\n<li>il titolare dei dati ha diritti applicabili e rimedi legali efficaci;<\/li>\n<li>PCSIL rispetter\u00e0 i propri obblighi ai sensi della Legislazione sulla protezione dei dati fornendo un livello adeguato di protezione a tutti i Dati personali trasferiti (o, se non \u00e8 vincolata in tal senso, si adopera al meglio per assistere il Cliente nell&#8217;adempimento dei propri obblighi);<\/li>\n<li>PCSIL rispetta tutte le ragionevoli istruzioni a essa preventivamente comunicate in relazione al trattamento dei Dati personali;<\/li>\n<li>su richiesta scritta, dovr\u00e0 cancellare o restituire i Dati personali (incluse eventuali copie) a meno che PCSIL non sia obbligata per legge a conservare i Dati personali.<\/li>\n<\/ul>\n<p>Nei casi in cui PCSIL sia tenuta a trasferire Dati personali negli Stati Uniti d&#8217;America, PCSIL invier\u00e0 tali Dati personali solo a terzi subappaltatori che soddisfino i requisiti minimi contenuti nello scudo per la privacy*, o nelle clausole contrattuali standard per il trasferimento dei dati personali a elaboratori di dati con sede in paesi terzi ai sensi della Direttiva 95\/46\/CE del Parlamento europeo.<\/p>\n<p>*Nel caso in cui lo scudo per la privacy venga abrogato in qualsiasi data futura, per qualsiasi ragione, PCSIL stabilir\u00e0 contratti solo con terzi subappaltatori che soddisfino i requisiti contenuti nelle clausole contrattuali standard per il trasferimento dei dati personali a elaboratori di dati con sede in paesi terzi ai sensi della Direttiva 95\/46\/CE del Parlamento e del Consiglio europeo.<\/p>\n<p><strong>Periodo di conservazione<\/strong><\/p>\n<p>PCSIL tratter\u00e0 i dati personali per la durata del contratto di servizi e conserver\u00e0 i dati personali per sei (6) anni dal termine del contratto.<\/p>\n<p><strong>I diritti dell\u2019Utente in qualit\u00e0 di Titolare dei dati<\/strong><\/p>\n<p>In qualsiasi momento in cui siamo in possesso di o stiamo trattando i suoi dati personali, il titolare dei dati gode dei seguenti diritti:<\/p>\n<ul>\n<li>diritto di accesso, cio\u00e8 di richiedere una copia delle informazioni che abbiamo sull\u2019Utente;<\/li>\n<li>diritto di rettifica, cio\u00e8 di correggere i dati che conserviamo, qualora fossero imprecisi o incompleti;<\/li>\n<li>diritto all\u2019oblio (in alcune circostanze, l\u2019Utente potr\u00e0 chiedere che i suoi dati in nostro possesso vengano cancellati dai nostri registri). I dati relativi a transazioni finanziarie, conti e carte non possono essere cancellati a causa di leggi nazionali associate alla prevenzione di frodi, riciclaggio di denaro, finanziamento del terrorismo o uso improprio dei servizi per commettere un crimine;<\/li>\n<li>diritto a limitare il trattamento (in presenza di alcune condizioni, l\u2019Utente ha il diritto di limitare il trattamento);<\/li>\n<li>diritto alla portabilit\u00e0, cio\u00e8 di vedere i dati che conserviamo trasferiti a un\u2019altra organizzazione;<\/li>\n<li>diritto di opposizione, cio\u00e8 di opporsi a certi tipi di trattamento, come il marketing diretto;<\/li>\n<li>diritto di opposizione al trattamento automatizzato, incluso il profiling (gli Utenti hanno anche il diritto di essere soggetti agli effetti legali del trattamento automatizzato o profiling);<\/li>\n<li>diritto al riesame giudiziario, nel caso in cui PCSIL rifiuti la richiesta degli Utenti in base ai diritti di accesso, ne forniremo loro il motivo. Gli stessi hanno il diritto di sporgere un reclamo come descritto di seguito.<\/li>\n<\/ul>\n<p>Tutte le suddette richieste saranno inoltrate, nel caso ci dovesse essere una terza parte coinvolta nel trattamento dei dati personali. Gli Utenti trovano una copia del nostro modulo di richiesta di accesso dell\u2019interessato qui: Scegliere l\u2019editor di testo preferito.<\/p>\n<p><strong>Modifiche alla presente Informativa sulla Privacy<\/strong><\/p>\n<p>PCSIL potrebbe, di tanto in tanto, apportare modifiche alla presente Informativa sulla Privacy. Quando PCSIL apporter\u00e0 modifiche sostanziali alla presente Informativa sulla Privacy, PCSIL avviser\u00e0 con una notifica in evidenza in base alle circostanze (ad esempio con un avviso in evidenza sul sito Web pertinente o inviando un&#8217;e-mail). PCSIL potrebbe avvisare in anticipo. Invitiamo, pertanto, a leggere qualsiasi avviso con attenzione.<\/p>\n<p><strong>Reclami<\/strong><\/p>\n<p>Nel caso gli Utenti volessero sporgere un reclamo su come i loro dati personali sono stati trattati da PCSIL (o da terze parti come sopra), o su come \u00e8 stato gestito il loro reclamo, hanno il diritto di sottoporre un reclamo direttamente all\u2019autorit\u00e0 di supervisione e al titolare del trattamento dei dati personali di PCSIL nei seguenti modi:<\/p>\n<p>(a) via e-mail a DPO@Prepaidfinacialservices.com;<\/p>\n<p>(b) via posta a PCSIL, Front Office Scurlockstown Business Campus, Trim, Co. Meath, Irlanda.<\/p>\n<p>&nbsp;<\/p>\n<p>PFS Card Services Ireland Limited emette le carte su licenza di Mastercard International Incorporated. PFS Card Services Ireland Limited \u00e8 autorizzata e regolata dalla Banca Centrale d\u2019Irlanda come istituto di moneta elettronica, con numero di registrazione C175999 e Sede legale in Front Office Scurlockstown Business Campus, Trim, Co. Meath, Irlanda. Numero di registrazione dell&#8217;azienda: 590062.<\/p>\n","protected":false},"excerpt":{"rendered":"<p>Chi siamo PFS Card Services Ireland Limited (\u201cPCSIL\u201d) \u00e8 un\u2019azienda tecnologica e un istituto di moneta elettronica in rapida crescita con uffici nel Regno Unito, Irlanda, Spagna, Francia e Malta. PCSIL \u00e8 autorizzata e regolata in Irlanda dalla Banca Centrale d\u2019Irlanda, come istituto di moneta elettronica, con numero di riferimento C175999. Forniamo soluzioni finanziarie di [&hellip;]<\/p>\n","protected":false},"author":2,"featured_media":0,"parent":0,"menu_order":0,"comment_status":"closed","ping_status":"closed","template":"","meta":{"_acf_changed":false},"class_list":["post-23231","page","type-page","status-publish","hentry"],"acf":[],"_links":{"self":[{"href":"https:\/\/www.oktowallet.eu\/it\/wp-json\/wp\/v2\/pages\/23231","targetHints":{"allow":["GET"]}}],"collection":[{"href":"https:\/\/www.oktowallet.eu\/it\/wp-json\/wp\/v2\/pages"}],"about":[{"href":"https:\/\/www.oktowallet.eu\/it\/wp-json\/wp\/v2\/types\/page"}],"author":[{"embeddable":true,"href":"https:\/\/www.oktowallet.eu\/it\/wp-json\/wp\/v2\/users\/2"}],"replies":[{"embeddable":true,"href":"https:\/\/www.oktowallet.eu\/it\/wp-json\/wp\/v2\/comments?post=23231"}],"version-history":[{"count":0,"href":"https:\/\/www.oktowallet.eu\/it\/wp-json\/wp\/v2\/pages\/23231\/revisions"}],"wp:attachment":[{"href":"https:\/\/www.oktowallet.eu\/it\/wp-json\/wp\/v2\/media?parent=23231"}],"curies":[{"name":"wp","href":"https:\/\/api.w.org\/{rel}","templated":true}]}}