{"id":23229,"date":"2021-05-19T18:20:33","date_gmt":"2021-05-19T15:20:33","guid":{"rendered":"http:\/\/www.oktowallet.eu\/refund-policy\/"},"modified":"2024-12-17T17:51:18","modified_gmt":"2024-12-17T15:51:18","slug":"refund-policy","status":"publish","type":"page","link":"https:\/\/www.oktowallet.eu\/it\/refund-policy\/","title":{"rendered":"Politica dei rimborsi"},"content":{"rendered":"<p><strong>1. Informazioni preliminari<\/strong><br \/>\nIl presente sito Web www.oktowallet.eu (\u201cSito Web\u201d) \u00e8 operato secondo la legge da OKTOPAY Limited, un\u2019azienda registrata a Cipro con numero HE400907, con sede legale in <span data-teams=\"true\">16, John Kennedy Ave, 2nd Floor, NIVIAN COURT, 1087<\/span>, Nicosia, Cipro (d\u2019ora in avanti \u201cnoi\u201d, \u201cnostro\u201d), e deve essere utilizzato solo per ragioni di informazione.<\/p>\n<p><strong>2. Definizioni<\/strong><br \/>\n<strong>Giornata lavorativa:<\/strong> qualsiasi giornata lavorativa ufficiale della settimana in Grecia e a Cipro, o in qualsiasi altra giurisdizione in cui operano le banche di supporto.<br \/>\n<strong>Chargeback:<\/strong> restituzione del denaro dell&#8217;Utente da parte della sua Banca emittente a causa della transazione contestata e\/o fraudolenta.<br \/>\n<strong>Criteri di idoneit\u00e0:<\/strong> insieme di requisiti che devono essere soddisfatti per il Rimborso o la Restituzione.<br \/>\n<strong>Banca emittente:<\/strong> banca che ha emesso la carta di pagamento all\u2019Utente in qualit\u00e0 di Titolare della carta.<br \/>\n<strong>Rimborso dell\u2019importo originale:<\/strong> importo preciso della commissione della Transazione detratta dall&#8217;importo di una determinata Transazione dell&#8217;Utente.<br \/>\n<strong>Rimborso:<\/strong> restituzione dell\u2019importo della commissione della Transazione pagata dall\u2019Utente relativamente a una certa Transazione.<br \/>\n<strong>Costi della transazione:<\/strong> qualsiasi commissione addebitata da una banca\/istituzione finanziaria quando viene elaborata una richiesta di rimborso valida.<br \/>\n<strong>Utente:<\/strong> individuo o entit\u00e0 che ha un account e-wallet OKTO ed \u00e8 vincolato dai Termini e condizioni per commercianti o dai Termini e condizioni per consumatori.<\/p>\n<p>Tutti gli altri termini e condizioni della presente Politica dei rimborsi sono utilizzati con lo stesso significato utilizzato nei Termini e condizioni per commercianti e nei Termini e condizioni per consumatori.<\/p>\n<p><strong>3. Operazioni di pagamento non autorizzate<\/strong><br \/>\nIn caso di operazioni di pagamento non autorizzate, all\u2019Utente sar\u00e0 rimborsato l&#8217;importo dell\u2019operazione di pagamento non autorizzata immediatamente, e in ogni caso non oltre la fine del Giorno lavorativo successivo, dopo aver preso atto o essere stato informato della transazione, salvo nei casi in cui c\u2019\u00e8 un motivo ragionevole per sospettare di una frode.<\/p>\n<p>Ove applicabile, ripristineremo il conto di pagamento addebitato allo stato in cui si sarebbe trovato se l&#8217;operazione di pagamento non autorizzata non fosse avvenuta.<\/p>\n<p>I soldi verranno restituiti al conto dell\u2019Utente al verificarsi di una delle seguenti condizioni:<\/p>\n<p>1. l\u2019operazione di pagamento \u00e8 stata causata dalle nostre azioni interne, senza che l\u2019Utente ne sia al corrente o coinvolto;<br \/>\n2. i dettagli di sicurezza sono stati compromessi senza che l\u2019Utente ne sia al corrente e il suo conto potrebbe essere utilizzato in maniera impropria;<br \/>\n3. l\u2019operazione di pagamento ha avuto luogo dopo che l\u2019Utente ci ha informato che i suoi dettagli di sicurezza sono stati compromessi;<br \/>\n4. quando l\u2019Utente ci ha incaricato di effettuare il pagamento, abbiamo dovuto applicare forti misure di autenticazione del cliente ai sensi della legge e non l&#8217;abbiamo fatto.<\/p>\n<p>Rimborseremo anche eventuali commissioni che potrebbero essere state addebitate a seguito dell\u2019operazione di pagamento e pagate dal conto dell\u2019Utente.<\/p>\n<p>Non rimborseremo denaro se l\u2019Utente ha agito in modo fraudolento o se non ha mantenuto, intenzionalmente o incautamente, i suoi dati di sicurezza al sicuro. Ad esempio, non rimborseremo un\u2019operazione di pagamento in cui \u00e8 stato utilizzato un altro elemento di sicurezza oltre ai dettagli di sicurezza, come l&#8217;impronta digitale o l&#8217;ID facciale.<\/p>\n<p>Per segnalare una transazione non autorizzata e richiedere un rimborso, \u00e8 necessario richiedere e compilare un modulo di rimborso e inviarlo a <span style=\"color: #3366ff;\"><a style=\"color: #3366ff;\" href=\"mailto:support@oktopayments.com\"><span style=\"color: #0000ff;\">support@oktopayments.com<\/span><\/a><\/span>. Elaboreremo la richiesta di Rimborso dell\u2019Utente non appena ragionevolmente possibile. I tempi di risposta possono variare a seconda della ragione della richiesta di rimborso e della qualit\u00e0 delle informazioni fornite per supportare la richiesta. In ogni caso, comunicheremo l&#8217;esito della richiesta secondo le tempistiche qui previste, che consister\u00e0 nel rimborso dell&#8217;intero importo del pagamento o nella motivazione del rifiuto del rimborso.<\/p>\n<p>Nel tentativo di scoraggiare e prevenire potenziali attivit\u00e0 non autorizzate, tutti i pagamenti e le informazioni relative alle richieste di rimborso possono essere verificati da noi. In casi sospetti, potremmo richiedere all\u2019Utente di fornire prove materiali che giustifichino la sua richiesta di rimborso. Se l\u2019Utente non fornisce tali prove entro cinque (5) giorni lavorativi dalla nostra richiesta o in caso di dubbi sull&#8217;autenticit\u00e0 dei documenti forniti o sulla validit\u00e0 delle informazioni, avremo il diritto di rifiutare la sua richiesta di Rimborso o chiedere chiarimenti che, qualora si rivelino ancora insoddisfacenti, concluderanno il processo di Rimborso con formale comunicazione di rifiuto.<\/p>\n<p>La presentazione della richiesta di rimborso non garantisce automaticamente che la richiesta sar\u00e0 soddisfatta; in tal caso. la nostra risposta indicher\u00e0 che l\u2019Utente ha il diritto di deferire la questione al Servizio del mediatore finanziario se non accetta la giustificazione fornita.<\/p>\n<p><strong>4. Operazioni di pagamento errate<\/strong><br \/>\nGli errori accadono e la maniera migliore per rimediare \u00e8 quella di anticiparli e di essere debitamente preparati ad affrontarli. Se l\u2019Utente viene a conoscenza di una transazione errata, deve portarla alla nostra attenzione il prima possibile e non oltre tredici (13) mesi dal giorno dell&#8217;incidente e prenderemo provvedimenti.<br \/>\nSe il denaro non viene ricevuto sul conto a cui l\u2019Utente lo ha inviato, se il denaro inviato al suo conto non \u00e8 mai stato ricevuto e i dettagli del pagante mostrano che i dettagli del suo conto sono stati inseriti correttamente o se il commerciante che l\u2019Utente sta pagando non ha ricevuto il pagamento, rimborseremo il pagamento sul suo conto. Se la transazione errata ha dato origine ad addebiti o interessi e commissioni, rimborseremo anche quelli.<\/p>\n<p>Tali regole non si applicano ai cambi di valuta.<\/p>\n<p><strong>5. Responsabilit\u00e0 del pagante per operazioni di pagamento non autorizzate<\/strong><br \/>\nL\u2019Utente potrebbe essere obbligato a sopportare perdite fino a \u20ac 50 (o 50 GBP per il Regno Unito) relative a qualsiasi operazione di pagamento non autorizzata, risultante dall&#8217;uso dei suoi dati di sicurezza rubati o sottratti o di una carta di pagamento smarrita o rubata o dall&#8217;appropriazione indebita di una carta di pagamento, se:<\/p>\n<ul>\n<li>la perdita, il furto o l&#8217;appropriazione indebita dei suoi dati di sicurezza o della sua carta di pagamento non erano da lui\/lei rilevabili prima di un&#8217;operazione di pagamento, a meno che non sia stato ritenuto che abbia agito in modo fraudolento;<\/li>\n<li>la perdita \u00e8 stata causata da atti o mancanza di azione di un nostro dipendente, distributore, agente o filiale o di un&#8217;entit\u00e0 a cui sono state esternalizzate le attivit\u00e0.<\/li>\n<\/ul>\n<p>L\u2019Utente sosterr\u00e0 tutte le perdite relative a eventuali operazioni di pagamento non autorizzate se sostenute in modo fraudolento o non adempiendo a uno o pi\u00f9 degli obblighi con dolo o colpa grave. In questi casi, l\u2019importo massimo a cui si fa riferimento nel primo sottoparagrafo non si applicher\u00e0.<\/p>\n<p>Se l\u2019Utente non ha agito in modo fraudolento n\u00e9 intenzionalmente omesso di ottemperare ai tuoi obblighi, potremmo ridurre la responsabilit\u00e0 di cui al presente paragrafo, tenendo conto, in particolare, della natura delle credenziali di sicurezza personalizzate e delle circostanze specifiche in cui lo strumento di pagamento \u00e8 andato perso, rubato o sottratto indebitamente.<\/p>\n<p>Laddove non richiediamo l&#8217;uso di un&#8217;autenticazione forte del cliente, nessuna perdita finanziaria sar\u00e0 a suo carico a meno che non abbiamo la prova che ha agito in modo fraudolento. Lo stesso vale se un\u2019operazione di pagamento \u00e8 stata effettuata dopo che l\u2019Utente ci ha comunicato che le sue credenziali di sicurezza sono state rubate o sottratte indebitamente o che la sua carta di pagamento \u00e8 stata smarrita, rubata o sottratta indebitamente. Se non forniamo alcun mezzo appropriato per informarci in qualsiasi momento di una carta di pagamento smarrita, rubata o sottratta indebitamente, l\u2019Utente non sar\u00e0 responsabile per le conseguenze finanziarie derivanti dall&#8217;uso di tale carta di pagamento, tranne nel caso in cui riteniamo che abbia agito in modo fraudolento.<\/p>\n<p><strong>6. Chargeback<\/strong><br \/>\nSe l\u2019Utente sceglie di ricaricare il suo e-wallet OKTO utilizzando una carta di credito o di debito (che hanno diritto al Chargeback), dichiara che eserciter\u00e0 il diritto al Chargeback solo per l&#8217;uso non autorizzato del metodo di ricarica o per una violazione da parte nostra dei Termini e condizioni per commercianti o dei Termini e condizioni per consumatori, da parte di uno qualsiasi dei nostri rappresentanti, che darebbe diritto al rimborso dell&#8217;importo della ricarica. Non pu\u00f2 effettuare il Chargeback di qualsiasi transazione di ricarica o consentire il Chargeback di qualsiasi transazione di ricarica per ragioni di cui non siamo responsabili. Ci riserviamo il diritto di addebitare all\u2019Utente commissioni e spese (come mostrato nella sezione Tariffe sul sito Web OKTO) che potremmo sostenere in relazione a tale Chargeback e qualsiasi azione intrapresa per contestarlo.<\/p>\n<p>Se un Chargeback o l\u2019annullamento di una transazione di ricarica risulta in un saldo negativo sul conto e-wallet OKTO dell\u2019Utente, ci aspettiamo che ricarichi il suo conto con l\u2019importo necessario (o superiore) per rimediare al saldo negativo. Se ci\u00f2 non avviene entro cinque (5) giorni lavorativi, ci\u00f2 sar\u00e0 considerata un\u2019infrazione dei termini e delle condizioni per l\u2019utente di sistemi di pagamento (o Termini e condizioni per commercianti quando applicabili). Non forniremo avvisi sul saldo negativo, e il suo rimborso \u00e8 previsto entro il termine indicato in questa sezione. Ci riserviamo il diritto, in qualsiasi momento, di inviare solleciti all\u2019Utente o di adottare altre misure correttive, incluso il perseguimento del reclamo in tribunale, se lo stesso non pone rimedio al rimborso entro il termine applicabile o se dimostra scarso interesse a farlo. Ci riserviamo il diritto di addebitargli\/le spese ragionevolmente sostenute in relazione a tali azioni correttive.<\/p>\n<p><strong>L\u2019Utente non deve effettuare una ricarica tramite alcun Metodo di pagamento di cui non \u00e8 l&#8217;intestatario.<\/strong> Qualsiasi tentativo del genere sar\u00e0 considerato da Sureswipe come un atto fraudolento. Fatta salva la richiesta di ulteriori danni a seguito di tale azione fraudolenta, potremmo addebitare una commissione amministrativa di \u20ac 20 (o 20 GBP per il Regno Unito) per ogni restituzione di ricarica, qualora tale restituzione venga effettuata.<\/p>\n<p><strong>7. Altre disposizioni<\/strong><br \/>\nLa presente Politica dei rimborsi verr\u00e0 modificata di volta in volta in caso di modifiche alla legislazione. In caso di eventuali modifiche dovute a cambiamenti normativi, forniremo un apposito avviso. Le modifiche si applicheranno due (2) mesi dopo averne dato notizia.<\/p>\n<p>Nel caso in cui l\u2019Utente non desideri accettare la Politica dei rimborsi e resi rivisitata, non potr\u00e0 continuare a utilizzare i servizi OKTO. Continuando a utilizzare i Servizi OKTO dopo la data di entrata in vigore della modifica, l\u2019utilizzo dei Servizi OKTO implicher\u00e0 che l\u2019Utente abbia accettato le modifiche e sia vincolato dalla nuova Politica dei rimborsi e resi.<\/p>\n<p><strong>Ultimo aggiornamento effettuato il 26\/09\/2023<\/strong><\/p>\n","protected":false},"excerpt":{"rendered":"<p>1. Informazioni preliminari Il presente sito Web www.oktowallet.eu (\u201cSito Web\u201d) \u00e8 operato secondo la legge da OKTOPAY Limited, un\u2019azienda registrata a Cipro con numero HE400907, con sede legale in 16, John Kennedy Ave, 2nd Floor, NIVIAN COURT, 1087, Nicosia, Cipro (d\u2019ora in avanti \u201cnoi\u201d, \u201cnostro\u201d), e deve essere utilizzato solo per ragioni di informazione. 2. [&hellip;]<\/p>\n","protected":false},"author":2,"featured_media":0,"parent":0,"menu_order":0,"comment_status":"closed","ping_status":"closed","template":"","meta":{"_acf_changed":false},"class_list":["post-23229","page","type-page","status-publish","hentry"],"acf":[],"_links":{"self":[{"href":"https:\/\/www.oktowallet.eu\/it\/wp-json\/wp\/v2\/pages\/23229","targetHints":{"allow":["GET"]}}],"collection":[{"href":"https:\/\/www.oktowallet.eu\/it\/wp-json\/wp\/v2\/pages"}],"about":[{"href":"https:\/\/www.oktowallet.eu\/it\/wp-json\/wp\/v2\/types\/page"}],"author":[{"embeddable":true,"href":"https:\/\/www.oktowallet.eu\/it\/wp-json\/wp\/v2\/users\/2"}],"replies":[{"embeddable":true,"href":"https:\/\/www.oktowallet.eu\/it\/wp-json\/wp\/v2\/comments?post=23229"}],"version-history":[{"count":0,"href":"https:\/\/www.oktowallet.eu\/it\/wp-json\/wp\/v2\/pages\/23229\/revisions"}],"wp:attachment":[{"href":"https:\/\/www.oktowallet.eu\/it\/wp-json\/wp\/v2\/media?parent=23229"}],"curies":[{"name":"wp","href":"https:\/\/api.w.org\/{rel}","templated":true}]}}