{"id":25701,"date":"2024-05-28T16:03:10","date_gmt":"2024-05-28T13:03:10","guid":{"rendered":"https:\/\/www.oktowallet.eu\/?page_id=25701"},"modified":"2024-12-18T17:55:42","modified_gmt":"2024-12-18T15:55:42","slug":"okto-karten-promo-angebotsbedingungen-eu","status":"publish","type":"page","link":"https:\/\/www.oktowallet.eu\/de\/okto-karten-promo-angebotsbedingungen-eu\/","title":{"rendered":"OKTO-Karten-Promo-Angebotsbedingungen f\u00fcr die EU"},"content":{"rendered":"<h3 style=\"text-align: center;\">OKTO-Karten-Promo-Angebotsbedingungen f\u00fcr die EU<\/h3>\n<p>&nbsp;<\/p>\n<p>1. OKTO bietet den Nutzern (\u201eNutzer\u201c) von OKTO.WALLET in Griechenland, Zypern, Italien und Deutschland, die wie unten angegeben berechtigt sind, die M\u00f6glichkeit, eine OKTO-Prepaid-Visa-Karte (im Folgenden \u201eOKTO-Karte\u201c) auszustellen, ohne dass die Bestellgeb\u00fchr und die Servicegeb\u00fchr f\u00fcr das erste Jahr in Rechnung gestellt werden, da diese in den Preisen f\u00fcr den Verbraucherservice von OKTO (<span style=\"color: #0000ff;\"><a style=\"color: #0000ff;\" href=\"https:\/\/www.oktowallet.eu\/services-pricing-consumer\/\">https:\/\/www.oktowallet.eu\/services-pricing-consumer\/<\/a><\/span>) enthalten sind.<\/p>\n<p>2. Diese Gesch\u00e4ftsbedingungen unterliegen den Allgemeinen Gesch\u00e4ftsbedingungen f\u00fcr Verbraucher von OKTO, den Kartenverbraucherbedingungen, den OKTO KYC\/AML-Stufen und -Limits sowie der OKTO Datenschutzrichtlinie, die auf der OKTO Website (<span style=\"color: #0000ff;\"><a style=\"color: #0000ff;\" href=\"http:\/\/www.oktowallet.eu\/\">www.oktowallet.eu<\/a><\/span>) eingesehen werden k\u00f6nnen.<\/p>\n<p>3. Die Teilnahme am OKTO-Karten-Promo-Angebot stellt die Annahme dieser Allgemeinen Gesch\u00e4ftsbedingungen dar. Wenn Sie diesen Allgemeinen Gesch\u00e4ftsbedingungen nicht zustimmen, nehmen Sie bitte in keiner Weise an der OKTO-Karten-Promo teil.<\/p>\n<p>4. Das OKTO-Karten-Promo-Angebot wird von Sureswipe bereitgestellt, einem in Zypern eingetragenen Unternehmen, das als lizenziertes E-Geld-Institut (\u201eEMI\u201c) unter der Aufsicht der Zentralbank von Zypern (Genehmigungsnummer 115.1.3.26) t\u00e4tig ist und zur Erbringung von E-Geld-Dienstleistungen im Rahmen der Dienstleistungsfreiheit innerhalb der EWR-Staaten (au\u00dfer Deutschland) im Rahmen der E-Geld-Richtlinie in Zusammenarbeit mit seinem E-Geld-Vertriebspartner OKTOPAY LIMITED, einem nach zyprischem Recht gegr\u00fcndeten Unternehmen mit Sitz in 16, John Kennedy Ave, 2nd Floor, NIVIAN COURT, 1087, Nicosia, Zypern, mit der Registrierungsnummer HE400907 und in Deutschland in Zusammenarbeit mit seinem E-Geld-Vertriebspartner OKTOPAY Deutschland GmbH, einem nach deutschem Recht gegr\u00fcndeten Unternehmen mit Sitz in Am Zirkus 2, 10117, Berlin, Deutschland (zusammen als \u201eOKTO\u201d bezeichnet) zugelassen ist.<\/p>\n<p>5. Die Teilnahme am OKTO-Karten-Promo-Angebot ist kostenlos und beinhaltet die Befreiung von der Bestellgeb\u00fchr f\u00fcr die physische Prepaid-Karte (Bestell-, Versand- und Servicegeb\u00fchr f\u00fcr das erste Jahr) in H\u00f6he von vier (4) Euro (\u20ac) bzw. von der Bestellgeb\u00fchr f\u00fcr die virtuelle Prepaid-Karte (einmalig, Servicegeb\u00fchr f\u00fcr das erste Jahr) in H\u00f6he von zwei (2) Euro (\u20ac), da diese in den Kartenverbraucherbedingungen enthalten sind. Ab dem 2. Jahr werden wie gewohnt Jahresgeb\u00fchren erhoben.<\/p>\n<p>6. Teilnahmeberechtigung und Teilnahme<br \/>\nDie Teilnahme am OKTO-Karten-Promo-Angebot ist nat\u00fcrlichen Personen \u00fcber 18 Jahren mit Wohnsitz in Griechenland, Zypern, Italien oder Deutschland gestattet, die sich bereits als OKTO-Wallet-Nutzer gem\u00e4\u00df den OKTO-Wallet-Bedingungen und den OKTO-KYC\/AML-Stufen und -Limit registriert haben.<\/p>\n<p>Inhaber einer OKTO-Karte haben bereits keinen Anspruch auf das OKTO-Karten-Promo-Angebot.<\/p>\n<p>Das OKTO-Karten-Promo-Angebot l\u00e4uft bis zum 31. Dezember 2024. OKTO beh\u00e4lt sich jedoch das Recht vor, die Werbet\u00e4tigkeit jederzeit oder nach Aussch\u00f6pfung des Budgets des OKTO-Karten-Promo-Angebots einzustellen, ohne dass eine Entsch\u00e4digung an einen Nutzer oder eine Partei oder einen Dritten geschuldet wird.<\/p>\n<p>Zur Teilnahme:<\/p>\n<ul>\n<li>Sie m\u00fcssen ein OKTO-Wallet-Nutzer sein;<\/li>\n<li>F\u00fchren Sie unseren Know-Your-Customer-Test (KYC) erfolgreich durch \u2013 Stufe 2 Premium gem\u00e4\u00df OKTO KYC\/AML-Stufen und -Limit, indem Sie OKTO alle erforderlichen Unterlagen zur Verf\u00fcgung stellen;<\/li>\n<li>Akzeptieren Sie die \u201ePaynovate-Datenschutzrichtlinie\u201c;<\/li>\n<li>Akzeptieren Sie die \u201eKartenverbraucherbedingungen\u201c;<\/li>\n<li>F\u00fcllen Sie das Formular zur Ausstellung einer OKTO-Karte aus.<\/li>\n<\/ul>\n<p>7. Dauer<br \/>\nDas OKTO-Karten-Promo-Angebot steht den berechtigten Nutzern vom 7.\u00a0Juni 2024 (12:00Uhr UTC +1) (\u201eStartdatum\u201c) bis zum 31. Dezember 2024 (12:00Uhr UTC +1) zur Verf\u00fcgung. F\u00fcr den Fall, dass die Anzahl der verf\u00fcgbaren OKTO-Karten von den teilnehmenden Nutzern vor dem 31. Dezember 2024 ersch\u00f6pft ist, ist dieses Datum das Enddatum des OKTO-Karten-Promo-Angebots.<\/p>\n<p>8. Einschr\u00e4nkungen<br \/>\nGem\u00e4\u00df den OKTO-Wallet-Bedingungen d\u00fcrfen Nutzer nur ein (1) OKTO Konto f\u00fchren. Mehrfachregistrierungen sind nicht zul\u00e4ssig, noch sind mehrere OKTO-Karten zul\u00e4ssig.<\/p>\n<p>Sie k\u00f6nnen nur einmal von der Bestellgeb\u00fchr f\u00fcr eine physische Prepaid-Karte (Bestellung, Versand, Servicegeb\u00fchr f\u00fcr das 1. Jahr) und der Bestellgeb\u00fchr f\u00fcr die virtuelle Prepaid-Karte (einzeln, Servicegeb\u00fchr f\u00fcr das 1. Jahr) befreit werden.<\/p>\n<p>OKTO beh\u00e4lt sich das Recht vor, nach eigenem Ermessen die Registrierung einer Teilnahme am OKTO-Karten-Promo-Angebot abzulehnen und\/oder einen Teilnehmer daran zu disqualifizieren, falls es zu Manipulationen kommt oder versucht wird, den Betrieb des OKTO-Karten-Promo-Angebots zu manipulieren (\u201eMissbrauch des OKTO-Karten-Promo-Angebots\u201c).<\/p>\n<p>Insbesondere umfasst ein Missbrauch eines OKTO-Karten-Promo-Angebots unter anderem Folgende:<\/p>\n<p>i. Versto\u00df gegen diese Allgemeinen Gesch\u00e4ftsbedingungen und\/oder die OKTO-Kartenverbraucherbedingungen und\/oder eine der OKTO-Verbraucherbedingungen, die auf der OKTO-Website dargelegt sind;<br \/>\nii. die Beantragung der Befreiung von dem OKTO-Karten-Promo-Angebot, obwohl bereits eine Befreiung gew\u00e4hrt wurde.<\/p>\n<p>Wenn der begr\u00fcndete Verdacht besteht, dass der Nutzer allein oder als Teil einer Gruppe einen OKTO-Karten-Promo-Angebotsmissbrauch begangen oder zu begehen versucht hat, beh\u00e4lt sich OKTO das Recht vor (kumulativ oder selektiv):<\/p>\n<p>i. das OKTO-Karten-Promo-Angebot vom OKTO-Konto des Nutzers zu widerrufen, abzulehnen oder zur\u00fcckzuziehen;<br \/>\nii. den Nutzer von zuk\u00fcnftigen Werbeangeboten auszuschlie\u00dfen;<br \/>\niii. das OKTO-Konto des Nutzers gem\u00e4\u00df den Bestimmungen der OKTO-Verbraucherbedingungen mit sofortiger Wirkung zu k\u00fcndigen.<\/p>\n<p>Unter keinen Umst\u00e4nden haftet OKTO f\u00fcr die Folgen der Stornierung oder Ablehnung des OKTO-Karten-Promo-Angebots.<\/p>\n<p>Der Empf\u00e4nger des OKTO-Karten-Promo-Angebots ist f\u00fcr die Zahlung etwaiger Steuern verantwortlich.<\/p>\n<p>Das OKTO-Karten-Promo-Angebot ist nicht \u00fcbertragbar und wird ohne Gew\u00e4hr bereitgestellt. Es sind keine Ersatzleistungen zul\u00e4ssig, und es kann nicht gegen Bargeld eingel\u00f6st oder eingetauscht werden.<\/p>\n<p>Alle Entscheidungen von OKTO in Bezug auf jeden Aspekt des OKTO-Karten-Promo-Angebots sind endg\u00fcltig und bindend, und es wird keine Korrespondenz dar\u00fcber gef\u00fchrt.<\/p>\n<p>9. Haftungsbeschr\u00e4nkung<br \/>\nOKTO gibt keine Zusicherungen oder Garantien in Bezug auf das OKTO-Karten-Promo-Angebot. OKTO \u00fcbernimmt im gesetzlich zul\u00e4ssigen Umfang keinerlei Haftung f\u00fcr Sch\u00e4den, Verluste, Verletzungen oder sonstige Nachteile (einschlie\u00dflich, aber nicht beschr\u00e4nkt auf entgangene Gewinne, Umsatzeinbu\u00dfen und Verlust von Firmenwert), die einem Nutzer aufgrund oder in Verbindung mit dem OKTO-Karten-Promo-Angebot oder infolge der Teilnahme am OKTO-Karten-Promo-Angebot, des Erhalts der OKTO-Karte oder der Nutzung der OKTO-Karte entstehen.<\/p>\n<p>Wenn eine Handlung, eine Unterlassung, ein Ereignis oder ein Umstand eintritt, die au\u00dferhalb der angemessenen Kontrolle von OKTO liegen und die OKTO daran hindern, diese Allgemeinen Gesch\u00e4ftsbedingungen einzuhalten, haftet OKTO nicht f\u00fcr die Nichterf\u00fcllung oder Verz\u00f6gerung bei der Erf\u00fcllung seiner Verpflichtungen.<\/p>\n<p>10. Allgemein<br \/>\nOKTO beh\u00e4lt sich das Recht vor, dieses OKTO-Karten-Promo-Angebot jederzeit und\/oder im Falle unvermeidbarer Umst\u00e4nde, die au\u00dferhalb der Kontrolle von OKTO liegen und die dies erforderlich machen, zu stornieren, zur\u00fcckzuziehen, zu k\u00fcndigen oder vor\u00fcbergehend auszusetzen oder diese Allgemeinen Gesch\u00e4ftsbedingungen zu \u00e4ndern. Die Nutzer haben Zugriff auf alle aktualisierten Gesch\u00e4ftsbedingungen auf der OKTO Website und\/oder werden \u00fcber ihre registrierte E-Mail-Adresse benachrichtigt.<\/p>\n<p>In den oben genannten F\u00e4llen tr\u00e4gt OKTO keine Verantwortung gegen\u00fcber den Nutzern und die Nutzer sind nicht in der Lage, den Abschluss oder die Fortsetzung des OKTO-Karten-Promo-Angebots zu verlangen und\/oder Schadensersatz geltend zu machen.<\/p>\n<p>Wenn einer der oben genannten F\u00e4lle eintritt, muss jeder Nutzer, der im Zusammenhang mit dem OKTO-Karten-Promo-Angebot kommunizieren m\u00f6chte, eine E-Mail an <a href=\"mailto:support@oktopayments.com\"><span style=\"color: #0000ff;\">support@oktopayments.com<\/span><\/a> senden und ausdr\u00fccklich mitteilen, dass er seine Teilnahme zur\u00fcckziehen m\u00f6chte. Wenn die Nutzer ihre Teilnahme nicht gem\u00e4\u00df dem obigen Verfahren widerrufen, gilt ihre Teilnahme am OKTO-Karten-Promo-Angebot als g\u00fcltig, und dies bedeutet, dass sie stillschweigend und bedingungslos die vorliegenden Allgemeinen Gesch\u00e4ftsbedingungen des OKTO-Karten-Promo-Angebots in der ge\u00e4nderten Fassung akzeptieren.<\/p>\n<p>Das OKTO-Karten-Promo-Angebot und diese Allgemeinen Gesch\u00e4ftsbedingungen unterliegen den Gesetzen Griechenlands, Zyperns, Italiens oder Deutschlands, in \u00dcbereinstimmung mit dem Wohnsitzland des Nutzers, und alle Streitigkeiten unterliegen der ausschlie\u00dflichen Zust\u00e4ndigkeit der Gerichte Griechenlands, Zyperns, Italiens bzw. Deutschlands.<\/p>\n<p><strong>Aktualisiert am: 18. 06. 2024<\/strong><\/p>\n","protected":false},"excerpt":{"rendered":"<p>OKTO-Karten-Promo-Angebotsbedingungen f\u00fcr die EU &nbsp; 1. OKTO bietet den Nutzern (\u201eNutzer\u201c) von OKTO.WALLET in Griechenland, Zypern, Italien und Deutschland, die wie unten angegeben berechtigt sind, die M\u00f6glichkeit, eine OKTO-Prepaid-Visa-Karte (im Folgenden \u201eOKTO-Karte\u201c) auszustellen, ohne dass die Bestellgeb\u00fchr und die Servicegeb\u00fchr f\u00fcr das erste Jahr in Rechnung gestellt werden, da diese in den Preisen f\u00fcr den [&hellip;]<\/p>\n","protected":false},"author":2,"featured_media":0,"parent":0,"menu_order":0,"comment_status":"closed","ping_status":"closed","template":"","meta":{"_acf_changed":false},"class_list":["post-25701","page","type-page","status-publish","hentry"],"acf":[],"_links":{"self":[{"href":"https:\/\/www.oktowallet.eu\/de\/wp-json\/wp\/v2\/pages\/25701","targetHints":{"allow":["GET"]}}],"collection":[{"href":"https:\/\/www.oktowallet.eu\/de\/wp-json\/wp\/v2\/pages"}],"about":[{"href":"https:\/\/www.oktowallet.eu\/de\/wp-json\/wp\/v2\/types\/page"}],"author":[{"embeddable":true,"href":"https:\/\/www.oktowallet.eu\/de\/wp-json\/wp\/v2\/users\/2"}],"replies":[{"embeddable":true,"href":"https:\/\/www.oktowallet.eu\/de\/wp-json\/wp\/v2\/comments?post=25701"}],"version-history":[{"count":0,"href":"https:\/\/www.oktowallet.eu\/de\/wp-json\/wp\/v2\/pages\/25701\/revisions"}],"wp:attachment":[{"href":"https:\/\/www.oktowallet.eu\/de\/wp-json\/wp\/v2\/media?parent=25701"}],"curies":[{"name":"wp","href":"https:\/\/api.w.org\/{rel}","templated":true}]}}