{"id":25417,"date":"2021-05-19T18:20:33","date_gmt":"2021-05-19T15:20:33","guid":{"rendered":"http:\/\/www.oktowallet.eu\/?page_id=25417"},"modified":"2024-12-17T17:49:07","modified_gmt":"2024-12-17T15:49:07","slug":"rueckerstattungsrichtlinie","status":"publish","type":"page","link":"https:\/\/www.oktowallet.eu\/de\/rueckerstattungsrichtlinie\/","title":{"rendered":"R\u00fcckerstattungsrichtlinie"},"content":{"rendered":"<p><strong>1. Hintergrund<br \/>\n<\/strong>Diese Website www.oktowallet.eu (\u201eWebsite\u201c) wird rechtm\u00e4\u00dfig von OKTOPAY Limited betrieben, einem in Zypern unter der Firmennummer HE400907 eingetragenen Unternehmen mit Sitz in <span data-teams=\"true\">16, John Kennedy Ave, 2nd Floor, NIVIAN COURT, 1087<\/span>, Nikosia, Zypern (im Folgenden als \u201ewir\u201c, \u201eunser\u201c, \u201euns\u201c bezeichnet) und darf nur zu Informationszwecken verwendet werden.<\/p>\n<p><strong>2. Definitionen<\/strong><br \/>\n<strong>Arbeitstag:<\/strong>bezeichnet jeden offiziellen Arbeitstag der Woche in Griechenland und Zypern oder einer anderen Gerichtsbarkeit, in der die unterst\u00fctzenden Banken t\u00e4tig sind.<br \/>\n<strong>R\u00fcckbuchung:<\/strong>bedeutet die R\u00fcckzahlung des Geldes des Nutzers durch seine ausstellende Bank aufgrund der strittigen und\/oder betr\u00fcgerischen Transaktion.<br \/>\n<strong>Eignungskriterien:<\/strong>\u00a0Bezeichnet die Anforderungen, die f\u00fcr eine R\u00fcckerstattung oder R\u00fccksendung erf\u00fcllt sein m\u00fcssen.<br \/>\n<strong>Ausstellende Bank:<\/strong>\u00a0bezeichnet die Bank, die dem Benutzer als Karteninhaber eine Zahlungskarte ausgestellt hat.<br \/>\n<strong>Urspr\u00fcnglicher Erstattungsbetrag:<\/strong> bezeichnet den genauen Betrag der Transaktionsgeb\u00fchr, der vom Betrag der Transaktion eines bestimmten Benutzers abgezogen wird.<br \/>\n<strong>R\u00fcckerstattung:<\/strong>\u00a0bedeutet die R\u00fcckgabe des Betrags der vom Benutzer in Bezug auf eine bestimmte Transaktion gezahlten Transaktionsgeb\u00fchr.<br \/>\n<strong>Transaktionsgeb\u00fchren:<\/strong>\u00a0bezeichnet jede Geb\u00fchr, die von einer Bank\/einem Finanzinstitut bei der Bearbeitung eines g\u00fcltigen R\u00fcckerstattungsantrags erhoben wird.<br \/>\n<strong>Sie:<\/strong>\u00a0bezeichnet die nat\u00fcrliche oder juristische Person, die ein OKTO E-Geldb\u00f6rse-Konto unterh\u00e4lt und an die H\u00e4ndlerbedingungen oder die Verbraucherbedingungen gebunden ist.<\/p>\n<p>Alle anderen Begriffe und Definitionen in dieser R\u00fcckerstattungsrichtlinie werden in der gleichen Bedeutung wie in den Allgemeinen Gesch\u00e4ftsbedingungen des H\u00e4ndlers oder den Allgemeinen Gesch\u00e4ftsbedingungen f\u00fcr Verbraucher verwendet.<\/p>\n<p><strong>3. Nicht autorisierte Zahlungsvorg\u00e4nge<\/strong><br \/>\nIm Falle eines nicht autorisierten Zahlungsvorgangs erhalten Sie den Betrag des nicht autorisierten Zahlungsvorgangs unverz\u00fcglich und in jedem Fall sp\u00e4testens bis zum Ende des folgenden Arbeitstages nach Kenntnisnahme oder Benachrichtigung \u00fcber den Vorgang zur\u00fcckerstattet, es sei denn, es besteht ein begr\u00fcndeter Verdacht auf Betrug.<\/p>\n<p>Gegebenenfalls bringen wir das belastete Zahlungskonto wieder auf den Stand, auf dem es sich befunden h\u00e4tte, wenn der nicht autorisierte Zahlungsvorgang nicht stattgefunden h\u00e4tte.<br \/>\nDas Geld wird Ihrem Konto zur\u00fcckerstattet, wenn einer der folgenden Punkte zutrifft:<\/p>\n<p>1. der Zahlungsvorgang durch unsere internen Handlungen ohne Ihr Wissen oder Ihre Beteiligung verursacht wurde;<br \/>\n2. ihre Sicherheitsdaten ohne Ihr Wissen offengelegt wurden und Ihr Konto Gefahr lief, missbraucht zu werden;<br \/>\n3. der Zahlungsvorgang stattgefunden hat, nachdem Sie uns mitgeteilt haben, dass Ihre Sicherheitsdaten offengelegt wurden; oder<br \/>\n4. als Sie uns angewiesen haben, die Zahlung zu leisten, mussten wir eine starke Kundenauthentifizierung nach dem Gesetz anwenden, und wir haben dies nicht getan;<\/p>\n<p>Wir erstatten Ihnen auch alle Geb\u00fchren, die Ihnen m\u00f6glicherweise aufgrund der Zahlungstransaktion in Rechnung gestellt und von Ihrem Konto bezahlt wurden.<\/p>\n<p>Wir erstatten Ihnen kein Geld, wenn Sie betr\u00fcgerisch gehandelt hast oder es vors\u00e4tzlich oder fahrl\u00e4ssig vers\u00e4umt haben, Ihre Sicherheitsdaten sicher aufzubewahren. Zum Beispiel erstatten wir keine Zahlungstransaktion, bei der zus\u00e4tzlich zu Ihren Sicherheitsdaten wie Fingerabdruck oder Gesichts-ID ein anderes Sicherheitselement verwendet wurde.<\/p>\n<p>Um eine nicht autorisierte Transaktion zu melden und eine R\u00fcckerstattung anzufordern, m\u00fcssen Sie ein R\u00fcckerstattungsformular anfordern und ausf\u00fcllen und das entsprechende Formular an <span style=\"color: #0000ff;\"><a style=\"color: #0000ff;\" href=\"mailto:support@oktopayments.com\"><span style=\"color: #0000ff;\">support@oktopayments.com<\/span><\/a><\/span> senden. Wir werden Ihre R\u00fcckerstattungsanfrage so schnell wie m\u00f6glich bearbeiten. Die Antwortzeiten k\u00f6nnen je nach den angegebenen Gr\u00fcnden f\u00fcr den R\u00fcckerstattungsantrag und der Qualit\u00e4t der zur Unterst\u00fctzung des Antrags bereitgestellten Informationen variieren. In jedem Fall werden wir Sie \u00fcber das Ergebnis der Anfrage gem\u00e4\u00df den hierin festgelegten Fristen informieren, die darin bestehen, entweder den vollen Betrag der Zahlung zur\u00fcckzuerstatten oder Ihnen eine Begr\u00fcndung f\u00fcr die Ablehnung der R\u00fcckerstattung der Zahlung vorzulegen.<\/p>\n<p>Um potenzielle unbefugte Aktivit\u00e4ten abzuschrecken und zu verhindern, k\u00f6nnen alle mit R\u00fcckerstattungsanspr\u00fcchen verbundenen Zahlungen und Informationen von uns \u00fcberpr\u00fcft werden. In verd\u00e4chtigen F\u00e4llen k\u00f6nnen wir Sie auffordern, einen materiellen Nachweis zu erbringen, der den R\u00fcckerstattungsantrag rechtfertigt. Sollten Sie diese Nachweise nicht innerhalb von f\u00fcnf (5)\u00a0Werktagen nach unserer Anfrage vorlegen oder Zweifel an der Echtheit der vorgelegten Dokumente oder der G\u00fcltigkeit der Informationen haben, haben wir das Recht, Ihren R\u00fcckerstattungsantrag abzulehnen oder Klarstellungen einzuholen, die, wenn sie sich immer noch als unbefriedigend erweisen, den R\u00fcckerstattungsprozess mit einer formellen Ablehnungsbenachrichtigung abschlie\u00dfen.<\/p>\n<p>Die Einreichung eines R\u00fcckerstattungsantrags garantiert nicht automatisch, dass Ihr Antrag erf\u00fcllt wird, und in einem solchen Fall w\u00fcrde unsere Antwort darauf hinweisen, dass Sie das Recht haben, die Angelegenheit an den Finanz-Ombudsmann-Service zu verweisen, wenn Sie die angegebene Begr\u00fcndung nicht akzeptieren.<\/p>\n<p><strong>4. Fehlerhafter Zahlungsverkehr<\/strong><br \/>\nFehler passieren, und der beste Weg, sie zu beheben, besteht darin, sie zu antizipieren und richtig darauf vorbereitet zu sein. Wenn Sie von einer solchen fehlerhaften Transaktion erfahren, machen Sie uns so schnell wie m\u00f6glich und sp\u00e4testens dreizehn (13)\u00a0Monate nach dem Tag des Vorfalls darauf aufmerksam, und wir werden Ma\u00dfnahmen ergreifen.<\/p>\n<p>Wenn das Geld nicht auf dem Konto eingegangen ist, auf das Sie es \u00fcberwiesen haben, wenn das auf Ihr Konto \u00fcberwiesene Geld nie eingegangen ist und die Angaben des Zahlers zeigen, dass Ihre Kontodaten korrekt eingegeben wurden, oder wenn der von Ihnen bezahlte H\u00e4ndler die Zahlung nicht erhalten hat, erstatten wir die Zahlung auf Ihr Konto zur\u00fcck. Sollte die fehlerhafte Transaktion zu Geb\u00fchren oder Zinsen und Geb\u00fchren gef\u00fchrt haben, werden wir diese auch erstatten.<\/p>\n<p>Diese Regeln gelten nicht f\u00fcr Geldwechsel.<\/p>\n<p><strong>5. Haftung des Zahlers f\u00fcr nicht autorisierte Zahlungsvorg\u00e4nge<\/strong><br \/>\nSie k\u00f6nnen verpflichtet sein, Verluste in H\u00f6he von bis zu 50 \u20ac (oder 50 GBP f\u00fcr das Vereinigte K\u00f6nigreich) im Zusammenhang mit nicht autorisierten Zahlungsvorg\u00e4ngen zu tragen, die sich aus der Verwendung Ihrer gestohlenen oder veruntreuten Sicherheitsdaten oder einer verlorenen oder gestohlenen Zahlungskarte oder aus der Veruntreuung einer Zahlungskarte ergeben, wenn:<\/p>\n<ul>\n<li>der Verlust, Diebstahl oder die widerrechtliche Verwendung Ihrer Sicherheitsdaten oder Ihrer Zahlungskarte vor einer Zahlungstransaktion f\u00fcr Sie nicht erkennbar war, es sei denn, es wurde davon ausgegangen, dass Sie betr\u00fcgerisch gehandelt haben; oder<\/li>\n<li>der Verlust durch Handlungen oder Unterlassungen eines Mitarbeiters, Vertriebspartners, Vertreters oder einer Zweigniederlassung von uns oder eines Unternehmens verursacht wurde, an das seine Aktivit\u00e4ten ausgelagert wurden.<\/li>\n<\/ul>\n<p>Sie tragen alle Verluste im Zusammenhang mit nicht autorisierten Zahlungsvorg\u00e4ngen, wenn sie durch arglistiges Handeln oder durch vors\u00e4tzliche oder grob fahrl\u00e4ssige Nichterf\u00fcllung einer oder mehrerer der Verpflichtungen entstanden sind. In solchen F\u00e4llen gilt der im ersten Unterabsatz genannte H\u00f6chstbetrag nicht.<\/p>\n<p>Wenn Sie weder betr\u00fcgerisch gehandelt noch vors\u00e4tzlich gegen Ihre Verpflichtungen versto\u00dfen haben, k\u00f6nnen wir die in diesem Absatz genannte Haftung reduzieren, insbesondere unter Ber\u00fccksichtigung der Art der personalisierten Sicherheitsmerkmale und der spezifischen Umst\u00e4nde, unter denen das Zahlungsinstrument verloren gegangen, gestohlen oder veruntreut wurde.<\/p>\n<p>Wenn wir keine starke Kundenauthentifizierung verlangen, werden keine finanziellen Verluste von Ihnen getragen, es sei denn, wir haben Beweise daf\u00fcr, dass Sie betr\u00fcgerisch gehandelt haben. Gleiches gilt, wenn ein Zahlungsvorgang durchgef\u00fchrt wurde, nachdem Sie uns mitgeteilt haben, dass Ihre Sicherheitsdaten gestohlen oder widerrechtlich verwendet wurden oder Ihre Zahlungskarte verloren gegangen ist, gestohlen oder widerrechtlich verwendet wurde. Wenn wir Ihnen keine geeigneten Mittel zur Verf\u00fcgung stellen, um eine verlorene, gestohlene oder veruntreute Zahlungskarte jederzeit zu benachrichtigen, haften Sie nicht f\u00fcr die finanziellen Folgen, die sich aus der Verwendung dieser Zahlungskarte ergeben, es sei denn, wir sind der Ansicht, dass Sie betr\u00fcgerisch gehandelt haben.<\/p>\n<p><strong>6. R\u00fcckbuchungen<\/strong><br \/>\nWenn Sie sich entscheiden, Ihr OKTO E-Geldb\u00f6rse mit Guthaben mit Kredit- oder Debitkarte (die das Recht auf R\u00fcckbuchung haben) aufzuladen, erkl\u00e4ren Sie, dass Sie das Recht auf R\u00fcckbuchung nur f\u00fcr die unbefugte Nutzung der Auflademethode oder f\u00fcr einen Versto\u00df gegen die H\u00e4ndler- oder Verbraucherbedingungen durch einen unserer Vertreter aus\u00fcben werden, der Sie zu einer R\u00fcckerstattung des Aufladebetrags berechtigen w\u00fcrde. Sie d\u00fcrfen keine Aufladetransaktionen r\u00fcckbelasten oder einen R\u00fcckbuchung von Aufladetransaktionen aus Gr\u00fcnden zulassen, f\u00fcr die wir nicht verantwortlich sind. Wir behalten uns das Recht vor, Ihnen Geb\u00fchren und Auslagen in Rechnung zu stellen (wie im Abschnitt Geb\u00fchrenordnung auf der OKTO-Website dargestellt), die uns im Zusammenhang mit eines solchen R\u00fcckbuchung und allen Ma\u00dfnahmen zur Anfechtung dieses R\u00fcckbuchung entstehen k\u00f6nnen.<\/p>\n<p>Wenn ein R\u00fcckbuchung oder eine Stornierung einer Aufladetransaktion zu einem negativen Saldo in Ihrem OKTO E-Geldb\u00f6rse-Konto f\u00fchrt, w\u00fcrden wir erwarten, dass Sie Ihr Konto mit dem entsprechenden Betrag (oder mehr) aufladen, damit der negative Saldo behoben wird. Wenn Sie dies nicht innerhalb von f\u00fcnf (5)\u00a0Arbeitstagen tun, wird dies als Versto\u00df gegen die PSU-Bedingungen (oder gegebenenfalls die H\u00e4ndlerbedingungen) angesehen. Wir werden den negativen Saldo nicht mitteilen und seine R\u00fcckzahlung w\u00fcrde innerhalb des in diesem Abschnitt angegebenen Zeitraums erwartet. Wir behalten uns das Recht vor, Ihnen jederzeit Mahnungen zuzusenden oder andere Abhilfema\u00dfnahmen zu ergreifen, einschlie\u00dflich der gerichtlichen Verfolgung der Forderung, wenn Sie die R\u00fcckzahlung nicht innerhalb des geltenden Zeitrahmens beheben oder wenig Interesse daran zeigen. Wir behalten uns das Recht vor, Ihnen die Kosten in Rechnung zu stellen, die uns im Zusammenhang mit solchen Abhilfema\u00dfnahmen angemessenerweise entstehen.<\/p>\n<p><strong>Sie d\u00fcrfen kein Aufladen \u00fcber eine Zahlungsmethode vornehmen, bei der Sie nicht der genannte Inhaber sind.<\/strong>\u00a0Ein solcher Versuch wird von Sureswipe als betr\u00fcgerische Handlung angesehen. Unbeschadet der Geltendmachung weiterer Sch\u00e4den als Folge einer solchen betr\u00fcgerischen Handlung k\u00f6nnen wir eine Verwaltungsgeb\u00fchr in H\u00f6he von 20 \u20ac (oder 20 GBP f\u00fcr das Vereinigte K\u00f6nigreich)\u00a0pro Aufstockungsr\u00fcckgabe erheben, wenn eine solche R\u00fcckgabe erfolgt.<\/p>\n<p><strong>7. Verschiedenes<\/strong><br \/>\nDiese Erstattungsrichtlinie wird von Zeit zu Zeit ge\u00e4ndert, wenn sich die Gesetzgebung \u00e4ndert. Im Falle von \u00c4nderungen aufgrund von regulatorischen \u00c4nderungen werden wir Sie entsprechend informieren. Die \u00c4nderungen gelten zwei (2)\u00a0Monate nach unserer K\u00fcndigung.<\/p>\n<p>Falls Sie die \u00fcberarbeiteten R\u00fcckerstattungs- und R\u00fcckgaberichtlinien nicht akzeptieren m\u00f6chten, sollten Sie die OKTO-Dienste nicht weiter nutzen. Wenn Sie die OKTO-Dienste nach dem Datum, an dem die \u00c4nderung in Kraft tritt, weiterhin nutzen, wird davon ausgegangen, dass Sie die \u00c4nderungen akzeptiert haben und an die neue R\u00fcckerstattungsrichtlinie und die R\u00fcckgabe gebunden sind.<\/p>\n<p><strong>Aktualisiert am: 26.09.2023<\/strong><\/p>\n","protected":false},"excerpt":{"rendered":"<p>1. Hintergrund Diese Website www.oktowallet.eu (\u201eWebsite\u201c) wird rechtm\u00e4\u00dfig von OKTOPAY Limited betrieben, einem in Zypern unter der Firmennummer HE400907 eingetragenen Unternehmen mit Sitz in 16, John Kennedy Ave, 2nd Floor, NIVIAN COURT, 1087, Nikosia, Zypern (im Folgenden als \u201ewir\u201c, \u201eunser\u201c, \u201euns\u201c bezeichnet) und darf nur zu Informationszwecken verwendet werden. 2. Definitionen Arbeitstag:bezeichnet jeden offiziellen Arbeitstag [&hellip;]<\/p>\n","protected":false},"author":2,"featured_media":0,"parent":0,"menu_order":0,"comment_status":"closed","ping_status":"closed","template":"","meta":{"_acf_changed":false},"class_list":["post-25417","page","type-page","status-publish","hentry"],"acf":[],"_links":{"self":[{"href":"https:\/\/www.oktowallet.eu\/de\/wp-json\/wp\/v2\/pages\/25417","targetHints":{"allow":["GET"]}}],"collection":[{"href":"https:\/\/www.oktowallet.eu\/de\/wp-json\/wp\/v2\/pages"}],"about":[{"href":"https:\/\/www.oktowallet.eu\/de\/wp-json\/wp\/v2\/types\/page"}],"author":[{"embeddable":true,"href":"https:\/\/www.oktowallet.eu\/de\/wp-json\/wp\/v2\/users\/2"}],"replies":[{"embeddable":true,"href":"https:\/\/www.oktowallet.eu\/de\/wp-json\/wp\/v2\/comments?post=25417"}],"version-history":[{"count":0,"href":"https:\/\/www.oktowallet.eu\/de\/wp-json\/wp\/v2\/pages\/25417\/revisions"}],"wp:attachment":[{"href":"https:\/\/www.oktowallet.eu\/de\/wp-json\/wp\/v2\/media?parent=25417"}],"curies":[{"name":"wp","href":"https:\/\/api.w.org\/{rel}","templated":true}]}}