{"id":25412,"date":"2020-01-21T11:45:20","date_gmt":"2020-01-21T09:45:20","guid":{"rendered":"http:\/\/www.oktowallet.eu\/?page_id=25412"},"modified":"2024-12-17T12:20:44","modified_gmt":"2024-12-17T10:20:44","slug":"richtlinie-zur-akzeptablen-nutzung","status":"publish","type":"page","link":"https:\/\/www.oktowallet.eu\/de\/richtlinie-zur-akzeptablen-nutzung\/","title":{"rendered":"Richtlinie zur akzeptablen Nutzung"},"content":{"rendered":"<p>Als Kunde erkl\u00e4ren Sie sich damit einverstanden, in einer Weise zu handeln, die den Bedingungen der Vereinbarung entspricht, die Sie mit Sureswipe und\/oder seinen registrierten E-Geld-Vertriebspartnern (sofern verf\u00fcgbar) abschlie\u00dfen, n\u00e4mlich OKTOPAY LIMITED, <span data-teams=\"true\">16, John Kennedy Ave, 2nd Floor, NIVIAN COURT, 1087<\/span>, Nikosia, Zypern (f\u00fcr die EU \u2013 mit Ausnahme der nachfolgend genannten spezifischen EU-Gebiete), Netlink SMSA, 10-12, Dorilaiou Str., 11521, Athen Griechenland, f\u00fcr Griechenland und OKTOPAY Deutschland GMBH, Am Zirkus 2, Berlin, Deutschland, 10117, f\u00fcr Deutschland (im Folgenden als \u201eOKTO\u201c bezeichnet), und Sie erkennen auch an und stimmen zu, dass es in Ihrer alleinigen Verantwortung liegt, alle geltenden Gesetze bei der Nutzung der OKTO-Dienste einzuhalten, unabh\u00e4ngig von den Gr\u00fcnden f\u00fcr die Nutzung dieser Dienste. Sie erkl\u00e4ren sich ferner damit einverstanden, dass Sie diese Nutzungsbedingungen einhalten m\u00fcssen.<\/p>\n<p><strong>Verbotene Aktivit\u00e4ten<\/strong><br \/>\nSureswipe erlaubt es nicht, und Sie erkl\u00e4ren sich damit einverstanden, die OKTO-Dienste nicht f\u00fcr Aktivit\u00e4ten zu nutzen, die gegen Gesetze, Vorschriften, Richtlinien, Gesetze und Verordnungen versto\u00dfen. Sureswipe verbietet auch die Nutzung seiner Dienste f\u00fcr Transaktionen, die sich auf die folgende Liste von Elementen beziehen, die in der folgenden Tabelle beschrieben sind:<\/p>\n<p><strong>VERBOTENE ARTIKEL\/DIENSTLEISTUNGEN TRANSAKTIONSLISTE<\/strong><br \/>\n1. Diebesgut<br \/>\n2. Bet\u00e4ubungsmittel und Drogenutensilien<br \/>\n3. Steroide, kontrollierte Substanzen und andere Produkte, die eine Bedrohung f\u00fcr die Verbrauchersicherheit darstellen<br \/>\n4. Zigaretten<br \/>\n5. Jedes Element, das ein Patent verletzt oder eine Marke, ein Urheberrecht, ein Recht auf \u00d6ffentlichkeit oder Privatsph\u00e4re und ein anderes Eigentumsrecht nach dem Recht einer Gerichtsbarkeit<br \/>\nverletzt 6. Sexuell orientiertes Material oder Dienstleistungen, die beleidigender Natur sind<br \/>\n7. Waffen oder Messer, die unter Gerichtsbarkeitsgesetzen, Embargos und anderen internationalen Export-\/Importkontrollen geregelt sind. Auch Feuerwaffen, Munition und anderes Feuerwaffenzubeh\u00f6r, das gesetzlich verboten sein kann<br \/>\n8. Alle Gegenst\u00e4nde, die Personen zur Teilnahme an illegalen Aktivit\u00e4ten bef\u00e4higen, bef\u00e4higen oder unterrichten<br \/>\n9. Alles, was rassistische Intoleranz, Hass und Gewalt f\u00f6rdert<br \/>\n10. Alles, was finanzielle Gewinne aus einer Straftat erm\u00f6glicht<br \/>\n11. Unterst\u00fctzung von Schneeballsystemen und anderen solchen Systemen, die schnelle Gewinne und erheblichen Wohlstand versprechen<br \/>\n12. Bestimmte mehrstufige Marketingprogramme<br \/>\n13. Zahlungsanweisungen und Verkauf von Reiseschecks<br \/>\n14. Alles, was mit Korruption und Bestechung zu tun hat<br \/>\n15. Lotterievertr\u00e4ge und -renten<\/p>\n<p>Sureswipe hat gem\u00e4\u00df den OKTO-Verbraucherbedingungen das Recht, jede Transaktion zu verbieten, die es als potenziell betr\u00fcgerisch, illegal oder illegal erachtet.<\/p>\n<p><strong>Genehmigungspflichtige Aktivit\u00e4ten<\/strong><br \/>\nBestimmte Dienstleistungen sind m\u00f6glicherweise nicht verboten, erfordern jedoch aufgrund ihres h\u00f6heren Risikos die Zustimmung von Sureswipe, bevor Sureswipe Zahlungstransaktionen akzeptiert, die sich auf solche Dienstleistungen beziehen. Die Liste dieser Dienste finden Sie in der folgenden Tabelle.<\/p>\n<p>1. Sammlung von Spenden von Wohlt\u00e4tigkeitsorganisationen oder anderen gemeinn\u00fctzigen Organisationen<br \/>\n2. Verkauf von Alkohol und anderen Tabakerzeugnissen als Zigaretten<br \/>\n3. E-Zigaretten<br \/>\n4. Verschreibungspflichtige Medikamente und pers\u00f6nliche Medizinprodukte<br \/>\n5. Verkauf von Schmuck oder Handel mit Edelsteinen und Edelmetallen<br \/>\n6. Verkauf gespeicherter Wertkarten und Gutscheine<br \/>\n7. Erbringung von Treuhand- und Begleitdiensten<br \/>\n8. Verkauf von \u00fcbertragbaren Wertpapieren (einschlie\u00dflich Devisenkontrakten) und anderen Anlageinstrumenten einschlie\u00dflich Beteiligungen an privaten Unternehmen oder Immobilien<br \/>\n9. Crowdfunding-Investitionen<br \/>\n10. Dateifreigabe und Peer-to-Peer-\u00dcbertragungen<br \/>\n11. Newsgroups-Zugriff<br \/>\n12. Fluggesellschaft und gecharterter Flug \/ Firmenjet (planm\u00e4\u00dfig oder au\u00dferplanm\u00e4\u00dfig) oder jede andere Art von Nichtfrachtflugaktivit\u00e4ten<\/p>\n<p>Bericht \u00fcber Verst\u00f6\u00dfe und Anfragen<br \/>\nSureswipe ermutigt seine Kunden, m\u00f6gliche Verst\u00f6\u00dfe gegen diese Richtlinie unverz\u00fcglich zu melden. F\u00fcr eine solche Meldung und um eine andere Compliance-spezifische Anfrage an Sureswipe zu senden, senden Sie bitte eine E-Mail an <span style=\"color: #0000ff;\"><a style=\"color: #0000ff;\" href=\"mailto:compliance@oktopayments.com\">compliance@oktopayments.com<\/a><\/span>.<\/p>\n<p>Aktualisiert am 26.09.2023<\/p>\n","protected":false},"excerpt":{"rendered":"<p>Als Kunde erkl\u00e4ren Sie sich damit einverstanden, in einer Weise zu handeln, die den Bedingungen der Vereinbarung entspricht, die Sie mit Sureswipe und\/oder seinen registrierten E-Geld-Vertriebspartnern (sofern verf\u00fcgbar) abschlie\u00dfen, n\u00e4mlich OKTOPAY LIMITED, 16, John Kennedy Ave, 2nd Floor, NIVIAN COURT, 1087, Nikosia, Zypern (f\u00fcr die EU \u2013 mit Ausnahme der nachfolgend genannten spezifischen EU-Gebiete), Netlink [&hellip;]<\/p>\n","protected":false},"author":2,"featured_media":0,"parent":0,"menu_order":104,"comment_status":"closed","ping_status":"closed","template":"","meta":{"_acf_changed":false},"class_list":["post-25412","page","type-page","status-publish","hentry"],"acf":[],"_links":{"self":[{"href":"https:\/\/www.oktowallet.eu\/de\/wp-json\/wp\/v2\/pages\/25412","targetHints":{"allow":["GET"]}}],"collection":[{"href":"https:\/\/www.oktowallet.eu\/de\/wp-json\/wp\/v2\/pages"}],"about":[{"href":"https:\/\/www.oktowallet.eu\/de\/wp-json\/wp\/v2\/types\/page"}],"author":[{"embeddable":true,"href":"https:\/\/www.oktowallet.eu\/de\/wp-json\/wp\/v2\/users\/2"}],"replies":[{"embeddable":true,"href":"https:\/\/www.oktowallet.eu\/de\/wp-json\/wp\/v2\/comments?post=25412"}],"version-history":[{"count":0,"href":"https:\/\/www.oktowallet.eu\/de\/wp-json\/wp\/v2\/pages\/25412\/revisions"}],"wp:attachment":[{"href":"https:\/\/www.oktowallet.eu\/de\/wp-json\/wp\/v2\/media?parent=25412"}],"curies":[{"name":"wp","href":"https:\/\/api.w.org\/{rel}","templated":true}]}}