{"id":24323,"date":"2022-03-17T18:19:17","date_gmt":"2022-03-17T16:19:17","guid":{"rendered":"http:\/\/www.oktowallet.eu\/?page_id=24323"},"modified":"2023-12-06T19:25:49","modified_gmt":"2023-12-06T17:25:49","slug":"cookie-richtlinie","status":"publish","type":"page","link":"https:\/\/www.oktowallet.eu\/de\/cookie-richtlinie\/","title":{"rendered":"Cookie-Richtlinie"},"content":{"rendered":"<h3>OKTO COOKIE-RICHTLINIE<\/h3>\n<p>&nbsp;<\/p>\n<p><strong>Warum sollten Sie diese Cookie-Richtlinie lesen?<\/strong><\/p>\n<p>In dieser Cookie-Richtlinie wird erl\u00e4utert, wie OKTO (\u201ewir\u201c, \u201euns\u201c, \u201eunser\u201c) Cookies, Web Beacons, Z\u00e4hlpixel, Clear Gifs und andere \u00e4hnliche Tracking-Technologien (zusammenfassend \u201eCookies\u201c) verwendet, wenn Sie Websites besuchen, die OKTO geh\u00f6ren und\/oder von OKTO betrieben werden und die auf diese Cookie-Richtlinie verweisen (zusammenfassend \u201eWebsites\u201c). Sie erkl\u00e4rt, was diese Technologien sind und warum wir sie verwenden, und wie Sie unsere Nutzung kontrollieren k\u00f6nnen.<\/p>\n<p>Diese Cookie-Richtlinie ist Teil unserer\u00a0<span style=\"color: #0000ff;\"><a style=\"color: #0000ff;\" href=\"http:\/\/www.oktowallet.eu\/de\/okto-privacy-policy\/\">Datenschutzrichtlinie<\/a><\/span>, in der dargelegt wird, wie und warum wir personenbezogene Daten im Allgemeinen erheben, speichern, nutzen und weitergeben, sowie Ihre Rechte in Bezug auf Ihre personenbezogenen Daten. Bitte lesen Sie unsere Datenschutzrichtlinie f\u00fcr weitere Informationen.<\/p>\n<p>Durch die Nutzung der Websites erkl\u00e4ren Sie sich damit einverstanden, dass wir die f\u00fcr den Betrieb und die Verwaltung der Websites unbedingt erforderlichen Cookies (siehe unten) auf Ihrem Computer oder einem anderen Ger\u00e4t speichern d\u00fcrfen. Dar\u00fcber hinaus k\u00f6nnen wir mit Ihrer Zustimmung auch bestimmte Cookies setzen, die nicht unbedingt erforderlich sind (siehe unten).<\/p>\n<p><strong>Was sind Cookies?<\/strong><\/p>\n<p>Ein Cookie ist eine kleine Information (Textdatei), die Websites auf Ihrem Computer, Mobiltelefon oder einem anderen Ger\u00e4t, das auf das Internet zugreifen kann, ablegen und speichern, wenn Sie eine Website besuchen. Wenn Sie das n\u00e4chste Mal eine Website besuchen, erm\u00f6glichen Cookies dieser Website, Ihren Browser zu erkennen. Cookies k\u00f6nnen Benutzerpr\u00e4ferenzen speichern und auch verwendet werden, um Statistiken \u00fcber die Nutzung einer Website durch die Benutzer zu erheben oder um sicherzustellen, dass bestimmte grafische Elemente korrekt angezeigt werden und alle Funktionen der Website ordnungsgem\u00e4\u00df funktionieren. Weitere allgemeine Informationen \u00fcber Cookies finden Sie in dem Wikipedia-Artikel \u00fcber HTTP-Cookies.<\/p>\n<p><strong>Wozu verwendet OKTO-Cookies?<\/strong><\/p>\n<p>Wir verwenden Cookies aus einer Vielzahl von Gr\u00fcnden. Einige Cookies werden aus technischen Gr\u00fcnden f\u00fcr den Betrieb unserer Dienste ben\u00f6tigt, und wir bezeichnen diese als \u201eunbedingt notwendige\u201c Cookies. Andere Cookies helfen uns, Ihnen bessere Websites zu bieten, indem sie uns erm\u00f6glichen, die Seiten zu \u00fcberwachen, die Sie n\u00fctzlich finden, und unsere Websites auf Ihre Bed\u00fcrfnisse zuzuschneiden, indem wir Informationen \u00fcber Ihre Pr\u00e4ferenzen erheben und speichern. Wir k\u00f6nnen Cookies auch verwenden, um Statistiken und Publikumsmessungen \u00fcber die Nutzung unserer Website zu erstellen und die Sicherheit unserer Dienste zu verwalten, indem wir jeden Versuch der B\u00f6swilligkeit, des Eindringens in den Computer oder der Verletzung der allgemeinen Nutzungsbedingungen aufdecken\/verfolgen.<\/p>\n<p><strong>Welche Arten von Cookies verwenden wir?<\/strong><\/p>\n<p><strong>1. Unbedingt Erforderliche Cookies<\/strong><\/p>\n<p>Diese Cookies sind notwendig, um das ordnungsgem\u00e4\u00dfe Funktionieren der Websites zu gew\u00e4hrleisten. Sie werden in der Regel nur als Reaktion auf von Ihnen durchgef\u00fchrte Aktionen festgelegt, die einer Anforderung von Diensten entsprechen, z. B. Festlegen Ihrer Datenschutzeinstellungen. Die durch diese Cookies erhobene Informationen werden nicht f\u00fcr Marketingzwecke verwendet. Da diese Cookies f\u00fcr die Funktionalit\u00e4t unserer Websites notwendig sind, k\u00f6nnen sie nicht abgeschaltet werden. Sie k\u00f6nnen Ihren Browser so einstellen, dass er diese Cookies blockiert oder Sie darauf hinweist (weitere Informationen finden Sie weiter unten unter \u201eWie kann man Cookies kontrollieren oder l\u00f6schen?\u201c).<\/p>\n<p><strong>2. Performance\/Analytik-Cookies<\/strong><\/p>\n<p>Wir verwenden Performance-Cookies, um zu verfolgen, wie Sie die Websites w\u00e4hrend Ihres Besuchs nutzen, ohne personenbezogenen Daten \u00fcber Sie zu erheben, um Ihnen ein besseres Nutzererlebnis zu bieten und die Websites zu warten, zu betreiben und kontinuierlich zu verbessern. Diese Informationen sind in der Regel anonym und werden mit den Informationen aller Website-Benutzer zusammengef\u00fchrt, um den Unternehmen zu helfen, die Nutzungsmuster der Besucher zu verstehen, Probleme oder Fehler zu erkennen und zu diagnostizieren, auf die ihre Benutzer sto\u00dfen k\u00f6nnten, und um bessere strategische Entscheidungen zur Verbesserung der allgemeinen Website-Erfahrung ihrer Zielgruppe zu treffen. Diese Cookies k\u00f6nnen von der Website, die Sie besuchen (Erstanbieter) oder von Drittanbietern gesetzt werden.<\/p>\n<p><strong>3. Marketing-Cookies<\/strong><\/p>\n<p>Wir verwenden Marketing-Cookies, die es uns erm\u00f6glichen, Besuchern von Websites Dritter Werbebotschaften zukommen zu lassen und die Wirksamkeit unserer Marketinginitiativen zu messen.<\/p>\n<p><strong>Cookies, die von unseren Drittdienstleistern gesetzt werden:<\/strong><\/p>\n<p>1. Wir verwenden Google Analytics. Google Analytics sammelt mit Hilfe von Cookies Informationen \u00fcber die Nutzung unserer Websites. Sie k\u00f6nnen mehr \u00fcber die Verwendung von Informationen durch Google erfahren, indem Sie <span style=\"color: #0000ff;\"><a style=\"color: #0000ff;\" href=\"https:\/\/www.google.com\/policies\/privacy\/partners\/\">https:\/\/www.google.com\/policies\/privacy\/partners\/<\/a><\/span>\u00a0besuchen. Sie k\u00f6nnen die Datenschutzbestimmungen von Google unter\u00a0<span style=\"color: #0000ff;\"><a style=\"color: #0000ff;\" href=\"https:\/\/policies.google.com\/privacy\">https:\/\/policies.google.com\/privacy<\/a><\/span>.<\/p>\n<p>2. Um Ihre Interessen zu ermitteln, verwenden Google und Google AdSense Cookies auf unseren Websites. Diese Cookies werden verwendet, um Ihre fr\u00fcheren Besuche auf unseren Websites und Ihre Besuche auf anderen Websites zu verfolgen. Sie k\u00f6nnen die Datenschutzrichtlinie von Google unter <span style=\"color: #0000ff;\"><a style=\"color: #0000ff;\" href=\"https:\/\/policies.google.com\/privacy\">https:\/\/policies.google.com\/privacy einsehen<\/a><\/span>.<\/p>\n<p>3. Wir verwenden auf unseren Websites auch Cookies von Facebook und LinkedIn, durch die Facebook und LinkedIn Informationen \u00fcber die Nutzer und die Nutzung unserer Websites erheben. Die Informationen werden zur Personalisierung von Facebook- und\/oder LinkedIn-Werbung und zur Analyse der Nutzung unserer Websites verwendet. Weitere Informationen zu den Cookies von Facebook und LinkedIn finden Sie in den Datenschutzbestimmungen von Facebook unter <span style=\"color: #0000ff;\"><a style=\"color: #0000ff;\" href=\"https:\/\/www.facebook.com\/about\/privacy\">https:\/\/www.facebook.com\/about\/privacy<\/a><\/span>\u00a0und in den Datenschutzbestimmungen von LinkedIn unter\u00a0<span style=\"color: #0000ff;\"><a style=\"color: #0000ff;\" href=\"https:\/\/www.linkedin.com\/legal\/privacy-policy\">https:\/\/www.linkedin.com\/legal\/privacy-policy<\/a><\/span>.<\/p>\n<p>4. Wir verwenden auf unserer Website Hotjar-Cookies, die uns helfen, Ihr Verhalten auf unseren Websites zu verstehen. In der Datenschutzerkl\u00e4rung von Hotjar erfahren Sie mehr dar\u00fcber, wie diese Cookies erhoben und gespeichert werden: <span style=\"color: #0000ff;\"><a style=\"color: #0000ff;\" href=\"https:\/\/www.hotjar.com\/privacy\/\">https:\/\/www.hotjar.com\/privacy\/<\/a><\/span>.<\/p>\n<p><strong>Wie kann man Cookies kontrollieren oder l\u00f6schen?<\/strong><\/p>\n<p><strong>1. Cookie-Pr\u00e4ferenz<\/strong><\/p>\n<p>Sie k\u00f6nnen entscheiden, ob Sie Cookies akzeptieren oder ablehnen m\u00f6chten, sofern es sich nicht um unbedingt erforderliche Cookies handelt. Sie k\u00f6nnen Ihre Cookie-Pr\u00e4ferenzen vornehmen, indem Sie auf die \u201eCookie-Einstellungen\u201c auf unserem Cookie-Banner klicken.<\/p>\n<p><strong>2. Browser-Steuerelemente:<\/strong><\/p>\n<p>Sie k\u00f6nnen die Einstellungen Ihres Browsers so \u00e4ndern, dass bereits gesetzte Cookies gel\u00f6scht und Cookies nicht akzeptiert werden. Um mehr dar\u00fcber zu erfahren, wie Sie dies tun k\u00f6nnen, besuchen Sie die Hilfeseiten Ihres Browsers:<\/p>\n<ul>\n<li>Chrome (<span style=\"color: #0000ff;\"><a style=\"color: #0000ff;\" href=\"https:\/\/support.google.com\/chrome\/answer\/95647?hl=de\">https:\/\/support.google.com\/chrome\/answer\/95647?hl=de<\/a><\/span>);<\/li>\n<li>Firefox (<span style=\"color: #0000ff;\"><a style=\"color: #0000ff;\" href=\"https:\/\/support.mozilla.org\/de\/kb\/cookies-informationen-websites-auf-ihrem-computer\">https:\/\/support.mozilla.org\/de\/kb\/cookies-informationen-websites-auf-ihrem-computer<\/a><\/span>);<\/li>\n<li>Internet Explorer (<span style=\"color: #0000ff;\"><a style=\"color: #0000ff;\" href=\"https:\/\/support.microsoft.com\/de-de\/windows\/l%C3%B6schen-und-verwalten-von-cookies-168dab11-0753-043d-7c16-ede5947fc64d%23#ie=ie-11\">https:\/\/support.microsoft.com\/de-de\/windows\/l%C3%B6schen-und-verwalten-von-cookies-168dab11-0753-043d-7c16-ede5947fc64d#ie=ie-11<\/a><\/span>);<\/li>\n<li>Opera (<span style=\"color: #0000ff;\"><a style=\"color: #0000ff;\" href=\"https:\/\/help.opera.com\/de\/latest\/web-preferences\/\">https:\/\/help.opera.com\/de\/latest\/web-preferences\/<\/a><\/span>);<\/li>\n<li>Edge (<span style=\"color: #0000ff;\"><a style=\"color: #0000ff;\" href=\"https:\/\/support.microsoft.com\/de-de\/windows\/microsoft-edge-browserdaten-und-datenschutz-bb8174ba-9d73-dcf2-9b4a-c582b4e640dd\">https:\/\/support.microsoft.com\/de-de\/windows\/microsoft-edge-browserdaten-und-datenschutz-bb8174ba-9d73-dcf2-9b4a-c582b4e640dd<\/a><\/span>);<\/li>\n<li>Safari (<span style=\"color: #0000ff;\"><a style=\"color: #0000ff;\" href=\"https:\/\/support.apple.com\/de-de\/guide\/safari\/sfri11471\/mac\">https:\/\/support.apple.com\/de-de\/guide\/safari\/sfri11471\/mac<\/a><\/span>).<\/li>\n<\/ul>\n<p>Wenn Sie ein oder mehrere Cookies deaktiviert haben, k\u00f6nnen wir weiterhin Informationen verwenden, die vor der \u00c4nderung Ihrer Pr\u00e4ferenzen von Cookies erhoben wurden. Wir werden jedoch das deaktivierte Cookie nicht mehr verwenden, um weitere Informationen zu erheben.<\/p>\n<p><strong>Aktualisierungen dieser Cookie-Richtlinie<\/strong><\/p>\n<p>Diese Cookie-Richtlinie kann regelm\u00e4\u00dfig aktualisiert werden. Falls erforderlich, werden wir Sie bei Ihrem n\u00e4chsten Besuch der Websites auf die \u00c4nderungen aufmerksam machen.<\/p>\n<p>Wir empfehlen Ihnen, immer wieder hier vorbeizuschauen, um sich \u00fcber die neueste Version dieser Cookie-Richtlinie zu informieren.<\/p>\n<p><strong>Liste der Cookies<\/strong><\/p>\n<p>Nachstehend finden Sie eine unverbindliche und nicht ersch\u00f6pfende Liste der von uns verwendeten Cookies. Sie k\u00f6nnen die Cookies auch \u00fcberpr\u00fcfen und Ihre Cookie-Pr\u00e4ferenzen vornehmen, indem Sie auf die \u201eCookie-Einstellungen\u201c auf unserem Cookie-Banner klicken, wenn Sie unsere Websites besuchen.<\/p>\n\n<table id=\"tablepress-80\" class=\"tablepress tablepress-id-80\">\n<thead>\n<tr class=\"row-1\">\n\t<th class=\"column-1\">Cookie<\/th><th class=\"column-2\">Zweck<\/th><th class=\"column-3\">Verfallsdatum<\/th><th class=\"column-4\">Kategorie<\/th>\n<\/tr>\n<\/thead>\n<tbody class=\"row-striping row-hover\">\n<tr class=\"row-2\">\n\t<td class=\"column-1\">Google Analytics (_ga)<\/td><td class=\"column-2\">Dieses Cookie wird verwendet, um Nutzer auf<br>den Websites zu unterscheiden und statistische<br>Informationen \u00fcber ihre Nutzung der Websites zu<br>generieren. Dies hilft, die Websites zu verbessern.<\/td><td class=\"column-3\">2 Jahre<\/td><td class=\"column-4\">Analitik<\/td>\n<\/tr>\n<tr class=\"row-3\">\n\t<td class=\"column-1\">Google Analytics (_gat)<\/td><td class=\"column-2\">Dieses Cookie wird verwendet, um die<br>Anforderungsrate zu drosseln.<\/td><td class=\"column-3\">1 Minute<\/td><td class=\"column-4\">Analitik<\/td>\n<\/tr>\n<tr class=\"row-4\">\n\t<td class=\"column-1\">Google Analytics (_gid)<\/td><td class=\"column-2\">Dieses Cookie wird verwendet, um Nutzer zu<br>unterscheiden.<\/td><td class=\"column-3\">24 Stunden<\/td><td class=\"column-4\">Analitik<\/td>\n<\/tr>\n<tr class=\"row-5\">\n\t<td class=\"column-1\">Google Adsense<br>(_ga_<container-id>)<\/td><td class=\"column-2\">Dieses Cookie wird verwendet, um den<br>Sitzungsstatus beizubehalten.<\/td><td class=\"column-3\">2 Jahre<\/td><td class=\"column-4\">Marketing<\/td>\n<\/tr>\n<tr class=\"row-6\">\n\t<td class=\"column-1\">Google Adsense (_gcl_au)<\/td><td class=\"column-2\">Dieses Cookie wird verwendet, um Konversionen<br>zu speichern und zu verfolgen<\/td><td class=\"column-3\">24 Stunden<\/td><td class=\"column-4\">Marketing<\/td>\n<\/tr>\n<tr class=\"row-7\">\n\t<td class=\"column-1\">Hotjar<br>(_hjAbsoluteSessionInProgress)<\/td><td class=\"column-2\">Dieses Cookie wird verwendet, um den ersten<br>Seitenaufruf eines Nutzers zu erkennen.<br>Dies ist ein Wahr\/Falsch-Flag, das vom Cookie<br>gesetzt wird.<\/td><td class=\"column-3\">30 Minuten<\/td><td class=\"column-4\">Analitik<\/td>\n<\/tr>\n<tr class=\"row-8\">\n\t<td class=\"column-1\">Hotjar (_hjFirstSeen)<\/td><td class=\"column-2\">Dies wird gesetzt, um die erste Sitzung eines<br>neuen Benutzers zu erkennen. Es speichert einen<br>Wahr\/Falsch-Wert, der angibt, ob Hotjar diesen<br>Benutzer zum ersten Mal gesehen hat. Es wird<br>von Aufzeichnungsfiltern verwendet, um neue<br>Benutzersitzungen zu identifizieren.<\/td><td class=\"column-3\">1 Stunde<\/td><td class=\"column-4\">Analitik<\/td>\n<\/tr>\n<tr class=\"row-9\">\n\t<td class=\"column-1\">Hotjar<br>(_hjIncludedInPageviewSample)<\/td><td class=\"column-2\">Dieses Cookie ist so eingestellt, dass Hotjar<br>wei\u00df, ob dieser Benutzer in die Datenabtastung<br>einbezogen ist, die durch Ihr Seitenaufruflimit<br>definiert ist.<\/td><td class=\"column-3\">30 Minuten<\/td><td class=\"column-4\">Analitik<\/td>\n<\/tr>\n<tr class=\"row-10\">\n\t<td class=\"column-1\">Hotjar<br>(_hjSessionUser_<user-id>)<\/td><td class=\"column-2\">Dieses Cookie wird gesetzt, wenn ein Benutzer<br>zum ersten Mal auf der Website landet. Es stellt<br>sicher, dass die Daten von nachfolgenden Besuchen<br>derselben Website demselben Nutzer zugeordnet<br>werden.<\/td><td class=\"column-3\">1 Jahr<\/td><td class=\"column-4\">Analitik<\/td>\n<\/tr>\n<tr class=\"row-11\">\n\t<td class=\"column-1\">Hotjar<br>(_hjSession_<user-id>)<\/td><td class=\"column-2\">Dieses Cookie wird verwendet, um die aktuellen<br>Sitzungsdaten zu speichern und sicherzustellen,<br>dass nachfolgende Anfragen im Sitzungsfenster der<br>gleichen Sitzung zugeordnet werden.<\/td><td class=\"column-3\">30 Minuten<\/td><td class=\"column-4\">Analitik<\/td>\n<\/tr>\n<tr class=\"row-12\">\n\t<td class=\"column-1\">Facebook (_fbp)<\/td><td class=\"column-2\">Dieses Cookie wird verwendet, um Besuche auf<br>verschiedenen Websites zu speichern und<br>zu verfolgen.<\/td><td class=\"column-3\">3 Monate<\/td><td class=\"column-4\">Marketing<\/td>\n<\/tr>\n<tr class=\"row-13\">\n\t<td class=\"column-1\">Facebook (datr)<\/td><td class=\"column-2\">Dieses Cookie wird verwendet, um Betrug<br>zu verhindern.<\/td><td class=\"column-3\">2 Jahre<\/td><td class=\"column-4\">Marketing<\/td>\n<\/tr>\n<tr class=\"row-14\">\n\t<td class=\"column-1\">Linkedin (lidc)<\/td><td class=\"column-2\">Dieses Cookie wird verwendet, um die Auswahl<br>des Datenzentrums zu erleichtern und um die<br>Nutzung der eingebetteten Dienste zu verfolgen.<\/td><td class=\"column-3\">24 Stunden<\/td><td class=\"column-4\">Marketing<\/td>\n<\/tr>\n<tr class=\"row-15\">\n\t<td class=\"column-1\">Linkedin (li_gc)<\/td><td class=\"column-2\">Dieses Cookie wird verwendet, um die Zustimmung<br>der G\u00e4ste zur Verwendung von Cookies f\u00fcr nicht<br>wesentliche Zwecke zu speichern.<\/td><td class=\"column-3\">2 Jahre<\/td><td class=\"column-4\">Marketing<\/td>\n<\/tr>\n<tr class=\"row-16\">\n\t<td class=\"column-1\">Linkedin (bcookie)<\/td><td class=\"column-2\">Dieses Cookie wird f\u00fcr die Verfolgung der<br>Nutzung von eingebetteten Diensten verwendet.<\/td><td class=\"column-3\">2 Jahre<\/td><td class=\"column-4\">Marketing<\/td>\n<\/tr>\n<tr class=\"row-17\">\n\t<td class=\"column-1\">Linkedin (lang)<\/td><td class=\"column-2\">Dieses Cookie wird verwendet, um die<br>Spracheinstellung eines Benutzers zu speichern.<\/td><td class=\"column-3\">Sitzung<\/td><td class=\"column-4\">Marketing<\/td>\n<\/tr>\n<tr class=\"row-18\">\n\t<td class=\"column-1\">vg_gdpr<\/td><td class=\"column-2\">Cookies akzeptieren<\/td><td class=\"column-3\">Sitzung<\/td><td class=\"column-4\">Unbedingt erforderlich<\/td>\n<\/tr>\n<\/tbody>\n<\/table>\n\n","protected":false},"excerpt":{"rendered":"<p>OKTO COOKIE-RICHTLINIE &nbsp; Warum sollten Sie diese Cookie-Richtlinie lesen? In dieser Cookie-Richtlinie wird erl\u00e4utert, wie OKTO (\u201ewir\u201c, \u201euns\u201c, \u201eunser\u201c) Cookies, Web Beacons, Z\u00e4hlpixel, Clear Gifs und andere \u00e4hnliche Tracking-Technologien (zusammenfassend \u201eCookies\u201c) verwendet, wenn Sie Websites besuchen, die OKTO geh\u00f6ren und\/oder von OKTO betrieben werden und die auf diese Cookie-Richtlinie verweisen (zusammenfassend \u201eWebsites\u201c). Sie erkl\u00e4rt, was [&hellip;]<\/p>\n","protected":false},"author":2,"featured_media":0,"parent":0,"menu_order":0,"comment_status":"closed","ping_status":"closed","template":"","meta":{"_acf_changed":false},"class_list":["post-24323","page","type-page","status-publish","hentry"],"acf":[],"_links":{"self":[{"href":"https:\/\/www.oktowallet.eu\/de\/wp-json\/wp\/v2\/pages\/24323","targetHints":{"allow":["GET"]}}],"collection":[{"href":"https:\/\/www.oktowallet.eu\/de\/wp-json\/wp\/v2\/pages"}],"about":[{"href":"https:\/\/www.oktowallet.eu\/de\/wp-json\/wp\/v2\/types\/page"}],"author":[{"embeddable":true,"href":"https:\/\/www.oktowallet.eu\/de\/wp-json\/wp\/v2\/users\/2"}],"replies":[{"embeddable":true,"href":"https:\/\/www.oktowallet.eu\/de\/wp-json\/wp\/v2\/comments?post=24323"}],"version-history":[{"count":0,"href":"https:\/\/www.oktowallet.eu\/de\/wp-json\/wp\/v2\/pages\/24323\/revisions"}],"wp:attachment":[{"href":"https:\/\/www.oktowallet.eu\/de\/wp-json\/wp\/v2\/media?parent=24323"}],"curies":[{"name":"wp","href":"https:\/\/api.w.org\/{rel}","templated":true}]}}